{"id":7656,"date":"2024-01-09T15:28:56","date_gmt":"2024-01-09T12:28:56","guid":{"rendered":"https:\/\/ercagdis.com\/?page_id=7656"},"modified":"2024-01-09T15:50:56","modified_gmt":"2024-01-09T12:50:56","slug":"%d0%b1%d0%bb%d0%be%d0%b3-2","status":"publish","type":"page","link":"https:\/\/ercagdis.com\/ru\/%d0%b1%d0%bb%d0%be%d0%b3-2\/","title":{"rendered":"\u0431\u043b\u043e\u0433"},"content":{"rendered":"<section class=\"wpb-content-wrapper\"><div      class=\"vc_row wpb_row section vc_row-fluid\" style=' text-align:left;'><div class=\"full_section_inner clearfix\"><div class=\"wpb_column vc_column_container vc_col-sm-12\"><div class=\"vc_column-inner\"><div class=\"wpb_wrapper\"><div class='q_masonry_blog'><div class=\"q_masonry_blog_grid_sizer\"><\/div><div class=\"q_masonry_blog_grid_gutter\"><\/div><article  class='post-5299 post type-post status-publish format-standard has-post-thumbnail hentry category-dis-tedavisi tag-yirmi-yas-disi tag-yirmi-yas-disi-belirtileri tag-yirmi-yas-disi-nedir'><div class=\"q_masonry_blog_post_image\"><a itemprop=\"url\" href=\"https:\/\/ercagdis.com\/ru\/%d0%b4%d0%be-20-%d0%bb%d0%b5%d1%82\/\" target=\"_self\"><img decoding=\"async\" itemprop=\"image\" src=\"https:\/\/ercagdis.com\/wp-content\/uploads\/2018\/07\/yirmilik-dis.jpg\" alt=\"\" title=\"\"><\/a><\/div><div class=\"q_masonry_blog_post_text\"><h3 itemprop=\"name\" class=\"q_masonry_blog_title entry_title\"><a itemprop=\"url\" href=\"https:\/\/ercagdis.com\/ru\/%d0%b4%d0%be-20-%d0%bb%d0%b5%d1%82\/\">\u041c\u0443\u0434\u0440\u043e\u0441\u0442\u044c \u0436\u0435\u043d\u0441\u043a\u0430\u044f<\/a><\/h3><p itemprop=\"description\" class=\"q_masonry_blog_excerpt\">20 ya\u015f di\u015fleri, a\u011f\u0131zda en son \u00e7\u0131kan \u00fc\u00e7\u00fcnc\u00fc az\u0131 di\u015fleridir. Gene...<\/p><div class=\"q_masonry_blog_post_info\"><span itemprop=\"dateCreated\" class=\"time entry_date updated\">13 \u0438\u044e\u043b\u044f, 2018<meta itemprop=\"interactionCount\" content=\"UserComments: <?php echo get_comments_number(qode_get_page_id()); ?>\"\/><\/span> \/ <a itemprop=\"url\" class=\"post_comments\" href=\"https:\/\/ercagdis.com\/ru\/%d0%b4%d0%be-20-%d0%bb%d0%b5%d1%82\/#respond\">No comment<\/a><\/div><\/div><\/article><article  class='post-5671 post type-post status-publish format-standard has-post-thumbnail hentry category-genel tag-seffaf-aparey tag-seffaf-aparey-nedir tag-seffaf-aparey-tedavisi'><div class=\"q_masonry_blog_post_image\"><a itemprop=\"url\" href=\"https:\/\/ercagdis.com\/ru\/%d1%87%d0%b5%d1%82%d0%ba%d0%be%d0%b5-%d0%bb%d0%b5%d1%87%d0%b5%d0%bd%d0%b8%d0%b5-%d1%83%d1%81%d1%82%d1%80%d0%be%d0%b9%d1%81%d1%82%d0%b2%d0%b0-%d0%b7%d0%b0-5-%d0%b2%d0%be%d0%bf%d1%80%d0%be%d1%81%d0%be\/\" target=\"_self\"><img decoding=\"async\" itemprop=\"image\" src=\"https:\/\/ercagdis.com\/wp-content\/uploads\/2019\/01\/seffaf-aparey-1.jpg\" alt=\"\" title=\"\"><\/a><\/div><div class=\"q_masonry_blog_post_text\"><h3 itemprop=\"name\" class=\"q_masonry_blog_title entry_title\"><a itemprop=\"url\" href=\"https:\/\/ercagdis.com\/ru\/%d1%87%d0%b5%d1%82%d0%ba%d0%be%d0%b5-%d0%bb%d0%b5%d1%87%d0%b5%d0%bd%d0%b8%d0%b5-%d1%83%d1%81%d1%82%d1%80%d0%be%d0%b9%d1%81%d1%82%d0%b2%d0%b0-%d0%b7%d0%b0-5-%d0%b2%d0%be%d0%bf%d1%80%d0%be%d1%81%d0%be\/\">\u041f\u0440\u043e\u0437\u0440\u0430\u0447\u043d\u043e\u0435 \u043b\u0435\u0447\u0435\u043d\u0438\u0435 \u0431\u044b\u0442\u043e\u0432\u043e\u0439 \u0442\u0435\u0445\u043d\u0438\u043a\u0438 \u0437\u0430 5 \u0432\u043e\u043f\u0440\u043e\u0441\u043e\u0432<\/a><\/h3><p itemprop=\"description\" class=\"q_masonry_blog_excerpt\">\u0427\u0442\u043e \u0442\u0430\u043a\u043e\u0435 \u043f\u0440\u043e\u0437\u0440\u0430\u0447\u043d\u043e\u0435 \u0443\u0441\u0442\u0440\u043e\u0439\u0441\u0442\u0432\u043e? \u0418\u0441\u043a\u0440\u0438\u0432\u043b\u0435\u043d\u0438\u0435, \u0440\u0430\u0441\u0441\u0442\u043e\u044f\u043d\u0438\u0435 \u043c\u0435\u0436\u0434\u0443 \u0437\u0443\u0431\u0430\u043c\u0438 \u0438 \u0441\u043c\u0435\u0449\u0435\u043d\u0438\u0435 \u0437\u0443\u0431\u043e\u0432...<\/p><div class=\"q_masonry_blog_post_info\"><span itemprop=\"dateCreated\" class=\"time entry_date updated\">08 \u044f\u043d\u0432\u0430\u0440\u044f, 2019<meta itemprop=\"interactionCount\" content=\"UserComments: <?php echo get_comments_number(qode_get_page_id()); ?>\"\/><\/span> \/ <a itemprop=\"url\" class=\"post_comments\" href=\"https:\/\/ercagdis.com\/ru\/%d1%87%d0%b5%d1%82%d0%ba%d0%be%d0%b5-%d0%bb%d0%b5%d1%87%d0%b5%d0%bd%d0%b8%d0%b5-%d1%83%d1%81%d1%82%d1%80%d0%be%d0%b9%d1%81%d1%82%d0%b2%d0%b0-%d0%b7%d0%b0-5-%d0%b2%d0%be%d0%bf%d1%80%d0%be%d1%81%d0%be\/#respond\">No comment<\/a><\/div><\/div><\/article><article  class='post-7984 post type-post status-publish format-standard has-post-thumbnail hentry category-genel'><div class=\"q_masonry_blog_post_image\"><a itemprop=\"url\" href=\"https:\/\/ercagdis.com\/ru\/%d1%87%d1%82%d0%be-%d1%82%d0%b0%d0%ba%d0%be%d0%b5-%d0%b0%d0%b4%d0%b3%d0%b5%d0%b7%d0%b8%d0%b2%d0%bd%d1%8b%d0%b5-%d1%81%d0%b8%d1%81%d1%82%d0%b5%d0%bc%d1%8b\/\" target=\"_self\"><img decoding=\"async\" itemprop=\"image\" src=\"https:\/\/ercagdis.com\/wp-content\/uploads\/2024\/08\/adeziv-sistemler-nedir.jpg\" alt=\"\" title=\"\"><\/a><\/div><div class=\"q_masonry_blog_post_text\"><h3 itemprop=\"name\" class=\"q_masonry_blog_title entry_title\"><a itemprop=\"url\" href=\"https:\/\/ercagdis.com\/ru\/%d1%87%d1%82%d0%be-%d1%82%d0%b0%d0%ba%d0%be%d0%b5-%d0%b0%d0%b4%d0%b3%d0%b5%d0%b7%d0%b8%d0%b2%d0%bd%d1%8b%d0%b5-%d1%81%d0%b8%d1%81%d1%82%d0%b5%d0%bc%d1%8b\/\">Adeziv Sistemler Nedir?<\/a><\/h3><p itemprop=\"description\" class=\"q_masonry_blog_excerpt\">Di\u015f hekimli\u011finde restoratif i\u015flemler s\u0131ras\u0131nda kullan\u0131lan yap\u0131\u015ft\u0131r...<\/p><div class=\"q_masonry_blog_post_info\"><span itemprop=\"dateCreated\" class=\"time entry_date updated\">23 \u0430\u0432\u0433\u0443\u0441\u0442\u0430, 2024<meta itemprop=\"interactionCount\" content=\"UserComments: <?php echo get_comments_number(qode_get_page_id()); ?>\"\/><\/span> \/ <a itemprop=\"url\" class=\"post_comments\" href=\"https:\/\/ercagdis.com\/ru\/%d1%87%d1%82%d0%be-%d1%82%d0%b0%d0%ba%d0%be%d0%b5-%d0%b0%d0%b4%d0%b3%d0%b5%d0%b7%d0%b8%d0%b2%d0%bd%d1%8b%d0%b5-%d1%81%d0%b8%d1%81%d1%82%d0%b5%d0%bc%d1%8b\/#respond\">No comment<\/a><\/div><\/div><\/article><article  class='post-5280 post type-post status-publish format-standard has-post-thumbnail hentry category-dis-bakimi tag-agiz-kurulugu-belirtileri tag-agiz-kurulugu-nedenleri tag-agiz-ve-dis-sagligi'><div class=\"q_masonry_blog_post_image\"><a itemprop=\"url\" href=\"https:\/\/ercagdis.com\/ru\/%d0%bf%d1%80%d0%b8%d1%87%d0%b8%d0%bd%d1%8b-%d1%81%d1%83%d1%85%d0%be%d1%81%d1%82%d0%b8-%d0%b2%d0%be-%d1%80%d1%82%d1%83-%d0%ba%d1%81%d0%b5%d1%80%d0%be%d1%81%d1%82%d0%be%d0%bc%d0%b8%d0%b8\/\" target=\"_self\"><img decoding=\"async\" itemprop=\"image\" src=\"https:\/\/ercagdis.com\/wp-content\/uploads\/2018\/07\/agiz-kurulugu.jpg\" alt=\"\" title=\"\"><\/a><\/div><div class=\"q_masonry_blog_post_text\"><h3 itemprop=\"name\" class=\"q_masonry_blog_title entry_title\"><a itemprop=\"url\" href=\"https:\/\/ercagdis.com\/ru\/%d0%bf%d1%80%d0%b8%d1%87%d0%b8%d0%bd%d1%8b-%d1%81%d1%83%d1%85%d0%be%d1%81%d1%82%d0%b8-%d0%b2%d0%be-%d1%80%d1%82%d1%83-%d0%ba%d1%81%d0%b5%d1%80%d0%be%d1%81%d1%82%d0%be%d0%bc%d0%b8%d0%b8\/\">\u041f\u0440\u0438\u0447\u0438\u043d\u044b \u0441\u0443\u0445\u043e\u0441\u0442\u0438 \u0432\u043e \u0440\u0442\u0443 (\u043a\u0441\u0435\u0440\u043e\u0441\u0442\u043e\u043c\u0438\u044f)<\/a><\/h3><p itemprop=\"description\" class=\"q_masonry_blog_excerpt\">A\u011f\u0131z kurulu\u011fu, t\u00fck\u00fcr\u00fck bezlerinin yeterli miktarda t\u00fck\u00fcr\u00fck \u00fcretem...<\/p><div class=\"q_masonry_blog_post_info\"><span itemprop=\"dateCreated\" class=\"time entry_date updated\">06 \u0438\u044e\u043b\u044f, 2018<meta itemprop=\"interactionCount\" content=\"UserComments: <?php echo get_comments_number(qode_get_page_id()); ?>\"\/><\/span> \/ <a itemprop=\"url\" class=\"post_comments\" href=\"https:\/\/ercagdis.com\/ru\/%d0%bf%d1%80%d0%b8%d1%87%d0%b8%d0%bd%d1%8b-%d1%81%d1%83%d1%85%d0%be%d1%81%d1%82%d0%b8-%d0%b2%d0%be-%d1%80%d1%82%d1%83-%d0%ba%d1%81%d0%b5%d1%80%d0%be%d1%81%d1%82%d0%be%d0%bc%d0%b8%d0%b8\/#respond\">No comment<\/a><\/div><\/div><\/article><article  class='post-7226 post type-post status-publish format-standard has-post-thumbnail hentry category-genel tag-agiz-ve-dis-cerrahisi tag-agiz-ve-dis-cerrahisi-arasindaki-farklar'><div class=\"q_masonry_blog_post_image\"><a itemprop=\"url\" href=\"https:\/\/ercagdis.com\/ru\/%d1%85%d0%b8%d1%80%d1%83%d1%80%d0%b3%d0%b8%d1%8f-%d0%bf%d0%be%d0%bb%d0%be%d1%81%d1%82%d0%b8-%d1%80%d1%82%d0%b0-%d0%b8-%d0%b7%d1%83%d0%b1%d0%be%d0%b2\/\" target=\"_self\"><img decoding=\"async\" itemprop=\"image\" src=\"https:\/\/ercagdis.com\/wp-content\/uploads\/2023\/03\/agiz-ve-dis-cerrahisi-2.jpg\" alt=\"\" title=\"\"><\/a><\/div><div class=\"q_masonry_blog_post_text\"><h3 itemprop=\"name\" class=\"q_masonry_blog_title entry_title\"><a itemprop=\"url\" href=\"https:\/\/ercagdis.com\/ru\/%d1%85%d0%b8%d1%80%d1%83%d1%80%d0%b3%d0%b8%d1%8f-%d0%bf%d0%be%d0%bb%d0%be%d1%81%d1%82%d0%b8-%d1%80%d1%82%d0%b0-%d0%b8-%d0%b7%d1%83%d0%b1%d0%be%d0%b2\/\">\u0425\u0438\u0440\u0443\u0440\u0433\u0438\u044f \u043f\u043e\u043b\u043e\u0441\u0442\u0438 \u0440\u0442\u0430 \u0438 \u0437\u0443\u0431\u043e\u0432<\/a><\/h3><p itemprop=\"description\" class=\"q_masonry_blog_excerpt\">A\u011f\u0131z, di\u015f, \u00e7ene b\u00f6lgesindeki hastal\u0131klar\u0131 ve problemleri cerrahi m\u00fc...<\/p><div class=\"q_masonry_blog_post_info\"><span itemprop=\"dateCreated\" class=\"time entry_date updated\">22 \u043c\u0430\u0440\u0442\u0430, 2023<meta itemprop=\"interactionCount\" content=\"UserComments: <?php echo get_comments_number(qode_get_page_id()); ?>\"\/><\/span> \/ <a itemprop=\"url\" class=\"post_comments\" href=\"https:\/\/ercagdis.com\/ru\/%d1%85%d0%b8%d1%80%d1%83%d1%80%d0%b3%d0%b8%d1%8f-%d0%bf%d0%be%d0%bb%d0%be%d1%81%d1%82%d0%b8-%d1%80%d1%82%d0%b0-%d0%b8-%d0%b7%d1%83%d0%b1%d0%be%d0%b2\/#respond\">No comment<\/a><\/div><\/div><\/article><article  class='post-8601 post type-post status-publish format-standard has-post-thumbnail hentry category-genel'><div class=\"q_masonry_blog_post_image\"><a itemprop=\"url\" href=\"https:\/\/ercagdis.com\/ru\/ayni-gun-implant-tedavisi\/\" target=\"_self\"><img decoding=\"async\" itemprop=\"image\" src=\"https:\/\/ercagdis.com\/wp-content\/uploads\/2025\/09\/ayni-gun-implant-tedavisi.jpg\" alt=\"\" title=\"\"><\/a><\/div><div class=\"q_masonry_blog_post_text\"><h3 itemprop=\"name\" class=\"q_masonry_blog_title entry_title\"><a itemprop=\"url\" href=\"https:\/\/ercagdis.com\/ru\/ayni-gun-implant-tedavisi\/\">Ayn\u0131 G\u00fcn \u0130mplant Tedavisi<\/a><\/h3><p itemprop=\"description\" class=\"q_masonry_blog_excerpt\">Eksik di\u015flerin yerine kal\u0131c\u0131 ve estetik \u00e7\u00f6z\u00fcmler sunan implant tedavi...<\/p><div class=\"q_masonry_blog_post_info\"><span itemprop=\"dateCreated\" class=\"time entry_date updated\">23 \u0441\u0435\u043d\u0442\u044f\u0431\u0440\u044f, 2025<meta itemprop=\"interactionCount\" content=\"UserComments: <?php echo get_comments_number(qode_get_page_id()); ?>\"\/><\/span> \/ <a itemprop=\"url\" class=\"post_comments\" href=\"https:\/\/ercagdis.com\/ru\/ayni-gun-implant-tedavisi\/#respond\">No comment<\/a><\/div><\/div><\/article><article  class='post-5267 post type-post status-publish format-standard has-post-thumbnail hentry category-dis-tedavisi tag-bonding-adeziv tag-bonding-uygulamasi tag-dis-beyazlatma'><div class=\"q_masonry_blog_post_image\"><a itemprop=\"url\" href=\"https:\/\/ercagdis.com\/ru\/%d0%bf%d1%80%d0%b8%d0%bc%d0%b5%d0%bd%d0%b5%d0%bd%d0%b8%d0%b5-%d1%81%d0%ba%d0%bb%d0%b5%d0%b8%d0%b2%d0%b0%d0%bd%d0%b8%d1%8f\/\" target=\"_self\"><img decoding=\"async\" itemprop=\"image\" src=\"https:\/\/ercagdis.com\/wp-content\/uploads\/2018\/06\/bonding-uygulamasi.jpg\" alt=\"\" title=\"\"><\/a><\/div><div class=\"q_masonry_blog_post_text\"><h3 itemprop=\"name\" class=\"q_masonry_blog_title entry_title\"><a itemprop=\"url\" href=\"https:\/\/ercagdis.com\/ru\/%d0%bf%d1%80%d0%b8%d0%bc%d0%b5%d0%bd%d0%b5%d0%bd%d0%b8%d0%b5-%d1%81%d0%ba%d0%bb%d0%b5%d0%b8%d0%b2%d0%b0%d0%bd%d0%b8%d1%8f\/\">\u041f\u0440\u0438\u043b\u043e\u0436\u0435\u043d\u0438\u0435 \u0434\u043b\u044f \u0441\u043a\u043b\u0435\u0438\u0432\u0430\u043d\u0438\u044f<\/a><\/h3><p itemprop=\"description\" class=\"q_masonry_blog_excerpt\">Bonding uygulamas\u0131, estetik di\u015f hekimli\u011finde s\u0131k\u00e7a tercih edilen, prat...<\/p><div class=\"q_masonry_blog_post_info\"><span itemprop=\"dateCreated\" class=\"time entry_date updated\">29 \u0438\u044e\u043d\u044f, 2018<meta itemprop=\"interactionCount\" content=\"UserComments: <?php echo get_comments_number(qode_get_page_id()); ?>\"\/><\/span> \/ <a itemprop=\"url\" class=\"post_comments\" href=\"https:\/\/ercagdis.com\/ru\/%d0%bf%d1%80%d0%b8%d0%bc%d0%b5%d0%bd%d0%b5%d0%bd%d0%b8%d0%b5-%d1%81%d0%ba%d0%bb%d0%b5%d0%b8%d0%b2%d0%b0%d0%bd%d0%b8%d1%8f\/#respond\">No comment<\/a><\/div><\/div><\/article><article  class='post-5527 post type-post status-publish format-standard has-post-thumbnail hentry category-genel tag-bruksizm'><div class=\"q_masonry_blog_post_image\"><a itemprop=\"url\" href=\"https:\/\/ercagdis.com\/ru\/%d0%bb%d0%b5%d1%87%d0%b5%d0%bd%d0%b8%d0%b5-%d0%b1%d1%80%d1%83%d0%ba%d1%81%d0%b8%d0%b7%d0%bc%d0%b0-%d1%81%d1%82%d0%b8%d1%81%d0%ba%d0%b8%d0%b2%d0%b0%d0%bd%d0%b8%d0%b5-%d0%b8-%d1%81%d0%ba%d1%80%d0%b5\/\" target=\"_self\"><img decoding=\"async\" itemprop=\"image\" src=\"https:\/\/ercagdis.com\/wp-content\/uploads\/2018\/10\/bruksizm.jpg\" alt=\"\" title=\"\"><\/a><\/div><div class=\"q_masonry_blog_post_text\"><h3 itemprop=\"name\" class=\"q_masonry_blog_title entry_title\"><a itemprop=\"url\" href=\"https:\/\/ercagdis.com\/ru\/%d0%bb%d0%b5%d1%87%d0%b5%d0%bd%d0%b8%d0%b5-%d0%b1%d1%80%d1%83%d0%ba%d1%81%d0%b8%d0%b7%d0%bc%d0%b0-%d1%81%d1%82%d0%b8%d1%81%d0%ba%d0%b8%d0%b2%d0%b0%d0%bd%d0%b8%d0%b5-%d0%b8-%d1%81%d0%ba%d1%80%d0%b5\/\">\u041b\u0435\u0447\u0435\u043d\u0438\u0435 \u0431\u0440\u0443\u043a\u0441\u0438\u0437\u043c\u0430 (\u0441\u0442\u0438\u043c\u0443\u043b\u0438\u0440\u043e\u0432\u0430\u043d\u0438\u0435 \u0438 \u0441\u043a\u0440\u0435\u0436\u0435\u0442\u0430\u043d\u0438\u0435 \u0437\u0443\u0431\u0430\u043c\u0438)<\/a><\/h3><p itemprop=\"description\" class=\"q_masonry_blog_excerpt\">\u0412 \u043d\u0430\u0441\u0442\u043e\u044f\u0449\u0435\u0435 \u0432\u0440\u0435\u043c\u044f \u0441\u0436\u0438\u043c\u0430\u043d\u0438\u0435 \u0438 \u0441\u043a\u0440\u0435\u0436\u0435\u0442\u0430\u043d\u0438\u0435 \u0437\u0443\u0431\u0430\u043c\u0438 \u0440\u0430\u0441\u043f\u0440\u043e\u0441\u0442\u0440\u0430\u043d\u0435\u043d\u043e \u0443 \u0431\u043e\u043b\u044c\u0448\u0438\u043d\u0441\u0442\u0432\u0430 \u043b\u044e\u0434\u0435\u0439...<\/p><div class=\"q_masonry_blog_post_info\"><span itemprop=\"dateCreated\" class=\"time entry_date updated\">30 \u043e\u043a\u0442\u044f\u0431\u0440\u044f, 2018<meta itemprop=\"interactionCount\" content=\"UserComments: <?php echo get_comments_number(qode_get_page_id()); ?>\"\/><\/span> \/ <a itemprop=\"url\" class=\"post_comments\" href=\"https:\/\/ercagdis.com\/ru\/%d0%bb%d0%b5%d1%87%d0%b5%d0%bd%d0%b8%d0%b5-%d0%b1%d1%80%d1%83%d0%ba%d1%81%d0%b8%d0%b7%d0%bc%d0%b0-%d1%81%d1%82%d0%b8%d1%81%d0%ba%d0%b8%d0%b2%d0%b0%d0%bd%d0%b8%d0%b5-%d0%b8-%d1%81%d0%ba%d1%80%d0%b5\/#respond\">No comment<\/a><\/div><\/div><\/article><article  class='post-7074 post type-post status-publish format-standard has-post-thumbnail hentry category-genel'><div class=\"q_masonry_blog_post_image\"><a itemprop=\"url\" href=\"https:\/\/ercagdis.com\/ru\/%d0%bd%d0%be%d1%87%d0%bd%d0%be%d0%b9-%d0%bd%d0%b0%d0%bb%d0%b5%d1%82-%d0%b2-%d0%bb%d0%b5%d1%87%d0%b5%d0%bd%d0%b8%d0%b8-%d0%b1%d1%80%d1%83%d0%ba%d1%81%d0%b8%d0%b7%d0%bc%d0%b0\/\" target=\"_self\"><img decoding=\"async\" itemprop=\"image\" src=\"https:\/\/ercagdis.com\/wp-content\/uploads\/2022\/05\/bruksizm-tedavisinde-gece-plagi.jpg\" alt=\"\" title=\"\"><\/a><\/div><div class=\"q_masonry_blog_post_text\"><h3 itemprop=\"name\" class=\"q_masonry_blog_title entry_title\"><a itemprop=\"url\" href=\"https:\/\/ercagdis.com\/ru\/%d0%bd%d0%be%d1%87%d0%bd%d0%be%d0%b9-%d0%bd%d0%b0%d0%bb%d0%b5%d1%82-%d0%b2-%d0%bb%d0%b5%d1%87%d0%b5%d0%bd%d0%b8%d0%b8-%d0%b1%d1%80%d1%83%d0%ba%d1%81%d0%b8%d0%b7%d0%bc%d0%b0\/\">\u041d\u043e\u0447\u043d\u0430\u044f \u043f\u043b\u0430\u0441\u0442\u0438\u043d\u0430 \u0432 \u043b\u0435\u0447\u0435\u043d\u0438\u0438 \u0431\u0440\u0443\u043a\u0441\u0438\u0437\u043c\u0430<\/a><\/h3><p itemprop=\"description\" class=\"q_masonry_blog_excerpt\">\u0411\u0440\u0443\u043a\u0441\u0438\u0437\u043c \u2013 \u044d\u0442\u043e \u043f\u0440\u043e\u0431\u043b\u0435\u043c\u0430 \u0447\u0440\u0435\u0437\u043c\u0435\u0440\u043d\u043e\u0433\u043e \u0441\u0436\u0438\u043c\u0430\u043d\u0438\u044f \u0438 \u0441\u043a\u0440\u0435\u0436\u0435\u0442\u0430\u043d\u0438\u044f \u0437\u0443\u0431\u0430\u043c\u0438. \u0411\u0440\u0443\u043a\u0441\u0438\u0437\u043c \u0442\u043e\u0436\u0435...<\/p><div class=\"q_masonry_blog_post_info\"><span itemprop=\"dateCreated\" class=\"time entry_date updated\">17 \u043c\u0430\u044f, 2022<meta itemprop=\"interactionCount\" content=\"UserComments: <?php echo get_comments_number(qode_get_page_id()); ?>\"\/><\/span> \/ <a itemprop=\"url\" class=\"post_comments\" href=\"https:\/\/ercagdis.com\/ru\/%d0%bd%d0%be%d1%87%d0%bd%d0%be%d0%b9-%d0%bd%d0%b0%d0%bb%d0%b5%d1%82-%d0%b2-%d0%bb%d0%b5%d1%87%d0%b5%d0%bd%d0%b8%d0%b8-%d0%b1%d1%80%d1%83%d0%ba%d1%81%d0%b8%d0%b7%d0%bc%d0%b0\/#respond\">No comment<\/a><\/div><\/div><\/article><article  class='post-7343 post type-post status-publish format-standard has-post-thumbnail hentry category-genel'><div class=\"q_masonry_blog_post_image\"><a itemprop=\"url\" href=\"https:\/\/ercagdis.com\/ru\/%d0%bb%d0%b5%d1%87%d0%b5%d0%bd%d0%b8%d0%b5-%d0%b7%d1%83%d0%b1%d0%be%d0%b2-%d0%ba%d0%b0%d0%bf%d1%80%d0%b0%d1%81%d1%81%d0%be%d0%bc\/\" target=\"_self\"><img decoding=\"async\" itemprop=\"image\" src=\"https:\/\/ercagdis.com\/wp-content\/uploads\/2023\/08\/carpisik-dis-tedavisi-1_1200x628.jpg\" alt=\"\" title=\"\"><\/a><\/div><div class=\"q_masonry_blog_post_text\"><h3 itemprop=\"name\" class=\"q_masonry_blog_title entry_title\"><a itemprop=\"url\" href=\"https:\/\/ercagdis.com\/ru\/%d0%bb%d0%b5%d1%87%d0%b5%d0%bd%d0%b8%d0%b5-%d0%b7%d1%83%d0%b1%d0%be%d0%b2-%d0%ba%d0%b0%d0%bf%d1%80%d0%b0%d1%81%d1%81%d0%be%d0%bc\/\">\u041b\u0435\u0447\u0435\u043d\u0438\u0435 \u043a\u0440\u0438\u0432\u044b\u0445 \u0437\u0443\u0431\u043e\u0432<\/a><\/h3><p itemprop=\"description\" class=\"q_masonry_blog_excerpt\">Tedavi, di\u015flerin d\u00fczg\u00fcn hizalanmas\u0131n\u0131 ama\u00e7lar. Di\u015flerde \u00fcst \u00fcste b...<\/p><div class=\"q_masonry_blog_post_info\"><span itemprop=\"dateCreated\" class=\"time entry_date updated\">14 \u0430\u0432\u0433\u0443\u0441\u0442\u0430, 2023<meta itemprop=\"interactionCount\" content=\"UserComments: <?php echo get_comments_number(qode_get_page_id()); ?>\"\/><\/span> \/ <a itemprop=\"url\" class=\"post_comments\" href=\"https:\/\/ercagdis.com\/ru\/%d0%bb%d0%b5%d1%87%d0%b5%d0%bd%d0%b8%d0%b5-%d0%b7%d1%83%d0%b1%d0%be%d0%b2-%d0%ba%d0%b0%d0%bf%d1%80%d0%b0%d1%81%d1%81%d0%be%d0%bc\/#respond\">No comment<\/a><\/div><\/div><\/article><\/div><\/div><\/div><\/div><\/div><\/div>\n<\/section>","protected":false},"excerpt":{"rendered":"Tedavi, di\u015flerin d\u00fczg\u00fcn hizalanmas\u0131n\u0131 ama\u00e7lar. Di\u015flerde \u00fcst \u00fcste binme estetik sorun olu\u015fturabilir. \u00c7apra\u015f\u0131k di\u015f tedavisi \u00f6ncesinde detayl\u0131 muayene yap\u0131l\u0131r. Ortodontik...","protected":false},"author":1,"featured_media":0,"parent":0,"menu_order":0,"comment_status":"closed","ping_status":"closed","template":"","meta":{"footnotes":""},"class_list":["post-7656","page","type-page","status-publish","hentry"],"_links":{"self":[{"href":"https:\/\/ercagdis.com\/ru\/wp-json\/wp\/v2\/pages\/7656","targetHints":{"allow":["GET"]}}],"collection":[{"href":"https:\/\/ercagdis.com\/ru\/wp-json\/wp\/v2\/pages"}],"about":[{"href":"https:\/\/ercagdis.com\/ru\/wp-json\/wp\/v2\/types\/page"}],"author":[{"embeddable":true,"href":"https:\/\/ercagdis.com\/ru\/wp-json\/wp\/v2\/users\/1"}],"replies":[{"embeddable":true,"href":"https:\/\/ercagdis.com\/ru\/wp-json\/wp\/v2\/comments?post=7656"}],"version-history":[{"count":0,"href":"https:\/\/ercagdis.com\/ru\/wp-json\/wp\/v2\/pages\/7656\/revisions"}],"wp:attachment":[{"href":"https:\/\/ercagdis.com\/ru\/wp-json\/wp\/v2\/media?parent=7656"}],"curies":[{"name":"wp","href":"https:\/\/api.w.org\/{rel}","templated":true}]}}