{"id":6969,"date":"2022-02-22T15:09:44","date_gmt":"2022-02-22T12:09:44","guid":{"rendered":"https:\/\/ercagdis.com\/?page_id=6969"},"modified":"2022-02-22T15:13:19","modified_gmt":"2022-02-22T12:13:19","slug":"%d1%84%d0%be%d1%80%d0%bc%d0%b0-%d0%b7%d0%b0%d1%8f%d0%b2%d0%bb%d0%b5%d0%bd%d0%b8%d1%8f-%d1%81%d1%83%d0%b1%d1%8a%d0%b5%d0%ba%d1%82%d0%b0-%d0%b4%d0%b0%d0%bd%d0%bd%d1%8b%d1%85","status":"publish","type":"page","link":"https:\/\/ercagdis.com\/ru\/%d1%84%d0%be%d1%80%d0%bc%d0%b0-%d0%b7%d0%b0%d1%8f%d0%b2%d0%bb%d0%b5%d0%bd%d0%b8%d1%8f-%d1%81%d1%83%d0%b1%d1%8a%d0%b5%d0%ba%d1%82%d0%b0-%d0%b4%d0%b0%d0%bd%d0%bd%d1%8b%d1%85\/","title":{"rendered":"\u0424\u043e\u0440\u043c\u0430 \u0437\u0430\u044f\u0432\u043b\u0435\u043d\u0438\u044f \u0432\u043b\u0430\u0434\u0435\u043b\u044c\u0446\u0430 \u0434\u0430\u043d\u043d\u044b\u0445"},"content":{"rendered":"<p>\u0412\u044b \u043c\u043e\u0436\u0435\u0442\u0435 \u043f\u043e\u0434\u0430\u0442\u044c \u0437\u0430\u043f\u0440\u043e\u0441\u044b \u043e\u0442\u043d\u043e\u0441\u0438\u0442\u0435\u043b\u044c\u043d\u043e \u0432\u0430\u0448\u0438\u0445 \u043f\u0440\u0430\u0432, \u043f\u0435\u0440\u0435\u0447\u0438\u0441\u043b\u0435\u043d\u043d\u044b\u0445 \u0432 \u0441\u0442\u0430\u0442\u044c\u0435 11 \u0417\u0430\u043a\u043e\u043d\u0430 \u043e \u0437\u0430\u0449\u0438\u0442\u0435 \u043f\u0435\u0440\u0441\u043e\u043d\u0430\u043b\u044c\u043d\u044b\u0445 \u0434\u0430\u043d\u043d\u044b\u0445 \u2116 6698 (\u00abKVKK\u00bb), \u0437\u0430\u043f\u043e\u043b\u043d\u0438\u0432 \u044d\u0442\u0443 \u0444\u043e\u0440\u043c\u0443 \u0437\u0430\u044f\u0432\u043b\u0435\u043d\u0438\u044f \u0432\u043b\u0430\u0434\u0435\u043b\u044c\u0446\u0430 \u0434\u0430\u043d\u043d\u044b\u0445 \u0438 \u043e\u0442\u043f\u0440\u0430\u0432\u0438\u0432 \u0435\u0435 \u043b\u0438\u0447\u043d\u043e, \u043f\u043e \u043f\u043e\u0447\u0442\u0435 \u0438\u043b\u0438 \u0447\u0435\u0440\u0435\u0437 \u043d\u043e\u0442\u0430\u0440\u0438\u0443\u0441\u0430.<\/p>\n\n\n\n<ul class=\"wp-block-list\"><li><em><u>\u0414\u043e\u043a\u0442\u043e\u0440 \u0428\u0435\u043d\u0430\u0439 \u0421\u0435\u0440\u043f\u0438\u043b \u042d\u0440\u0447\u0430\u0433<\/u><\/em><\/li><li>\u0447\u0435\u0440\u0435\u0437 \u0432\u0430\u0448 \u0430\u0434\u0440\u0435\u0441 \u044d\u043b\u0435\u043a\u0442\u0440\u043e\u043d\u043d\u043e\u0439 \u043f\u043e\u0447\u0442\u044b, \u0437\u0430\u0440\u0435\u0433\u0438\u0441\u0442\u0440\u0438\u0440\u043e\u0432\u0430\u043d\u043d\u044b\u0439 \u0432 \u043d\u0430\u0448\u0435\u0439 \u0441\u0438\u0441\u0442\u0435\u043c\u0435, \u043e \u043a\u043e\u0442\u043e\u0440\u043e\u043c \u0432\u044b \u0440\u0430\u043d\u0435\u0435 \u0443\u0432\u0435\u0434\u043e\u043c\u0438\u043b\u0438 \u043d\u0430\u0441.<\/li><\/ul>\n\n\n\n<p>\u0412\u044b \u0434\u043e\u043b\u0436\u043d\u044b \u043e\u0442\u043f\u0440\u0430\u0432\u0438\u0442\u044c \u0435\u0433\u043e \u043d\u0430 \u043d\u0430\u0448 \u0430\u0434\u0440\u0435\u0441.<\/p>\n\n\n\n<p>\u0415\u0441\u043b\u0438 \u0432\u044b \u043e\u0442\u043f\u0440\u0430\u0432\u0438\u0442\u0435 \u0435\u0433\u043e \u043f\u043e \u0443\u043a\u0430\u0437\u0430\u043d\u043d\u043e\u043c\u0443 \u0430\u0434\u0440\u0435\u0441\u0443, \u043d\u0430 \u0432\u0430\u0448 \u0437\u0430\u043f\u0440\u043e\u0441 \u0431\u0443\u0434\u0435\u0442 \u0434\u0430\u043d \u043e\u0442\u0432\u0435\u0442 \u043d\u0435 \u043f\u043e\u0437\u0434\u043d\u0435\u0435, \u0447\u0435\u043c \u0447\u0435\u0440\u0435\u0437 \u0442\u0440\u0438\u0434\u0446\u0430\u0442\u044c \u0434\u043d\u0435\u0439.<\/p>\n\n\n\n<div id=\"ez-toc-container\" class=\"ez-toc-v2_0_75 counter-hierarchy ez-toc-counter ez-toc-grey ez-toc-container-direction\">\n<p class=\"ez-toc-title\" style=\"cursor:inherit\">Yaz\u0131 \u0130\u00e7eri\u011fi<\/p>\n<label for=\"ez-toc-cssicon-toggle-item-69ea3c84ab7cb\" class=\"ez-toc-cssicon-toggle-label\"><span class=\"\"><span class=\"eztoc-hide\" style=\"display:none;\">\u043f\u0435\u0440\u0435\u043a\u043b\u044e\u0447\u0430\u0442\u044c<\/span><span class=\"ez-toc-icon-toggle-span\"><svg style=\"fill: #999;color:#999\" xmlns=\"http:\/\/www.w3.org\/2000\/svg\" class=\"list-377408\" width=\"20px\" height=\"20px\" viewbox=\"0 0 24 24\" fill=\"none\"><path d=\"M6 6H4v2h2V6zm14 0H8v2h12V6zM4 11h2v2H4v-2zm16 0H8v2h12v-2zM4 16h2v2H4v-2zm16 0H8v2h12v-2z\" fill=\"currentColor\"><\/path><\/svg><svg style=\"fill: #999;color:#999\" class=\"arrow-unsorted-368013\" xmlns=\"http:\/\/www.w3.org\/2000\/svg\" width=\"10px\" height=\"10px\" viewbox=\"0 0 24 24\" version=\"1.2\" baseprofile=\"tiny\"><path d=\"M18.2 9.3l-6.2-6.3-6.2 6.3c-.2.2-.3.4-.3.7s.1.5.3.7c.2.2.4.3.7.3h11c.3 0 .5-.1.7-.3.2-.2.3-.5.3-.7s-.1-.5-.3-.7zM5.8 14.7l6.2 6.3 6.2-6.3c.2-.2.3-.5.3-.7s-.1-.5-.3-.7c-.2-.2-.4-.3-.7-.3h-11c-.3 0-.5.1-.7.3-.2.2-.3.5-.3.7s.1.5.3.7z\"\/><\/svg><\/span><\/span><\/label><input type=\"checkbox\"  id=\"ez-toc-cssicon-toggle-item-69ea3c84ab7cb\"  aria-label=\"\u043f\u0435\u0440\u0435\u043a\u043b\u044e\u0447\u0430\u0442\u044c\" \/><nav><ul class='ez-toc-list ez-toc-list-level-1' ><li class='ez-toc-page-1 ez-toc-heading-level-3'><a class=\"ez-toc-link ez-toc-heading-1\" href=\"https:\/\/ercagdis.com\/ru\/%d1%84%d0%be%d1%80%d0%bc%d0%b0-%d0%b7%d0%b0%d1%8f%d0%b2%d0%bb%d0%b5%d0%bd%d0%b8%d1%8f-%d1%81%d1%83%d0%b1%d1%8a%d0%b5%d0%ba%d1%82%d0%b0-%d0%b4%d0%b0%d0%bd%d0%bd%d1%8b%d1%85\/#Basvuru_Yapan_Veri_Sahibinin\" >\u0412\u043b\u0430\u0434\u0435\u043b\u0435\u0446 \u0434\u0430\u043d\u043d\u044b\u0445 \u0437\u0430\u044f\u0432\u0438\u0442\u0435\u043b\u044f;<\/a><\/li><li class='ez-toc-page-1 ez-toc-heading-level-3'><a class=\"ez-toc-link ez-toc-heading-2\" href=\"https:\/\/ercagdis.com\/ru\/%d1%84%d0%be%d1%80%d0%bc%d0%b0-%d0%b7%d0%b0%d1%8f%d0%b2%d0%bb%d0%b5%d0%bd%d0%b8%d1%8f-%d1%81%d1%83%d0%b1%d1%8a%d0%b5%d0%ba%d1%82%d0%b0-%d0%b4%d0%b0%d0%bd%d0%bd%d1%8b%d1%85\/#KVKK_Kapsamindaki_Talebiniz\" >\u0412\u0430\u0448 \u0437\u0430\u043f\u0440\u043e\u0441 \u0432 \u0440\u0430\u043c\u043a\u0430\u0445 KVKK:<\/a><\/li><li class='ez-toc-page-1 ez-toc-heading-level-3'><a class=\"ez-toc-link ez-toc-heading-3\" href=\"https:\/\/ercagdis.com\/ru\/%d1%84%d0%be%d1%80%d0%bc%d0%b0-%d0%b7%d0%b0%d1%8f%d0%b2%d0%bb%d0%b5%d0%bd%d0%b8%d1%8f-%d1%81%d1%83%d0%b1%d1%8a%d0%b5%d0%ba%d1%82%d0%b0-%d0%b4%d0%b0%d0%bd%d0%bd%d1%8b%d1%85\/#Basvuruya_Verilecek_Yanitin_Tarafiniza_Bildirilme_Yontemi\" >\u0421\u043f\u043e\u0441\u043e\u0431 \u0443\u0432\u0435\u0434\u043e\u043c\u043b\u0435\u043d\u0438\u044f \u043e\u0431 \u043e\u0442\u0432\u0435\u0442\u0435 \u043d\u0430 \u0437\u0430\u044f\u0432\u043a\u0443:<\/a><\/li><\/ul><\/nav><\/div>\n<h3 class=\"wp-block-heading\" id=\"basvuru-yapan-veri-sahibinin\"><span class=\"ez-toc-section\" id=\"Basvuru_Yapan_Veri_Sahibinin\"><\/span><strong>\u0412\u043b\u0430\u0434\u0435\u043b\u0435\u0446 \u0434\u0430\u043d\u043d\u044b\u0445 \u0437\u0430\u044f\u0432\u0438\u0442\u0435\u043b\u044f;<\/strong><span class=\"ez-toc-section-end\"><\/span><\/h3>\n\n\n\n<figure class=\"wp-block-table\"><table><tbody><tr><td><strong>\u0418\u041c\u042f \u0424\u0410\u041c\u0418\u041b\u0418\u042f<\/strong><\/td><td><strong>&nbsp;<\/strong> <strong>\u0428\u0435\u043d\u0430\u0439 \u0421\u0435\u0440\u043f\u0438\u043b\u044c \u042d\u0440\u0447\u0430\u0433<\/strong><\/td><\/tr><tr><td><strong>\u0422\u0423\u0420\u0415\u0426\u041a\u0418\u0419 \u0418\u0414\u0415\u041d\u0422\u0418\u0424\u0418\u041a\u0410\u0426\u0418\u041e\u041d\u041d\u042b\u0419 \u041d\u041e\u041c\u0415\u0420<\/strong><\/td><td>15308363986 &nbsp;<\/td><\/tr><tr><td><strong>\u0410\u0414\u0420\u0415\u0421 \u0414\u041b\u042f \u041e\u0411\u0421\u041b\u0423\u0416\u0418\u0412\u0410\u041d\u0418\u042f<\/strong><\/td><td>\u0424\u0435\u043a\u0440\u0438 \u042d\u0431\u0447\u0438\u043e\u0433\u043b\u0443, 6\/8 \u041b\u0435\u0432\u0435\u043d\u0442\/\u0421\u0442\u0430\u043c\u0431\u0443\u043b &nbsp;<\/td><\/tr><tr><td><strong>\u041d\u041e\u041c\u0415\u0420 \u0422\u0415\u041b\u0415\u0424\u041e\u041d\u0410<\/strong><\/td><td>&nbsp; 0212 282 84 82\/83<\/td><\/tr><tr><td><strong>\u0410\u0414\u0420\u0415\u0421 \u042d\u041b\u0415\u041a\u0422\u0420\u041e\u041d\u041d\u041e\u0419 \u041f\u041e\u0427\u0422\u042b<\/strong><\/td><td>&nbsp; Serpilercag@gmail.com<\/td><\/tr><tr><td><strong>\u041e\u0422\u041d\u041e\u0428\u0415\u041d\u0418\u042f \u0421 \u041a\u041e\u041c\u041f\u0410\u041d\u0418\u0415\u0419<\/strong><\/td><td>\u0421\u043e\u0442\u0440\u0443\u0434\u043d\u0438\u043a ( ) \u0411\u044b\u0432\u0448\u0438\u0439 \u0441\u043e\u0442\u0440\u0443\u0434\u043d\u0438\u043a ( ) \u041f\u043e\u0441\u0435\u0442\u0438\u0442\u0435\u043b\u044c ( ) \u041f\u0430\u0446\u0438\u0435\u043d\u0442 ( ) \u041f\u043e\u0441\u0442\u0430\u0432\u0449\u0438\u043a ( ) \u0414\u0440\u0443\u0433\u043e\u0435 ( ) \u2026\u2026\u2026\u2026\u2026\u2026\u2026\u2026\u2026\u2026\u2026\u2026\u2026\u2026\u2026<\/td><\/tr><\/tbody><\/table><\/figure>\n\n\n\n<h3 class=\"wp-block-heading\" id=\"kvkk-kapsamindaki-talebiniz\"><span class=\"ez-toc-section\" id=\"KVKK_Kapsamindaki_Talebiniz\"><\/span><strong>\u0412\u0430\u0448 \u0437\u0430\u043f\u0440\u043e\u0441 \u0432 \u0440\u0430\u043c\u043a\u0430\u0445 KVKK:<\/strong><span class=\"ez-toc-section-end\"><\/span><\/h3>\n\n\n\n<p>\u041f\u043e\u0436\u0430\u043b\u0443\u0439\u0441\u0442\u0430, \u0447\u0435\u0442\u043a\u043e \u0438\u0437\u043b\u043e\u0436\u0438\u0442\u0435 \u0441\u0432\u043e\u0438 \u0442\u0440\u0435\u0431\u043e\u0432\u0430\u043d\u0438\u044f \u043e\u0442\u043d\u043e\u0441\u0438\u0442\u0435\u043b\u044c\u043d\u043e \u0432\u0430\u0448\u0438\u0445 \u043f\u0440\u0430\u0432, \u0443\u043a\u0430\u0437\u0430\u043d\u043d\u044b\u0445 \u0432 \u0441\u0442\u0430\u0442\u044c\u0435 11 \u041a\u0412\u041a\u041a.<\/p>\n\n\n\n<p>\u2026\u2026\u2026\u2026\u2026\u2026\u2026..\u2026\u2026\u2026\u2026\u2026.\u2026\u2026\u2026\u2026\u2026\u2026\u2026.\u2026\u2026\u2026\u2026\u2026\u2026\u2026.\u2026\u2026\u2026 \u2026\u2026\u2026\u2026\u2026\u2026<\/p>\n\n\n\n<p>\u2026\u2026\u2026\u2026\u2026\u2026\u2026\u2026\u2026\u2026\u2026\u2026\u2026\u2026\u2026\u2026\u2026\u2026\u2026\u2026\u2026\u2026\u2026\u2026\u2026\u2026\u2026\u2026\u2026\u2026\u2026\u2026\u2026\u2026\u2026\u2026\u2026\u2026\u2026\u2026 \u2026\u2026\u2026\u2026\u2026<\/p>\n\n\n\n<p>\u2026\u2026\u2026\u2026\u2026\u2026\u2026\u2026\u2026\u2026\u2026\u2026\u2026\u2026\u2026\u2026\u2026\u2026\u2026\u2026\u2026\u2026\u2026\u2026\u2026\u2026\u2026\u2026\u2026\u2026\u2026\u2026\u2026\u2026\u2026\u2026\u2026\u2026\u2026\u2026 \u2026\u2026\u2026\u2026\u2026<\/p>\n\n\n\n<p>\u2026\u2026\u2026\u2026\u2026\u2026\u2026\u2026\u2026\u2026\u2026\u2026\u2026\u2026\u2026\u2026\u2026\u2026\u2026\u2026\u2026\u2026\u2026\u2026\u2026\u2026\u2026\u2026\u2026\u2026\u2026\u2026\u2026\u2026\u2026\u2026\u2026\u2026\u2026\u2026 \u2026\u2026\u2026\u2026\u2026<\/p>\n\n\n\n<p>\u2026\u2026\u2026\u2026\u2026\u2026\u2026\u2026\u2026\u2026\u2026\u2026\u2026\u2026\u2026\u2026\u2026\u2026\u2026\u2026\u2026\u2026\u2026\u2026\u2026\u2026\u2026\u2026\u2026\u2026\u2026\u2026\u2026\u2026\u2026\u2026\u2026\u2026\u2026\u2026 \u2026\u2026\u2026\u2026\u2026<\/p>\n\n\n\n<p>\u2026\u2026\u2026\u2026\u2026\u2026\u2026\u2026\u2026\u2026\u2026\u2026\u2026\u2026\u2026\u2026\u2026\u2026\u2026\u2026\u2026\u2026\u2026\u2026\u2026\u2026\u2026\u2026\u2026\u2026\u2026\u2026\u2026\u2026\u2026\u2026\u2026\u2026\u2026\u2026 \u2026\u2026\u2026\u2026\u2026<\/p>\n\n\n\n<p>\u2026\u2026\u2026\u2026\u2026\u2026\u2026\u2026\u2026\u2026\u2026\u2026\u2026\u2026\u2026\u2026\u2026\u2026\u2026\u2026\u2026\u2026\u2026\u2026\u2026\u2026\u2026\u2026\u2026\u2026\u2026\u2026\u2026\u2026\u2026\u2026\u2026\u2026\u2026\u2026 \u2026\u2026\u2026\u2026\u2026<\/p>\n\n\n\n<p>\u2026\u2026\u2026\u2026\u2026\u2026\u2026\u2026\u2026\u2026\u2026\u2026\u2026\u2026\u2026\u2026\u2026\u2026\u2026\u2026\u2026\u2026\u2026\u2026\u2026\u2026\u2026\u2026\u2026\u2026\u2026\u2026\u2026\u2026\u2026\u2026\u2026\u2026\u2026\u2026 \u2026\u2026\u2026\u2026\u2026<\/p>\n\n\n\n<p>\u2026\u2026\u2026\u2026\u2026\u2026\u2026..\u2026\u2026\u2026\u2026\u2026.\u2026\u2026\u2026\u2026\u2026\u2026\u2026.\u2026\u2026\u2026\u2026\u2026\u2026\u2026.\u2026\u2026\u2026 \u2026\u2026\u2026\u2026\u2026\u2026<\/p>\n\n\n\n<p>\u2026\u2026\u2026\u2026\u2026\u2026\u2026\u2026\u2026\u2026\u2026\u2026\u2026\u2026\u2026\u2026\u2026\u2026\u2026\u2026\u2026\u2026\u2026\u2026\u2026\u2026\u2026\u2026\u2026\u2026\u2026\u2026\u2026\u2026\u2026\u2026\u2026\u2026\u2026\u2026 \u2026\u2026\u2026\u2026\u2026<\/p>\n\n\n\n<p>\u2026\u2026\u2026\u2026\u2026\u2026\u2026\u2026\u2026\u2026\u2026\u2026\u2026\u2026\u2026\u2026\u2026\u2026\u2026\u2026\u2026\u2026\u2026\u2026\u2026\u2026\u2026\u2026\u2026\u2026\u2026\u2026\u2026\u2026\u2026\u2026\u2026\u2026\u2026\u2026 \u2026\u2026\u2026\u2026\u2026<\/p>\n\n\n\n<p>\u2026\u2026\u2026\u2026\u2026\u2026\u2026\u2026\u2026\u2026\u2026\u2026\u2026\u2026\u2026\u2026\u2026\u2026\u2026\u2026\u2026\u2026\u2026\u2026\u2026\u2026\u2026\u2026\u2026\u2026\u2026\u2026\u2026\u2026\u2026\u2026\u2026\u2026\u2026\u2026 \u2026\u2026\u2026\u2026\u2026<\/p>\n\n\n\n<p>\u2026\u2026\u2026\u2026\u2026\u2026\u2026\u2026\u2026\u2026\u2026\u2026\u2026\u2026\u2026\u2026\u2026\u2026\u2026\u2026\u2026\u2026\u2026\u2026\u2026\u2026\u2026\u2026\u2026\u2026\u2026\u2026\u2026\u2026\u2026\u2026\u2026\u2026\u2026\u2026 \u2026\u2026\u2026\u2026\u2026<\/p>\n\n\n\n<p>\u2026\u2026\u2026\u2026\u2026\u2026\u2026\u2026\u2026\u2026\u2026\u2026\u2026\u2026\u2026\u2026\u2026\u2026\u2026\u2026\u2026\u2026\u2026\u2026\u2026\u2026\u2026\u2026\u2026\u2026\u2026\u2026\u2026\u2026\u2026\u2026\u2026\u2026\u2026\u2026 \u2026\u2026\u2026\u2026\u2026<\/p>\n\n\n\n<p>\u2026\u2026\u2026\u2026\u2026\u2026\u2026\u2026\u2026\u2026\u2026\u2026\u2026\u2026\u2026\u2026\u2026\u2026\u2026\u2026\u2026\u2026\u2026\u2026\u2026\u2026\u2026\u2026\u2026\u2026\u2026\u2026\u2026\u2026\u2026\u2026\u2026\u2026\u2026\u2026 \u2026\u2026\u2026\u2026\u2026<\/p>\n\n\n\n<p>\u2026\u2026\u2026\u2026\u2026\u2026\u2026\u2026\u2026\u2026\u2026\u2026\u2026\u2026\u2026\u2026\u2026\u2026\u2026\u2026\u2026\u2026\u2026\u2026\u2026\u2026\u2026\u2026\u2026\u2026\u2026\u2026\u2026\u2026\u2026\u2026\u2026\u2026\u2026\u2026 \u2026\u2026\u2026\u2026\u2026<\/p>\n\n\n\n<p>\u0412 \u0441\u043e\u043e\u0442\u0432\u0435\u0442\u0441\u0442\u0432\u0438\u0438 \u0441 \u043c\u043e\u0438\u043c\u0438 \u0432\u044b\u0448\u0435\u043f\u0440\u0438\u0432\u0435\u0434\u0435\u043d\u043d\u044b\u043c\u0438 \u0437\u0430\u043f\u0440\u043e\u0441\u0430\u043c\u0438 \u044f \u043f\u0440\u043e\u0448\u0443, \u0447\u0442\u043e\u0431\u044b \u043c\u043e\u0435 \u0437\u0430\u044f\u0432\u043b\u0435\u043d\u0438\u0435 \u0432 \u0432\u0430\u0448\u0443 \u043a\u043e\u043c\u043f\u0430\u043d\u0438\u044e \u0431\u044b\u043b\u043e \u043e\u0446\u0435\u043d\u0435\u043d\u043e \u0432 \u0441\u043e\u043e\u0442\u0432\u0435\u0442\u0441\u0442\u0432\u0438\u0438 \u0441\u043e \u0441\u0442\u0430\u0442\u044c\u0435\u0439 13 \u041a\u0412\u041a\u041a \u0438 \u0447\u0442\u043e\u0431\u044b \u043c\u0435\u043d\u044f \u043f\u0440\u043e\u0438\u043d\u0444\u043e\u0440\u043c\u0438\u0440\u043e\u0432\u0430\u043b\u0438.<\/p>\n\n\n\n<h3 class=\"wp-block-heading\" id=\"basvuruya-verilecek-yanitin-tarafiniza-bildirilme-yontemi\"><span class=\"ez-toc-section\" id=\"Basvuruya_Verilecek_Yanitin_Tarafiniza_Bildirilme_Yontemi\"><\/span><strong>\u0421\u043f\u043e\u0441\u043e\u0431 \u0443\u0432\u0435\u0434\u043e\u043c\u043b\u0435\u043d\u0438\u044f \u043e\u0431 \u043e\u0442\u0432\u0435\u0442\u0435 \u043d\u0430 \u0437\u0430\u044f\u0432\u043a\u0443:<\/strong><span class=\"ez-toc-section-end\"><\/span><\/h3>\n\n\n\n<p>\u041f\u043e\u0436\u0430\u043b\u0443\u0439\u0441\u0442\u0430, \u0432\u044b\u0431\u0435\u0440\u0438\u0442\u0435 \u043a\u0430\u043d\u0430\u043b, \u043f\u043e \u043a\u043e\u0442\u043e\u0440\u043e\u043c\u0443 \u0432\u044b \u0445\u043e\u0442\u0438\u0442\u0435 \u043f\u043e\u043b\u0443\u0447\u0430\u0442\u044c \u0443\u0432\u0435\u0434\u043e\u043c\u043b\u0435\u043d\u0438\u044f \u043e\u0431 \u043e\u0442\u0432\u0435\u0442\u0435 \u043d\u0430\u0448\u0435\u0439 \u043a\u043e\u043c\u043f\u0430\u043d\u0438\u0438 \u043d\u0430 \u0432\u0430\u0448\u0443 \u0437\u0430\u044f\u0432\u043a\u0443.<\/p>\n\n\n\n<p>\u042f \u0445\u043e\u0447\u0443, \u0447\u0442\u043e\u0431\u044b \u043e\u043d\u043e \u0431\u044b\u043b\u043e \u043e\u0442\u043f\u0440\u0430\u0432\u043b\u0435\u043d\u043e \u043d\u0430 \u0430\u0434\u0440\u0435\u0441 \u0443\u0432\u0435\u0434\u043e\u043c\u043b\u0435\u043d\u0438\u044f, \u043a\u043e\u0442\u043e\u0440\u044b\u0439 \u044f \u0443\u043a\u0430\u0437\u0430\u043b \u0432\u044b\u0448\u0435.<\/p>\n\n\n\n<figure class=\"wp-block-table\"><table><tbody><tr><td><\/td><\/tr><tr><td><\/td><td><\/td><\/tr><\/tbody><\/table><\/figure>\n\n\n\n<p>\u042f \u0445\u043e\u0447\u0443, \u0447\u0442\u043e\u0431\u044b \u0435\u0433\u043e \u043e\u0442\u043f\u0440\u0430\u0432\u0438\u043b\u0438 \u043d\u0430 \u0430\u0434\u0440\u0435\u0441 \u044d\u043b\u0435\u043a\u0442\u0440\u043e\u043d\u043d\u043e\u0439 \u043f\u043e\u0447\u0442\u044b, \u043a\u043e\u0442\u043e\u0440\u044b\u0439 \u044f \u0443\u043a\u0430\u0437\u0430\u043b \u0432\u044b\u0448\u0435.<\/p>\n\n\n\n<p>\u042f \u0437\u0430\u044f\u0432\u043b\u044f\u044e \u0438 \u0433\u0430\u0440\u0430\u043d\u0442\u0438\u0440\u0443\u044e, \u0447\u0442\u043e \u0438\u043d\u0444\u043e\u0440\u043c\u0430\u0446\u0438\u044f \u0438 \u0434\u043e\u043a\u0443\u043c\u0435\u043d\u0442\u044b, \u043a\u043e\u0442\u043e\u0440\u044b\u0435 \u044f \u043f\u0440\u0435\u0434\u043e\u0441\u0442\u0430\u0432\u0438\u043b \u0432\u0430\u043c \u0432 \u044d\u0442\u043e\u0439 \u0444\u043e\u0440\u043c\u0435 \u0437\u0430\u044f\u0432\u043a\u0438, \u044f\u0432\u043b\u044f\u044e\u0442\u0441\u044f \u043f\u0440\u0430\u0432\u0438\u043b\u044c\u043d\u044b\u043c\u0438 \u0438 \u0430\u043a\u0442\u0443\u0430\u043b\u044c\u043d\u044b\u043c\u0438, \u0447\u0442\u043e \u0432\u0430\u0448\u0430 \u041a\u043e\u043c\u043f\u0430\u043d\u0438\u044f \u043c\u043e\u0436\u0435\u0442 \u0437\u0430\u043f\u0440\u043e\u0441\u0438\u0442\u044c \u0434\u043e\u043f\u043e\u043b\u043d\u0438\u0442\u0435\u043b\u044c\u043d\u0443\u044e \u0438\u043d\u0444\u043e\u0440\u043c\u0430\u0446\u0438\u044e \u0434\u043b\u044f \u0437\u0430\u0432\u0435\u0440\u0448\u0435\u043d\u0438\u044f \u043c\u043e\u0435\u0439 \u0437\u0430\u044f\u0432\u043a\u0438, \u0438 \u0447\u0442\u043e \u043c\u0435\u043d\u044f \u043f\u0440\u043e\u0438\u043d\u0444\u043e\u0440\u043c\u0438\u0440\u043e\u0432\u0430\u043b\u0438 \u043e \u0442\u043e\u043c, \u0447\u0442\u043e \u044f \u043c\u043e\u0433\u0443 \u0434\u043e\u043b\u0436\u043d\u044b \u043e\u043f\u043b\u0430\u0442\u0438\u0442\u044c \u0441\u0431\u043e\u0440, \u043e\u043f\u0440\u0435\u0434\u0435\u043b\u0435\u043d\u043d\u044b\u0439 \u0421\u043e\u0432\u0435\u0442\u043e\u043c, \u0435\u0441\u043b\u0438 \u044d\u0442\u043e \u043f\u043e\u0442\u0440\u0435\u0431\u0443\u0435\u0442 \u0434\u043e\u043f\u043e\u043b\u043d\u0438\u0442\u0435\u043b\u044c\u043d\u044b\u0445 \u0440\u0430\u0441\u0445\u043e\u0434\u043e\u0432.<\/p>\n\n\n\n<p><strong><u>\u0437\u0430\u044f\u0432\u0438\u0442\u0435\u043b\u044f<\/u><\/strong><strong>;<\/strong><\/p>\n\n\n\n<p><strong>\u0418\u043c\u044f \u0424\u0430\u043c\u0438\u043b\u0438\u044f<br>\u0438\u0441\u0442\u043e\u0440\u0438\u044f<br>\u043f\u043e\u0434\u043f\u0438\u0441\u044c<\/strong><\/p>\n\n\n\n<p><\/p>\n\n\n\n<div class=\"wp-block-file\"><a id=\"wp-block-file--media-d7f57415-8c60-48b3-91f3-1d5c7c33fc8f\" href=\"https:\/\/ercagdis.com\/wp-content\/uploads\/2022\/02\/veri-sahibi-basvuru-formu.docx\">\u041d\u0430\u0436\u043c\u0438\u0442\u0435, \u0447\u0442\u043e\u0431\u044b \u0441\u043a\u0430\u0447\u0430\u0442\u044c<\/a><a href=\"https:\/\/ercagdis.com\/wp-content\/uploads\/2022\/02\/veri-sahibi-basvuru-formu.docx\" class=\"wp-block-file__button\" download aria-describedby=\"wp-block-file--media-d7f57415-8c60-48b3-91f3-1d5c7c33fc8f\">\u0424\u043e\u0440\u043c\u0430 \u0437\u0430\u044f\u0432\u043b\u0435\u043d\u0438\u044f \u0441\u0443\u0431\u044a\u0435\u043a\u0442\u0430 \u0434\u0430\u043d\u043d\u044b\u0445<\/a><\/div>","protected":false},"excerpt":{"rendered":"<p>\u0412\u044b \u043c\u043e\u0436\u0435\u0442\u0435 \u043f\u043e\u0434\u0430\u0442\u044c \u0437\u0430\u043f\u0440\u043e\u0441\u044b \u043e\u0442\u043d\u043e\u0441\u0438\u0442\u0435\u043b\u044c\u043d\u043e \u0432\u0430\u0448\u0438\u0445 \u043f\u0440\u0430\u0432, \u043f\u0435\u0440\u0435\u0447\u0438\u0441\u043b\u0435\u043d\u043d\u044b\u0445 \u0432 \u0441\u0442\u0430\u0442\u044c\u0435 11 \u0417\u0430\u043a\u043e\u043d\u0430 \u043e \u0437\u0430\u0449\u0438\u0442\u0435 \u043b\u0438\u0447\u043d\u044b\u0445 \u0434\u0430\u043d\u043d\u044b\u0445 \u2116 6698 (\u00abKVKK\u00bb), \u0437\u0430\u043f\u043e\u043b\u043d\u0438\u0432 \u044d\u0442\u0443 \u0444\u043e\u0440\u043c\u0443 \u0437\u0430\u044f\u0432\u043b\u0435\u043d\u0438\u044f \u0432\u043b\u0430\u0434\u0435\u043b\u044c\u0446\u0430 \u0434\u0430\u043d\u043d\u044b\u0445 \u0438 \u043e\u0442\u043f\u0440\u0430\u0432\u0438\u0432 \u0441\u0432\u043e\u0438 \u0437\u0430\u043f\u0440\u043e\u0441\u044b \u043f\u043e \u0441\u043b\u0435\u0434\u0443\u044e\u0449\u0438\u043c \u0448\u0435\u0441\u0442\u0438\u2026<\/p>","protected":false},"author":1,"featured_media":0,"parent":0,"menu_order":0,"comment_status":"closed","ping_status":"closed","template":"","meta":{"footnotes":""},"class_list":["post-6969","page","type-page","status-publish","hentry"],"_links":{"self":[{"href":"https:\/\/ercagdis.com\/ru\/wp-json\/wp\/v2\/pages\/6969","targetHints":{"allow":["GET"]}}],"collection":[{"href":"https:\/\/ercagdis.com\/ru\/wp-json\/wp\/v2\/pages"}],"about":[{"href":"https:\/\/ercagdis.com\/ru\/wp-json\/wp\/v2\/types\/page"}],"author":[{"embeddable":true,"href":"https:\/\/ercagdis.com\/ru\/wp-json\/wp\/v2\/users\/1"}],"replies":[{"embeddable":true,"href":"https:\/\/ercagdis.com\/ru\/wp-json\/wp\/v2\/comments?post=6969"}],"version-history":[{"count":0,"href":"https:\/\/ercagdis.com\/ru\/wp-json\/wp\/v2\/pages\/6969\/revisions"}],"wp:attachment":[{"href":"https:\/\/ercagdis.com\/ru\/wp-json\/wp\/v2\/media?parent=6969"}],"curies":[{"name":"wp","href":"https:\/\/api.w.org\/{rel}","templated":true}]}}