{"id":6913,"date":"2022-02-02T11:42:33","date_gmt":"2022-02-02T08:42:33","guid":{"rendered":"https:\/\/ercagdis.com\/?page_id=6913"},"modified":"2026-02-20T16:25:10","modified_gmt":"2026-02-20T13:25:10","slug":"%d0%bf%d0%be%d0%bb%d0%b8%d1%82%d0%b8%d0%ba%d0%b0-%d0%b8%d1%81%d0%bf%d0%be%d0%bb%d1%8c%d0%b7%d0%be%d0%b2%d0%b0%d0%bd%d0%b8%d1%8f-%d1%84%d0%b0%d0%b9%d0%bb%d0%be%d0%b2-cookie","status":"publish","type":"page","link":"https:\/\/ercagdis.com\/ru\/%d0%bf%d0%be%d0%bb%d0%b8%d1%82%d0%b8%d0%ba%d0%b0-%d0%b8%d1%81%d0%bf%d0%be%d0%bb%d1%8c%d0%b7%d0%be%d0%b2%d0%b0%d0%bd%d0%b8%d1%8f-%d1%84%d0%b0%d0%b9%d0%bb%d0%be%d0%b2-cookie\/","title":{"rendered":"\u041f\u043e\u043b\u0438\u0442\u0438\u043a\u0430 \u0438\u0441\u043f\u043e\u043b\u044c\u0437\u043e\u0432\u0430\u043d\u0438\u044f \u0444\u0430\u0439\u043b\u043e\u0432 cookie"},"content":{"rendered":"<p>\u0130\u015fbu \u00c7erez Politikas\u0131\u00a0 ER\u00c7A\u011e MUAYENEHANES\u0130 \u00a0taraf\u0131ndan y\u00fcr\u00fct\u00fclen internet siteleri ve mobil platformlar, \u00fc\u00e7\u00fcnc\u00fc parti programlar veya internet siteleri \u00fczerinden eri\u015filen, kullan\u0131lan platformlar\u0131n hepsi i\u00e7in ge\u00e7erlidir.<\/p>\r\n\r\n\r\n\r\n<p>1. \u0426\u0435\u043b\u044c \u0438\u0441\u043f\u043e\u043b\u044c\u0437\u043e\u0432\u0430\u043d\u0438\u044f \u0444\u0430\u0439\u043b\u043e\u0432 cookie<\/p>\r\n\r\n\r\n\r\n<p>\u0424\u0430\u0439\u043b\u044b cookie \u0441\u043e\u0445\u0440\u0430\u043d\u044f\u044e\u0442\u0441\u044f \u0432\u0435\u0431-\u0441\u0430\u0439\u0442\u0430\u043c\u0438 \u043d\u0430 \u043a\u043e\u043c\u043f\u044c\u044e\u0442\u0435\u0440\u0430\u0445, \u0441\u043c\u0430\u0440\u0442\u0444\u043e\u043d\u0430\u0445, \u043f\u043b\u0430\u043d\u0448\u0435\u0442\u0430\u0445 \u0438 \u0442. \u0434. \u042d\u0442\u043e \u0444\u0430\u0439\u043b\u044b \u043e\u043f\u0440\u0435\u0434\u0435\u043b\u0435\u043d\u0438\u0439, \u043e\u0441\u0442\u0430\u0432\u043b\u0435\u043d\u043d\u044b\u0435 \u0441\u0440\u0435\u0434\u0441\u0442\u0432\u0430\u043c \u0441\u0432\u044f\u0437\u0438. \u042d\u0442\u043e \u043f\u043e\u0437\u0432\u043e\u043b\u044f\u0435\u0442 \u0440\u0430\u0441\u043f\u043e\u0437\u043d\u0430\u0432\u0430\u0442\u044c \u0443\u0441\u0442\u0440\u043e\u0439\u0441\u0442\u0432\u0430, \u043a \u043a\u043e\u0442\u043e\u0440\u044b\u043c \u043e\u0441\u0443\u0449\u0435\u0441\u0442\u0432\u043b\u044f\u0435\u0442\u0441\u044f \u0434\u043e\u0441\u0442\u0443\u043f, \u0447\u0442\u043e\u0431\u044b \u0443\u043b\u0443\u0447\u0448\u0438\u0442\u044c \u0432\u0437\u0430\u0438\u043c\u043e\u0434\u0435\u0439\u0441\u0442\u0432\u0438\u0435 \u0441 \u043f\u043e\u043b\u044c\u0437\u043e\u0432\u0430\u0442\u0435\u043b\u0435\u043c \u043f\u0440\u0438 \u043f\u043e\u0432\u0442\u043e\u0440\u043d\u043e\u043c \u043f\u043e\u0441\u0435\u0449\u0435\u043d\u0438\u0438 \u0432\u0435\u0431-\u0441\u0430\u0439\u0442\u043e\u0432.<\/p>\r\n\r\n\r\n\r\n<p>\u0424\u0430\u0439\u043b\u044b cookie \u043f\u043e\u043c\u043e\u0433\u0430\u044e\u0442 \u0441\u043e\u043e\u0442\u0432\u0435\u0442\u0441\u0442\u0432\u0443\u044e\u0449\u0435\u043c\u0443 \u0432\u0435\u0431-\u0441\u0430\u0439\u0442\u0443 \u0437\u0430\u043f\u043e\u043c\u043d\u0438\u0442\u044c \u0438\u043d\u0444\u043e\u0440\u043c\u0430\u0446\u0438\u044e \u043e \u0432\u0430\u0448\u0435\u043c \u043f\u043e\u0441\u0435\u0449\u0435\u043d\u0438\u0438 \u043b\u044e\u0431\u043e\u0433\u043e \u0432\u0435\u0431-\u0441\u0430\u0439\u0442\u0430. \u042d\u0442\u043e \u043c\u043e\u0436\u0435\u0442 \u043e\u0431\u043b\u0435\u0433\u0447\u0438\u0442\u044c \u0432\u0430\u0448\u0435 \u0441\u043b\u0435\u0434\u0443\u044e\u0449\u0435\u0435 \u043f\u043e\u0441\u0435\u0449\u0435\u043d\u0438\u0435 \u0438 \u0441\u0434\u0435\u043b\u0430\u0442\u044c \u0441\u0430\u0439\u0442 \u0431\u043e\u043b\u0435\u0435 \u043f\u043e\u043b\u0435\u0437\u043d\u044b\u043c.<\/p>\r\n\r\n\r\n\r\n<p>\u0418\u0441\u043f\u043e\u043b\u044c\u0437\u043e\u0432\u0430\u043d\u0438\u0435 \u0444\u0430\u0439\u043b\u043e\u0432 cookie, \u043e\u0441\u0442\u0430\u0432\u043b\u0435\u043d\u043d\u044b\u0445 \u0432 FECR\u0130 EBC\u0130O\u011eLU S. N:6\/8 1. LEVENT\/ISTANBUL, \u043e\u0441\u0443\u0449\u0435\u0441\u0442\u0432\u043b\u044f\u0435\u0442\u0441\u044f \u0432 \u0441\u043e\u043e\u0442\u0432\u0435\u0442\u0441\u0442\u0432\u0438\u0438 \u0441 \u0417\u0430\u043a\u043e\u043d\u043e\u043c \u043e \u0437\u0430\u0449\u0438\u0442\u0435 \u043f\u0435\u0440\u0441\u043e\u043d\u0430\u043b\u044c\u043d\u044b\u0445 \u0434\u0430\u043d\u043d\u044b\u0445 \u2116 6698 \u0438 \u0437\u0430\u043a\u043e\u043d\u043e\u0434\u0430\u0442\u0435\u043b\u044c\u0441\u0442\u0432\u043e\u043c, \u043a\u043e\u0442\u043e\u0440\u043e\u0435 \u043c\u044b \u043e\u0431\u044f\u0437\u0430\u043d\u044b \u0441\u043e\u0431\u043b\u044e\u0434\u0430\u0442\u044c.<\/p>\r\n\r\n\r\n\r\n<p>&nbsp;<\/p>\r\n\r\n\r\n\r\n<p>2.\u0418\u0441\u043f\u043e\u043b\u044c\u0437\u043e\u0432\u0430\u043d\u0438\u0435 \u0444\u0430\u0439\u043b\u043e\u0432 cookie<\/p>\r\n\r\n\r\n\r\n<p><a href=\"https:\/\/ercagdis.com\/ru\/\">www.ercagdis.com<\/a> \u00a0\u041f\u043e\u0441\u0435\u0449\u0430\u044f \u0432\u0435\u0431-\u0441\u0430\u0439\u0442, \u0432\u044b \u0441\u043e\u0433\u043b\u0430\u0448\u0430\u0435\u0442\u0435\u0441\u044c \u0441 \u0442\u0435\u043c, \u0447\u0442\u043e \u043a\u043b\u0438\u043d\u0438\u043a\u0430 \u0440\u0430\u0437\u043c\u0435\u0449\u0430\u0435\u0442 \u043d\u0430 \u0432\u0430\u0448\u0435\u043c \u0443\u0441\u0442\u0440\u043e\u0439\u0441\u0442\u0432\u0435 \u0444\u0430\u0439\u043b\u044b cookie, \u043d\u0435\u043e\u0431\u0445\u043e\u0434\u0438\u043c\u044b\u0435 \u0434\u043b\u044f \u0438\u0441\u043f\u043e\u043b\u044c\u0437\u043e\u0432\u0430\u043d\u0438\u044f \u0432\u0435\u0431-\u0441\u0430\u0439\u0442\u0430.<\/p>\r\n\r\n\r\n\r\n<p>\u0415\u0441\u043b\u0438 \u0432\u044b \u043d\u0435 \u0445\u043e\u0442\u0438\u0442\u0435, \u0447\u0442\u043e\u0431\u044b \u043a\u043b\u0438\u043d\u0438\u043a\u0430 \u0438\u0441\u043f\u043e\u043b\u044c\u0437\u043e\u0432\u0430\u043b\u0430 \u0444\u0430\u0439\u043b\u044b cookie \u043d\u0430 \u0432\u0430\u0448\u0435\u043c \u0443\u0441\u0442\u0440\u043e\u0439\u0441\u0442\u0432\u0435, \u0432\u044b \u043c\u043e\u0436\u0435\u0442\u0435 \u043e\u0442\u043a\u0430\u0437\u0430\u0442\u044c\u0441\u044f \u043e\u0442 \u0438\u0441\u043f\u043e\u043b\u044c\u0437\u043e\u0432\u0430\u043d\u0438\u044f \u0444\u0430\u0439\u043b\u043e\u0432 cookie \u0432 \u0440\u0430\u0437\u0434\u0435\u043b\u0435 \u043d\u0430\u0441\u0442\u0440\u043e\u0435\u043a \u0444\u0430\u0439\u043b\u043e\u0432 cookie \u0432\u0430\u0448\u0435\u0433\u043e \u0431\u0440\u0430\u0443\u0437\u0435\u0440\u0430. \u0415\u0441\u043b\u0438 \u0432\u044b \u043e\u0442\u043a\u0430\u0436\u0435\u0442\u0435\u0441\u044c \u043e\u0442 \u0438\u0441\u043f\u043e\u043b\u044c\u0437\u043e\u0432\u0430\u043d\u0438\u044f \u0444\u0430\u0439\u043b\u043e\u0432 cookie, \u0432\u043e\u0437\u043c\u043e\u0436\u043d\u043e, \u0432\u044b \u043d\u0435 \u0441\u043c\u043e\u0436\u0435\u0442\u0435 \u043f\u0440\u0430\u0432\u0438\u043b\u044c\u043d\u043e \u0438\u0441\u043f\u043e\u043b\u044c\u0437\u043e\u0432\u0430\u0442\u044c \u043d\u0435\u043a\u043e\u0442\u043e\u0440\u044b\u0435 \u0447\u0430\u0441\u0442\u0438 \u0432\u0435\u0431-\u0441\u0430\u0439\u0442\u0430.<\/p>\r\n\r\n\r\n\r\n<p>\u041f\u0440\u0438 \u043d\u0435\u043e\u0431\u0445\u043e\u0434\u0438\u043c\u043e\u0441\u0442\u0438 \u041a\u043b\u0438\u043d\u0438\u043a\u0430 \u043c\u043e\u0436\u0435\u0442 \u043f\u0440\u0435\u043a\u0440\u0430\u0442\u0438\u0442\u044c \u0438\u0441\u043f\u043e\u043b\u044c\u0437\u043e\u0432\u0430\u043d\u0438\u0435 \u0438\u0441\u043f\u043e\u043b\u044c\u0437\u0443\u0435\u043c\u044b\u0445 \u0435\u044e \u0444\u0430\u0439\u043b\u043e\u0432 cookie, \u0438\u0437\u043c\u0435\u043d\u0438\u0442\u044c \u0438\u0445 \u0442\u0438\u043f\u044b \u0438\u043b\u0438 \u0444\u0443\u043d\u043a\u0446\u0438\u0438 \u0438\u043b\u0438 \u0434\u043e\u0431\u0430\u0432\u0438\u0442\u044c \u043d\u0430 \u0432\u0435\u0431-\u0441\u0430\u0439\u0442 \u043d\u043e\u0432\u044b\u0435 \u0444\u0430\u0439\u043b\u044b cookie. \u0412 \u0441\u043b\u0443\u0447\u0430\u0435 \u0438\u0437\u043c\u0435\u043d\u0435\u043d\u0438\u044f \u041f\u043e\u043b\u0438\u0442\u0438\u043a\u0438 \u0438\u0441\u043f\u043e\u043b\u044c\u0437\u043e\u0432\u0430\u043d\u0438\u044f \u0444\u0430\u0439\u043b\u043e\u0432 cookie \u0438\u0437\u043c\u0435\u043d\u0435\u043d\u043d\u0430\u044f \u043f\u043e\u043b\u0438\u0442\u0438\u043a\u0430 \u0431\u0443\u0434\u0435\u0442 \u0434\u0435\u0439\u0441\u0442\u0432\u0438\u0442\u0435\u043b\u044c\u043d\u0430 \u0441 \u0434\u0430\u0442\u044b \u0438\u0437\u043c\u0435\u043d\u0435\u043d\u0438\u044f.<\/p>\r\n\r\n\r\n\r\n<p>3. \u0422\u0438\u043f\u044b \u0438\u0441\u043f\u043e\u043b\u044c\u0437\u0443\u0435\u043c\u044b\u0445 \u0444\u0430\u0439\u043b\u043e\u0432 cookie \u0438 \u0446\u0435\u043b\u0438 \u0438\u0445 \u0438\u0441\u043f\u043e\u043b\u044c\u0437\u043e\u0432\u0430\u043d\u0438\u044f<\/p>\r\n\r\n\r\n\r\n<p>\u0421\u0435\u0430\u043d\u0441\u043e\u0432\u044b\u0435 \u0444\u0430\u0439\u043b\u044b cookie: \u043e\u0442\u043d\u043e\u0441\u044f\u0442\u0441\u044f \u043a \u0432\u0440\u0435\u043c\u0435\u043d\u043d\u044b\u043c \u0444\u0430\u0439\u043b\u0430\u043c cookie, \u043a\u043e\u0442\u043e\u0440\u044b\u0435 \u0441\u043e\u0445\u0440\u0430\u043d\u044f\u044e\u0442\u0441\u044f \u043d\u0430 \u0432\u0430\u0448\u0438\u0445 \u0443\u0441\u0442\u0440\u043e\u0439\u0441\u0442\u0432\u0430\u0445 \u0434\u043e \u0442\u0435\u0445 \u043f\u043e\u0440, \u043f\u043e\u043a\u0430 \u0432\u044b \u043d\u0435 \u043f\u043e\u043a\u0438\u043d\u0435\u0442\u0435 \u0432\u0435\u0431-\u0441\u0430\u0439\u0442.<\/p>\r\n\r\n\r\n\r\n<p>\u041f\u043e\u0441\u0442\u043e\u044f\u043d\u043d\u044b\u0435 \u0444\u0430\u0439\u043b\u044b cookie: \u044d\u0442\u043e \u0444\u0430\u0439\u043b\u044b cookie, \u043a\u043e\u0442\u043e\u0440\u044b\u0435 \u043e\u0441\u0442\u0430\u044e\u0442\u0441\u044f \u043d\u0430 \u0436\u0435\u0441\u0442\u043a\u043e\u043c \u0434\u0438\u0441\u043a\u0435 \u0432\u0430\u0448\u0435\u0433\u043e \u0443\u0441\u0442\u0440\u043e\u0439\u0441\u0442\u0432\u0430 \u0432 \u0442\u0435\u0447\u0435\u043d\u0438\u0435 \u0434\u043b\u0438\u0442\u0435\u043b\u044c\u043d\u043e\u0433\u043e \u0432\u0440\u0435\u043c\u0435\u043d\u0438.<\/p>\r\n\r\n\r\n\r\n<p>\u041e\u0431\u044f\u0437\u0430\u0442\u0435\u043b\u044c\u043d\u044b\u0435 \u0444\u0430\u0439\u043b\u044b cookie: \u043e\u0431\u0435\u0441\u043f\u0435\u0447\u0438\u0432\u0430\u044e\u0442 \u043f\u0440\u0430\u0432\u0438\u043b\u044c\u043d\u0443\u044e \u0440\u0430\u0431\u043e\u0442\u0443 \u0432\u0435\u0431-\u0441\u0430\u0439\u0442\u0430 \u0438 \u043f\u043e\u0437\u0432\u043e\u043b\u044f\u044e\u0442 \u043f\u043e\u043b\u044c\u0437\u043e\u0432\u0430\u0442\u0435\u043b\u044f\u043c \u043f\u0435\u0440\u0435\u043c\u0435\u0449\u0430\u0442\u044c\u0441\u044f \u043f\u043e \u0441\u0430\u0439\u0442\u0443 \u0438 \u043f\u043e\u043b\u044c\u0437\u043e\u0432\u0430\u0442\u044c\u0441\u044f \u0435\u0433\u043e \u0444\u0443\u043d\u043a\u0446\u0438\u044f\u043c\u0438. \u041e\u0431\u044f\u0437\u0430\u0442\u0435\u043b\u044c\u043d\u044b\u0435 \u0444\u0430\u0439\u043b\u044b cookie \u044f\u0432\u043b\u044f\u044e\u0442\u0441\u044f \u0430\u043d\u043e\u043d\u0438\u043c\u043d\u044b\u043c\u0438.<\/p>\r\n\r\n\r\n\r\n<p>\u0424\u0443\u043d\u043a\u0446\u0438\u043e\u043d\u0430\u043b\u044c\u043d\u044b\u0435 \u0438 \u0430\u043d\u0430\u043b\u0438\u0442\u0438\u0447\u0435\u0441\u043a\u0438\u0435 \u0444\u0430\u0439\u043b\u044b cookie: \u043e\u043d\u0438 \u0432\u043a\u043b\u044e\u0447\u0430\u044e\u0442 \u0434\u0430\u043d\u043d\u044b\u0435 \u043e \u0437\u0430\u043f\u043e\u043c\u0438\u043d\u0430\u043d\u0438\u0438 \u0432\u0430\u0448\u0438\u0445 \u043f\u0440\u0435\u0434\u043f\u043e\u0447\u0442\u0435\u043d\u0438\u0439, \u044d\u0444\u0444\u0435\u043a\u0442\u0438\u0432\u043d\u043e\u043c \u0438\u0441\u043f\u043e\u043b\u044c\u0437\u043e\u0432\u0430\u043d\u0438\u0438 \u0432\u0435\u0431-\u0441\u0430\u0439\u0442\u0430, \u043e\u043f\u0442\u0438\u043c\u0438\u0437\u0430\u0446\u0438\u0438 \u0441\u0430\u0439\u0442\u0430 \u0434\u043b\u044f \u043e\u0442\u0432\u0435\u0442\u0430 \u043d\u0430 \u0437\u0430\u043f\u0440\u043e\u0441\u044b \u043f\u043e\u043b\u044c\u0437\u043e\u0432\u0430\u0442\u0435\u043b\u0435\u0439 \u0438 \u043e \u0442\u043e\u043c, \u043a\u0430\u043a \u043f\u043e\u0441\u0435\u0442\u0438\u0442\u0435\u043b\u0438 \u0438\u0441\u043f\u043e\u043b\u044c\u0437\u0443\u044e\u0442 \u0441\u0430\u0439\u0442. \u041f\u043e \u0441\u0432\u043e\u0435\u0439 \u043f\u0440\u0438\u0440\u043e\u0434\u0435 \u044d\u0442\u0438 \u0442\u0438\u043f\u044b \u0444\u0430\u0439\u043b\u043e\u0432 cookie \u0441\u043e\u0434\u0435\u0440\u0436\u0430\u0442 \u0438\u043c\u0435\u043d\u0430 \u043f\u043e\u043b\u044c\u0437\u043e\u0432\u0430\u0442\u0435\u043b\u0435\u0439 \u0438 \u0442. \u0434. \u043c\u043e\u0436\u0435\u0442 \u0441\u043e\u0434\u0435\u0440\u0436\u0430\u0442\u044c \u0432\u0430\u0448\u0443 \u043b\u0438\u0447\u043d\u0443\u044e \u0438\u043d\u0444\u043e\u0440\u043c\u0430\u0446\u0438\u044e.<\/p>\r\n\r\n\r\n\r\n<p>\u0421\u0440\u043e\u043a \u0445\u0440\u0430\u043d\u0435\u043d\u0438\u044f \u0441\u0435\u0430\u043d\u0441\u043e\u0432\u044b\u0445, \u043f\u043e\u0441\u0442\u043e\u044f\u043d\u043d\u044b\u0445, \u0444\u0443\u043d\u043a\u0446\u0438\u043e\u043d\u0430\u043b\u044c\u043d\u044b\u0445 \u0438 \u0430\u043d\u0430\u043b\u0438\u0442\u0438\u0447\u0435\u0441\u043a\u0438\u0445 \u0444\u0430\u0439\u043b\u043e\u0432 cookie, \u043e\u043f\u0438\u0441\u0430\u043d\u043d\u044b\u0445 \u0432\u044b\u0448\u0435, \u0441\u043e\u0441\u0442\u0430\u0432\u043b\u044f\u0435\u0442 \u043f\u0440\u0438\u043c\u0435\u0440\u043d\u043e \u0448\u0435\u0441\u0442\u044c \u043c\u0435\u0441\u044f\u0446\u0435\u0432, \u043d\u043e \u043d\u0430 \u044d\u0442\u043e\u0442 \u043f\u0435\u0440\u0438\u043e\u0434 \u043c\u043e\u0436\u043d\u043e \u0432\u043d\u0435\u0441\u0442\u0438 \u043d\u0435\u043e\u0431\u0445\u043e\u0434\u0438\u043c\u044b\u0435 \u0438\u0437\u043c\u0435\u043d\u0435\u043d\u0438\u044f \u0432 \u043d\u0430\u0441\u0442\u0440\u043e\u0439\u043a\u0438 \u0438\u043d\u0442\u0435\u0440\u043d\u0435\u0442-\u0431\u0440\u0430\u0443\u0437\u0435\u0440\u0430, \u0438\u0437 \u043a\u043e\u0442\u043e\u0440\u043e\u0433\u043e \u043e\u0441\u0443\u0449\u0435\u0441\u0442\u0432\u043b\u044f\u0435\u0442\u0441\u044f \u0434\u043e\u0441\u0442\u0443\u043f \u043a \u043d\u0430\u0448\u0435\u043c\u0443 \u0441\u0430\u0439\u0442\u0443.<\/p>\r\n\r\n\r\n\r\n<p>\u0418\u043d\u0444\u043e\u0440\u043c\u0430\u0446\u0438\u044f, \u043f\u043e\u043b\u0443\u0447\u0435\u043d\u043d\u0430\u044f \u0438\u0437 \u0444\u0430\u0439\u043b\u043e\u0432 cookie, \u0438\u0441\u043f\u043e\u043b\u044c\u0437\u0443\u0435\u043c\u044b\u0445 \u0443\u043f\u043e\u043c\u044f\u043d\u0443\u0442\u043e\u0439 \u0432\u044b\u0448\u0435 \u041a\u043b\u0438\u043d\u0438\u043a\u043e\u0439, \u043c\u043e\u0436\u0435\u0442 \u043e\u0431\u0440\u0430\u0431\u0430\u0442\u044b\u0432\u0430\u0442\u044c\u0441\u044f \u0441 \u0432\u0430\u0448\u0435\u0433\u043e \u0441\u043e\u0433\u043b\u0430\u0441\u0438\u044f, \u043a\u043e\u0433\u0434\u0430 \u044d\u0442\u043e \u043d\u0435\u043e\u0431\u0445\u043e\u0434\u0438\u043c\u043e \u0432 \u0441\u043e\u043e\u0442\u0432\u0435\u0442\u0441\u0442\u0432\u0438\u0438 \u0441\u043e \u0441\u0442\u0430\u0442\u044c\u044f\u043c\u0438 5 \u0438 8 \u0417\u0430\u043a\u043e\u043d\u0430 \u2116 6698, \u0432 \u043f\u0440\u043e\u0442\u0438\u0432\u043d\u043e\u043c \u0441\u043b\u0443\u0447\u0430\u0435 \u0431\u0435\u0437 \u0432\u0430\u0448\u0435\u0433\u043e \u0441\u043e\u0433\u043b\u0430\u0441\u0438\u044f, \u0432 \u043f\u0440\u0435\u0434\u0435\u043b\u0430\u0445 \u0438\u0441\u043a\u043b\u044e\u0447\u0435\u043d\u0438\u0439, \u0443\u043a\u0430\u0437\u0430\u043d\u043d\u044b\u0445 \u0432 \u0441\u0442\u0430\u0442\u044c\u044f\u0445 5. \u0438 8 \u0417\u0430\u043a\u043e\u043d\u0430, \u0434\u043b\u044f \u0432\u044b\u0448\u0435\u0443\u043a\u0430\u0437\u0430\u043d\u043d\u044b\u0445 \u0446\u0435\u043b\u0435\u0439. \u041a\u0430\u043a \u041a\u043b\u0438\u043d\u0438\u043a\u0430, \u043c\u044b \u0437\u0430\u044f\u0432\u043b\u044f\u0435\u043c, \u0447\u0442\u043e \u043c\u043e\u0436\u0435\u043c \u043f\u0435\u0440\u0435\u0434\u0430\u0432\u0430\u0442\u044c \u0432\u0430\u0448\u0438 \u043f\u0435\u0440\u0441\u043e\u043d\u0430\u043b\u044c\u043d\u044b\u0435 \u0434\u0430\u043d\u043d\u044b\u0435 \u0432 \u0440\u0430\u043c\u043a\u0430\u0445 \u041f\u043e\u043b\u0438\u0442\u0438\u043a\u0438 \u0438\u0441\u043f\u043e\u043b\u044c\u0437\u043e\u0432\u0430\u043d\u0438\u044f \u0444\u0430\u0439\u043b\u043e\u0432 cookie \u0442\u0440\u0435\u0442\u044c\u0438\u043c \u043b\u0438\u0446\u0430\u043c \u0438 \u0434\u0435\u043b\u043e\u0432\u044b\u043c \u043f\u0430\u0440\u0442\u043d\u0435\u0440\u0430\u043c, \u043a\u043e\u0442\u043e\u0440\u044b\u0435 \u0441\u0432\u044f\u0437\u0430\u043d\u044b \u0441 \u041a\u043b\u0438\u043d\u0438\u043a\u043e\u0439, \u0432 \u0441\u043e\u043e\u0442\u0432\u0435\u0442\u0441\u0442\u0432\u0438\u0438 \u0441 \u0437\u0430\u043a\u043e\u043d\u043e\u0434\u0430\u0442\u0435\u043b\u044c\u0441\u0442\u0432\u043e\u043c, \u043e\u0433\u0440\u0430\u043d\u0438\u0447\u0438\u0432\u0430\u044f\u0441\u044c \u0446\u0435\u043b\u044f\u043c\u0438, \u0443\u043a\u0430\u0437\u0430\u043d\u043d\u044b\u043c\u0438 \u0432\u044b\u0448\u0435, \u0438 \u0447\u0442\u043e \u0441\u0442\u043e\u0440\u043e\u043d\u044b, \u043a\u043e\u0442\u043e\u0440\u044b\u043c \u043f\u0435\u0440\u0435\u0434\u0430\u044e\u0442\u0441\u044f \u0432\u0430\u0448\u0438 \u0434\u0430\u043d\u043d\u044b\u0435, \u043c\u043e\u0433\u0443\u0442 \u0445\u0440\u0430\u043d\u0438\u0442\u044c \u0432\u0430\u0448\u0438 \u043f\u0435\u0440\u0441\u043e\u043d\u0430\u043b\u044c\u043d\u044b\u0435 \u0434\u0430\u043d\u043d\u044b\u0435 \u043d\u0430 \u0441\u0432\u043e\u0438\u0445 \u0441\u043e\u0431\u0441\u0442\u0432\u0435\u043d\u043d\u044b\u0445 \u0441\u0435\u0440\u0432\u0435\u0440\u0430\u0445.<\/p>\r\n\r\n\r\n\r\n<p>4.\u00a0\u00a0\u00a0\u00a0\u00a0\u00a0\u00a0\u00a0\u00a0\u00a0\u00a0 \u00c7erez Kullan\u0131m\u0131n\u0131 Kontrol Etme Yollar\u0131<\/p>\r\n\r\n\r\n\r\n<p>\u0423 \u0432\u0430\u0441 \u0435\u0441\u0442\u044c \u0432\u043e\u0437\u043c\u043e\u0436\u043d\u043e\u0441\u0442\u044c \u043f\u0435\u0440\u0441\u043e\u043d\u0430\u043b\u0438\u0437\u0438\u0440\u043e\u0432\u0430\u0442\u044c \u0441\u0432\u043e\u0438 \u043f\u0440\u0435\u0434\u043f\u043e\u0447\u0442\u0435\u043d\u0438\u044f \u0432 \u043e\u0442\u043d\u043e\u0448\u0435\u043d\u0438\u0438 \u0444\u0430\u0439\u043b\u043e\u0432 cookie, \u0438\u0437\u043c\u0435\u043d\u0438\u0432 \u043d\u0430\u0441\u0442\u0440\u043e\u0439\u043a\u0438 \u0432\u0430\u0448\u0435\u0433\u043e \u0431\u0440\u0430\u0443\u0437\u0435\u0440\u0430.<\/p>\r\n\r\n\r\n\r\n<p>5.\u00a0\u00a0\u00a0\u00a0\u00a0\u00a0\u00a0\u00a0\u00a0\u00a0\u00a0 Taraf\u0131n\u0131zdan Elde Edilen \u00c7erezlere \u0130li\u015fkin KVKK Kapsam\u0131ndaki Haklar\u0131n\u0131z<\/p>\r\n\r\n\r\n\r\n<p>\u0412 \u0441\u043e\u043e\u0442\u0432\u0435\u0442\u0441\u0442\u0432\u0438\u0438 \u0441\u043e \u0441\u0442\u0430\u0442\u044c\u0435\u0439 11 \u041a\u0412\u041a\u041a \u043a\u0430\u0436\u0434\u044b\u0439 \u043c\u043e\u0436\u0435\u0442 \u043e\u0431\u0440\u0430\u0442\u0438\u0442\u044c\u0441\u044f \u043a \u043a\u043e\u043d\u0442\u0440\u043e\u043b\u0435\u0440\u0443 \u0434\u0430\u043d\u043d\u044b\u0445 \u0438;<\/p>\r\n\r\n\r\n\r\n<p>\u2022\u00a0\u00a0\u00a0\u00a0\u00a0\u00a0\u00a0\u00a0\u00a0\u00a0\u00a0\u00a0 Ki\u015fisel veri i\u015flenip i\u015flenmedi\u011fini \u00f6\u011frenme,<\/p>\r\n\r\n\r\n\r\n<p>\u2022\u00a0\u00a0\u00a0\u00a0\u00a0\u00a0\u00a0\u00a0\u00a0\u00a0\u00a0\u00a0 Ki\u015fisel verileri i\u015flenmi\u015fse buna ili\u015fkin bilgi talep etme,<\/p>\r\n\r\n\r\n\r\n<p>\u2022\u00a0\u00a0\u00a0\u00a0\u00a0\u00a0\u00a0\u00a0\u00a0\u00a0\u00a0\u00a0 Ki\u015fisel verilerin i\u015flenme amac\u0131n\u0131 ve bunlar\u0131n amac\u0131na uygun kullan\u0131l\u0131p kullan\u0131lmad\u0131\u011f\u0131n\u0131 \u00f6\u011frenme,<\/p>\r\n\r\n\r\n\r\n<p>\u2022\u00a0\u00a0\u00a0\u00a0\u00a0\u00a0\u00a0\u00a0\u00a0\u00a0\u00a0\u00a0 Yurt i\u00e7inde \u00a0ki\u015fisel verilerin aktar\u0131ld\u0131\u011f\u0131 \u00fc\u00e7\u00fcnc\u00fc ki\u015fileri bilme,<\/p>\r\n\r\n\r\n\r\n<p>\u2022\u00a0\u00a0\u00a0\u00a0\u00a0\u00a0\u00a0\u00a0\u00a0\u00a0\u00a0\u00a0 Ki\u015fisel verilerin eksik veya yanl\u0131\u015f i\u015flenmi\u015f olmas\u0131 h\u00e2linde bunlar\u0131n d\u00fczeltilmesini isteme,<\/p>\r\n\r\n\r\n\r\n<p>\u2022\u00a0\u00a0\u00a0\u00a0\u00a0\u00a0\u00a0\u00a0\u00a0\u00a0\u00a0\u00a0 Kanun ve ilgili di\u011fer kanun h\u00fck\u00fcmlerine uygun olarak i\u015flenmi\u015f olmas\u0131na ra\u011fmen, i\u015flenmesini gerektiren sebeplerin ortadan kalkmas\u0131 h\u00e2linde ki\u015fisel verilerin silinmesini veya yok edilmesini isteme,<\/p>\r\n\r\n\r\n\r\n<p>\u2022\u00a0\u00a0\u00a0\u00a0\u00a0\u00a0\u00a0\u00a0\u00a0\u00a0\u00a0\u00a0 Eksik veya yanl\u0131\u015f verilerin d\u00fczeltilmesi ile ki\u015fisel verilerin silinmesi veya yok edilmesinin talep edilmesi halinde, bu durumunun ki\u015fisel verilerin aktar\u0131ld\u0131\u011f\u0131 \u00fc\u00e7\u00fcnc\u00fc ki\u015filere bildirilmesini isteme,<\/p>\r\n\r\n\r\n\r\n<p>\u2022\u00a0\u00a0\u00a0\u00a0\u00a0\u00a0\u00a0\u00a0\u00a0\u00a0\u00a0\u00a0 \u0130\u015flenen verilerin m\u00fcnhas\u0131ran otomatik sistemler vas\u0131tas\u0131yla analiz edilmesi suretiyle ki\u015finin kendisi aleyhine bir sonucun ortaya \u00e7\u0131kmas\u0131na itiraz etme,<\/p>\r\n\r\n\r\n\r\n<p>\u2022\u00a0\u00a0\u00a0\u00a0\u00a0\u00a0\u00a0\u00a0\u00a0\u00a0\u00a0\u00a0 Ki\u015fisel verilerin kanuna ayk\u0131r\u0131 olarak i\u015flenmesi sebebiyle zarara u\u011framas\u0131 h\u00e2linde zarar\u0131n giderilmesini talep etme,<\/p>\r\n\r\n\r\n\r\n<p>\u0438\u043c\u0435\u0435\u0442 \u043f\u0440\u0430\u0432\u0430.<\/p>\r\n\r\n\r\n\r\n<p>\u0427\u0442\u043e\u0431\u044b \u0432\u043e\u0441\u043f\u043e\u043b\u044c\u0437\u043e\u0432\u0430\u0442\u044c\u0441\u044f \u0441\u0432\u043e\u0438\u043c\u0438 \u043f\u0440\u0430\u0432\u0430\u043c\u0438, \u043f\u0435\u0440\u0435\u0447\u0438\u0441\u043b\u0435\u043d\u043d\u044b\u043c\u0438 \u0432\u044b\u0448\u0435:<\/p>\r\n\r\n\r\n\r\n<p>\u2022\u00a0\u00a0\u00a0\u00a0\u00a0\u00a0\u00a0\u00a0\u00a0\u00a0\u00a0\u00a0 Yukar\u0131da adresi yaz\u0131lan klini\u011fimizden<\/p>\r\n\r\n\r\n\r\n<p>\u2022\u00a0\u00a0\u00a0\u00a0\u00a0\u00a0\u00a0\u00a0\u00a0\u00a0\u00a0\u00a0 Yukar\u0131da belirtilen internet sitemizden\u00a0<\/p>\r\n\r\n\r\n\r\n<p>\u0412\u044b \u0434\u043e\u043b\u0436\u043d\u044b \u0437\u0430\u043f\u043e\u043b\u043d\u0438\u0442\u044c \u0444\u043e\u0440\u043c\u0443 \u0437\u0430\u044f\u0432\u043b\u0435\u043d\u0438\u044f \u0441\u0443\u0431\u044a\u0435\u043a\u0442\u0430 \u0434\u0430\u043d\u043d\u044b\u0445, \u043a\u043e\u0442\u043e\u0440\u0443\u044e \u0432\u044b \u043f\u043e\u043b\u0443\u0447\u0438\u0442\u0435, \u0438 \u043e\u0442\u043f\u0440\u0430\u0432\u0438\u0442\u044c \u0435\u0435 \u0441 \u043c\u043e\u043a\u0440\u043e\u0439 \u043f\u043e\u0434\u043f\u0438\u0441\u044c\u044e \u043d\u0430 \u0430\u0434\u0440\u0435\u0441 \u043a\u043b\u0438\u043d\u0438\u043a\u0438 \u0432\u0440\u0443\u0447\u043d\u0443\u044e, \u043f\u043e \u043f\u043e\u0447\u0442\u0435 \u0438\u043b\u0438 \u0447\u0435\u0440\u0435\u0437 \u043d\u043e\u0442\u0430\u0440\u0438\u0443\u0441\u0430, \u0438\u043b\u0438 \u043d\u0430 \u043d\u0430\u0448 \u0430\u0434\u0440\u0435\u0441 \u044d\u043b\u0435\u043a\u0442\u0440\u043e\u043d\u043d\u043e\u0439 \u043f\u043e\u0447\u0442\u044b, \u0443\u043a\u0430\u0437\u0430\u043d\u043d\u044b\u0439 \u0432\u044b\u0448\u0435, \u0447\u0435\u0440\u0435\u0437 \u0432\u0430\u0448 \u0430\u0434\u0440\u0435\u0441 \u044d\u043b\u0435\u043a\u0442\u0440\u043e\u043d\u043d\u043e\u0439 \u043f\u043e\u0447\u0442\u044b. \u0447\u0442\u043e \u0432\u044b \u0440\u0430\u043d\u0435\u0435 \u0443\u0432\u0435\u0434\u043e\u043c\u0438\u043b\u0438 \u043d\u0430\u0441 \u0438 \u0437\u0430\u0440\u0435\u0433\u0438\u0441\u0442\u0440\u0438\u0440\u043e\u0432\u0430\u043b\u0438\u0441\u044c \u0432 \u043d\u0430\u0448\u0435\u0439 \u0441\u0438\u0441\u0442\u0435\u043c\u0435.<\/p>\r\n\r\n\r\n\r\n<p>\u041d\u0430 \u0437\u0430\u044f\u0432\u043a\u0438, \u043f\u043e\u0434\u0430\u043d\u043d\u044b\u0435, \u043a\u0430\u043a \u0443\u043a\u0430\u0437\u0430\u043d\u043e \u0432\u044b\u0448\u0435, \u0431\u0443\u0434\u0443\u0442 \u0434\u0430\u043d\u044b \u0431\u0435\u0441\u043f\u043b\u0430\u0442\u043d\u044b\u0435 \u043e\u0442\u0432\u0435\u0442\u044b \u0432 \u043a\u0440\u0430\u0442\u0447\u0430\u0439\u0448\u0438\u0435 \u0441\u0440\u043e\u043a\u0438, \u043d\u043e \u043d\u0435 \u043f\u043e\u0437\u0434\u043d\u0435\u0435, \u0447\u0435\u043c \u0432 \u0442\u0435\u0447\u0435\u043d\u0438\u0435 30 (\u0442\u0440\u0438\u0434\u0446\u0430\u0442\u0438) \u0434\u043d\u0435\u0439. \u041e\u0434\u043d\u0430\u043a\u043e, \u0435\u0441\u043b\u0438 \u0442\u0440\u0430\u043d\u0437\u0430\u043a\u0446\u0438\u044f, \u044f\u0432\u043b\u044f\u044e\u0449\u0430\u044f\u0441\u044f \u043f\u0440\u0435\u0434\u043c\u0435\u0442\u043e\u043c \u0432\u0430\u0448\u0435\u0433\u043e \u0437\u0430\u043f\u0440\u043e\u0441\u0430, \u0432\u044b\u0437\u044b\u0432\u0430\u0435\u0442 \u0434\u043e\u043f\u043e\u043b\u043d\u0438\u0442\u0435\u043b\u044c\u043d\u044b\u0435 \u0440\u0430\u0441\u0445\u043e\u0434\u044b, \u041a\u043b\u0438\u043d\u0438\u043a\u0430 \u0432\u0437\u0438\u043c\u0430\u0435\u0442 \u043f\u043b\u0430\u0442\u0443 \u043f\u043e \u0442\u0430\u0440\u0438\u0444\u0443, \u0443\u0441\u0442\u0430\u043d\u043e\u0432\u043b\u0435\u043d\u043d\u043e\u043c\u0443 \u0421\u043e\u0432\u0435\u0442\u043e\u043c \u043f\u043e \u0437\u0430\u0449\u0438\u0442\u0435 \u043b\u0438\u0447\u043d\u044b\u0445 \u0434\u0430\u043d\u043d\u044b\u0445.<\/p>\r\n\r\n\r\n\r\n<p>&nbsp;<\/p>\r\n\r\n\r\n\r\n<div class=\"wp-block-file\"><a id=\"wp-block-file--media-c289207c-6156-495f-8247-2191ba348ebe\" href=\"https:\/\/ercagdis.com\/wp-content\/uploads\/2022\/02\/CEREZ-POLITIKASI-1.docx\">\u041d\u0430\u0436\u043c\u0438\u0442\u0435, \u0447\u0442\u043e\u0431\u044b \u0441\u043a\u0430\u0447\u0430\u0442\u044c <\/a><a class=\"wp-block-file__button\" href=\"https:\/\/ercagdis.com\/wp-content\/uploads\/2022\/02\/CEREZ-POLITIKASI-1.docx\" download=\"\" aria-describedby=\"wp-block-file--media-c289207c-6156-495f-8247-2191ba348ebe\">\u041f\u041e\u041b\u0418\u0422\u0418\u041a\u0410 \u0412 \u041e\u0411\u041b\u0410\u0421\u0422\u0418 \u041a\u0423\u041a\u0418<\/a><\/div>","protected":false},"excerpt":{"rendered":"<p>\u0130\u015fbu \u00c7erez Politikas\u0131\u00a0 ER\u00c7A\u011e MUAYENEHANES\u0130 \u00a0taraf\u0131ndan y\u00fcr\u00fct\u00fclen internet siteleri ve mobil platformlar, \u00fc\u00e7\u00fcnc\u00fc parti programlar veya internet siteleri \u00fczerinden eri\u015filen,&#8230;<\/p>","protected":false},"author":1,"featured_media":0,"parent":0,"menu_order":0,"comment_status":"closed","ping_status":"closed","template":"","meta":{"footnotes":""},"class_list":["post-6913","page","type-page","status-publish","hentry"],"_links":{"self":[{"href":"https:\/\/ercagdis.com\/ru\/wp-json\/wp\/v2\/pages\/6913","targetHints":{"allow":["GET"]}}],"collection":[{"href":"https:\/\/ercagdis.com\/ru\/wp-json\/wp\/v2\/pages"}],"about":[{"href":"https:\/\/ercagdis.com\/ru\/wp-json\/wp\/v2\/types\/page"}],"author":[{"embeddable":true,"href":"https:\/\/ercagdis.com\/ru\/wp-json\/wp\/v2\/users\/1"}],"replies":[{"embeddable":true,"href":"https:\/\/ercagdis.com\/ru\/wp-json\/wp\/v2\/comments?post=6913"}],"version-history":[{"count":1,"href":"https:\/\/ercagdis.com\/ru\/wp-json\/wp\/v2\/pages\/6913\/revisions"}],"predecessor-version":[{"id":8776,"href":"https:\/\/ercagdis.com\/ru\/wp-json\/wp\/v2\/pages\/6913\/revisions\/8776"}],"wp:attachment":[{"href":"https:\/\/ercagdis.com\/ru\/wp-json\/wp\/v2\/media?parent=6913"}],"curies":[{"name":"wp","href":"https:\/\/api.w.org\/{rel}","templated":true}]}}