{"id":6777,"date":"2022-01-14T16:21:49","date_gmt":"2022-01-14T13:21:49","guid":{"rendered":"https:\/\/ercagdis.com\/?page_id=6777"},"modified":"2025-10-31T17:02:55","modified_gmt":"2025-10-31T14:02:55","slug":"%d0%ba%d0%b2%d0%ba%d0%ba","status":"publish","type":"page","link":"https:\/\/ercagdis.com\/ru\/%d0%ba%d0%b2%d0%ba%d0%ba\/","title":{"rendered":"\u041a\u0412\u041a\u041a"},"content":{"rendered":"<section class=\"wpb-content-wrapper\"><div      class=\"vc_row wpb_row section vc_row-fluid\" style=' text-align:left;'><div class=\"full_section_inner clearfix\"><div class=\"wpb_column vc_column_container vc_col-sm-12\"><div class=\"vc_column-inner\"><div class=\"wpb_wrapper\">\n\t<div class=\"wpb_text_column wpb_content_element\">\n\t\t<div class=\"wpb_wrapper\">\n\t\t\t<h2 id=\"ercag-agiz-ve-dis-sagligi-klinigi\" class=\"has-text-align-center wp-block-heading\">\u041a\u041b\u0418\u041d\u0418\u041a\u0410 \u0421\u0422\u041e\u041c\u0410\u0422\u041e\u041b\u041e\u0413\u0418\u0427\u0415\u0421\u041a\u041e\u0413\u041e \u0417\u0414\u041e\u0420\u041e\u0412\u042c\u042f \u042d\u0420\u0427\u0410\u0413<\/h2>\n<p>&nbsp;<\/p>\n<h2 id=\"kisisel-verilerin-islenmesi-ve-korunmasi-politikasi\" class=\"has-text-align-center wp-block-heading\"><strong>\u041f\u043e\u043b\u0438\u0442\u0438\u043a\u0430 \u043e\u0431\u0440\u0430\u0431\u043e\u0442\u043a\u0438 \u0438 \u0437\u0430\u0449\u0438\u0442\u044b \u043f\u0435\u0440\u0441\u043e\u043d\u0430\u043b\u044c\u043d\u044b\u0445 \u0434\u0430\u043d\u043d\u044b\u0445<\/strong><\/h2>\n<p>&nbsp;<\/p>\n<hr class=\"wp-block-separator has-text-color has-background has-cyan-bluish-gray-background-color has-cyan-bluish-gray-color is-style-wide\" \/>\n<p>&nbsp;<\/p>\n<p class=\"has-text-align-center\">\u041a\u0430\u043a \u0441\u0442\u043e\u043c\u0430\u0442\u043e\u043b\u043e\u0433\u0438\u0447\u0435\u0441\u043a\u0430\u044f \u043a\u043b\u0438\u043d\u0438\u043a\u0430 Er\u00e7a\u011f, \u0432 \u0441\u043e\u043e\u0442\u0432\u0435\u0442\u0441\u0442\u0432\u0438\u0438 \u0441 \u0417\u0430\u043a\u043e\u043d\u043e\u043c \u043e \u0437\u0430\u0449\u0438\u0442\u0435 \u043f\u0435\u0440\u0441\u043e\u043d\u0430\u043b\u044c\u043d\u044b\u0445 \u0434\u0430\u043d\u043d\u044b\u0445 \u2116 6698; \u0412\u044b \u043c\u043e\u0436\u0435\u0442\u0435 \u043f\u043e\u043b\u0443\u0447\u0438\u0442\u044c \u0434\u043e\u0441\u0442\u0443\u043f \u043a \u0438\u043d\u0444\u043e\u0440\u043c\u0430\u0446\u0438\u0438 \u043e \u0446\u0435\u043b\u044f\u0445 \u043e\u0431\u0440\u0430\u0431\u043e\u0442\u043a\u0438 \u043f\u0435\u0440\u0441\u043e\u043d\u0430\u043b\u044c\u043d\u044b\u0445 \u0434\u0430\u043d\u043d\u044b\u0445, \u0446\u0435\u043b\u044f\u0445 \u043f\u0435\u0440\u0435\u0434\u0430\u0447\u0438 \u0438 \u043f\u0435\u0440\u0435\u0434\u0430\u0447\u0438 \u043f\u0435\u0440\u0441\u043e\u043d\u0430\u043b\u044c\u043d\u044b\u0445 \u0434\u0430\u043d\u043d\u044b\u0445, \u0441\u043f\u043e\u0441\u043e\u0431\u0435 \u0441\u0431\u043e\u0440\u0430 \u043f\u0435\u0440\u0441\u043e\u043d\u0430\u043b\u044c\u043d\u044b\u0445 \u0434\u0430\u043d\u043d\u044b\u0445, \u0437\u0430\u043a\u043e\u043d\u043d\u043e\u043c \u043e\u0441\u043d\u043e\u0432\u0430\u043d\u0438\u0438 \u0438 \u0441\u0440\u043e\u043a\u0435 \u0445\u0440\u0430\u043d\u0435\u043d\u0438\u044f, \u0430 \u0442\u0430\u043a\u0436\u0435 \u043f\u0440\u0430\u0432\u0430\u0445 \u0441\u0443\u0431\u044a\u0435\u043a\u0442\u0430 \u043f\u0435\u0440\u0441\u043e\u043d\u0430\u043b\u044c\u043d\u044b\u0445 \u0434\u0430\u043d\u043d\u044b\u0445.<\/p>\n<p>&nbsp;<\/p>\n<hr class=\"wp-block-separator has-text-color has-background has-cyan-bluish-gray-background-color has-cyan-bluish-gray-color is-style-wide\" \/>\n<p>\u00a0<\/p>\n\n\t\t<\/div> \n\t<\/div> \t<div class=\"vc_empty_space\"  style=\"height: 64px\" ><span\n\t\t\tclass=\"vc_empty_space_inner\">\n\t\t\t<span class=\"empty_space_image\"  ><\/span>\n\t\t<\/span><\/div>\n\n<\/div><\/div><\/div><\/div><\/div><\/section>","protected":false},"excerpt":{"rendered":"ER\u00c7A\u011e A\u011eIZ VE D\u0130\u015e SA\u011eLI\u011eI KL\u0130N\u0130\u011e\u0130 &nbsp; Ki\u015fisel Verilerin \u0130\u015flenmesi Ve Korunmas\u0131 Politikas\u0131 &nbsp; &nbsp; Er\u00e7a\u011f Di\u015f Klini\u011fi olarak 6698...","protected":false},"author":1,"featured_media":0,"parent":0,"menu_order":0,"comment_status":"closed","ping_status":"closed","template":"","meta":{"footnotes":""},"class_list":["post-6777","page","type-page","status-publish","hentry"],"_links":{"self":[{"href":"https:\/\/ercagdis.com\/ru\/wp-json\/wp\/v2\/pages\/6777","targetHints":{"allow":["GET"]}}],"collection":[{"href":"https:\/\/ercagdis.com\/ru\/wp-json\/wp\/v2\/pages"}],"about":[{"href":"https:\/\/ercagdis.com\/ru\/wp-json\/wp\/v2\/types\/page"}],"author":[{"embeddable":true,"href":"https:\/\/ercagdis.com\/ru\/wp-json\/wp\/v2\/users\/1"}],"replies":[{"embeddable":true,"href":"https:\/\/ercagdis.com\/ru\/wp-json\/wp\/v2\/comments?post=6777"}],"version-history":[{"count":1,"href":"https:\/\/ercagdis.com\/ru\/wp-json\/wp\/v2\/pages\/6777\/revisions"}],"predecessor-version":[{"id":8656,"href":"https:\/\/ercagdis.com\/ru\/wp-json\/wp\/v2\/pages\/6777\/revisions\/8656"}],"wp:attachment":[{"href":"https:\/\/ercagdis.com\/ru\/wp-json\/wp\/v2\/media?parent=6777"}],"curies":[{"name":"wp","href":"https:\/\/api.w.org\/{rel}","templated":true}]}}