{"id":446,"date":"2019-01-14T13:52:09","date_gmt":"2019-01-14T10:52:09","guid":{"rendered":"https:\/\/ercagdis.com\/?page_id=446"},"modified":"2021-12-02T16:19:45","modified_gmt":"2021-12-02T13:19:45","slug":"%d0%b7%d1%83%d0%b1%d0%bd%d1%8b%d0%b5-%d0%bf%d1%80%d0%be%d1%82%d0%b5%d0%b7%d1%8b","status":"publish","type":"page","link":"https:\/\/ercagdis.com\/ru\/%d0%b7%d1%83%d0%b1%d0%bd%d1%8b%d0%b5-%d0%bf%d1%80%d0%be%d1%82%d0%b5%d0%b7%d1%8b\/","title":{"rendered":"\u0417\u0443\u0431\u043d\u044b\u0435 \u043f\u0440\u043e\u0442\u0435\u0437\u044b"},"content":{"rendered":"<div id=\"ez-toc-container\" class=\"ez-toc-v2_0_75 counter-hierarchy ez-toc-counter ez-toc-grey ez-toc-container-direction\">\n<p class=\"ez-toc-title\" style=\"cursor:inherit\">Yaz\u0131 \u0130\u00e7eri\u011fi<\/p>\n<label for=\"ez-toc-cssicon-toggle-item-69d0e809a9a19\" class=\"ez-toc-cssicon-toggle-label\"><span class=\"\"><span class=\"eztoc-hide\" style=\"display:none;\">\u043f\u0435\u0440\u0435\u043a\u043b\u044e\u0447\u0430\u0442\u044c<\/span><span class=\"ez-toc-icon-toggle-span\"><svg style=\"fill: #999;color:#999\" xmlns=\"http:\/\/www.w3.org\/2000\/svg\" class=\"list-377408\" width=\"20px\" height=\"20px\" viewbox=\"0 0 24 24\" fill=\"none\"><path d=\"M6 6H4v2h2V6zm14 0H8v2h12V6zM4 11h2v2H4v-2zm16 0H8v2h12v-2zM4 16h2v2H4v-2zm16 0H8v2h12v-2z\" fill=\"currentColor\"><\/path><\/svg><svg style=\"fill: #999;color:#999\" class=\"arrow-unsorted-368013\" xmlns=\"http:\/\/www.w3.org\/2000\/svg\" width=\"10px\" height=\"10px\" viewbox=\"0 0 24 24\" version=\"1.2\" baseprofile=\"tiny\"><path d=\"M18.2 9.3l-6.2-6.3-6.2 6.3c-.2.2-.3.4-.3.7s.1.5.3.7c.2.2.4.3.7.3h11c.3 0 .5-.1.7-.3.2-.2.3-.5.3-.7s-.1-.5-.3-.7zM5.8 14.7l6.2 6.3 6.2-6.3c.2-.2.3-.5.3-.7s-.1-.5-.3-.7c-.2-.2-.4-.3-.7-.3h-11c-.3 0-.5.1-.7.3-.2.2-.3.5-.3.7s.1.5.3.7z\"\/><\/svg><\/span><\/span><\/label><input type=\"checkbox\"  id=\"ez-toc-cssicon-toggle-item-69d0e809a9a19\"  aria-label=\"\u043f\u0435\u0440\u0435\u043a\u043b\u044e\u0447\u0430\u0442\u044c\" \/><nav><ul class='ez-toc-list ez-toc-list-level-1' ><li class='ez-toc-page-1 ez-toc-heading-level-3'><a class=\"ez-toc-link ez-toc-heading-1\" href=\"https:\/\/ercagdis.com\/ru\/%d0%b7%d1%83%d0%b1%d0%bd%d1%8b%d0%b5-%d0%bf%d1%80%d0%be%d1%82%d0%b5%d0%b7%d1%8b\/#Hareketli_Protezler\" >\u0421\u044a\u0435\u043c\u043d\u044b\u0435 \u043f\u0440\u043e\u0442\u0435\u0437\u044b<\/a><ul class='ez-toc-list-level-4' ><li class='ez-toc-heading-level-4'><a class=\"ez-toc-link ez-toc-heading-2\" href=\"https:\/\/ercagdis.com\/ru\/%d0%b7%d1%83%d0%b1%d0%bd%d1%8b%d0%b5-%d0%bf%d1%80%d0%be%d1%82%d0%b5%d0%b7%d1%8b\/#Hareketli_protezler_dise_nasil_tutunur\" >\u041a\u0430\u043a \u0441\u044a\u0435\u043c\u043d\u044b\u0435 \u043f\u0440\u043e\u0442\u0435\u0437\u044b \u043a\u0440\u0435\u043f\u044f\u0442\u0441\u044f \u043a \u0437\u0443\u0431\u0430\u043c?<\/a><\/li><li class='ez-toc-page-1 ez-toc-heading-level-4'><a class=\"ez-toc-link ez-toc-heading-3\" href=\"https:\/\/ercagdis.com\/ru\/%d0%b7%d1%83%d0%b1%d0%bd%d1%8b%d0%b5-%d0%bf%d1%80%d0%be%d1%82%d0%b5%d0%b7%d1%8b\/#Hareketli_protezler_hangi_maddeden_yapilir\" >\u0418\u0437 \u043a\u0430\u043a\u043e\u0433\u043e \u043c\u0430\u0442\u0435\u0440\u0438\u0430\u043b\u0430 \u0438\u0437\u0433\u043e\u0442\u0430\u0432\u043b\u0438\u0432\u0430\u044e\u0442 \u0441\u044a\u0435\u043c\u043d\u044b\u0435 \u043f\u0440\u043e\u0442\u0435\u0437\u044b?<\/a><\/li><li class='ez-toc-page-1 ez-toc-heading-level-4'><a class=\"ez-toc-link ez-toc-heading-4\" href=\"https:\/\/ercagdis.com\/ru\/%d0%b7%d1%83%d0%b1%d0%bd%d1%8b%d0%b5-%d0%bf%d1%80%d0%be%d1%82%d0%b5%d0%b7%d1%8b\/#Hareketli_protezlerin_bakimi_nasil_yapilir\" >\u041a\u0430\u043a \u0443\u0445\u0430\u0436\u0438\u0432\u0430\u0442\u044c \u0437\u0430 \u0441\u044a\u0435\u043c\u043d\u044b\u043c\u0438 \u043f\u0440\u043e\u0442\u0435\u0437\u0430\u043c\u0438?<\/a><\/li><li class='ez-toc-page-1 ez-toc-heading-level-4'><a class=\"ez-toc-link ez-toc-heading-5\" href=\"https:\/\/ercagdis.com\/ru\/%d0%b7%d1%83%d0%b1%d0%bd%d1%8b%d0%b5-%d0%bf%d1%80%d0%be%d1%82%d0%b5%d0%b7%d1%8b\/#Sabit_Protezler\" >\u0424\u0438\u043a\u0441\u0438\u0440\u043e\u0432\u0430\u043d\u043d\u044b\u0435 \u043f\u0440\u043e\u0442\u0435\u0437\u044b<\/a><\/li><li class='ez-toc-page-1 ez-toc-heading-level-4'><a class=\"ez-toc-link ez-toc-heading-6\" href=\"https:\/\/ercagdis.com\/ru\/%d0%b7%d1%83%d0%b1%d0%bd%d1%8b%d0%b5-%d0%bf%d1%80%d0%be%d1%82%d0%b5%d0%b7%d1%8b\/#Kopruler_ne_icin_yapilir\" >\u0414\u043b\u044f \u0447\u0435\u0433\u043e \u043d\u0443\u0436\u043d\u044b \u043c\u043e\u0441\u0442\u044b?<\/a><\/li><li class='ez-toc-page-1 ez-toc-heading-level-4'><a class=\"ez-toc-link ez-toc-heading-7\" href=\"https:\/\/ercagdis.com\/ru\/%d0%b7%d1%83%d0%b1%d0%bd%d1%8b%d0%b5-%d0%bf%d1%80%d0%be%d1%82%d0%b5%d0%b7%d1%8b\/#Sabit_protezlerde_kullanilan_materyaller_nelerdir\" >\u041a\u0430\u043a\u0438\u0435 \u043c\u0430\u0442\u0435\u0440\u0438\u0430\u043b\u044b \u0438\u0441\u043f\u043e\u043b\u044c\u0437\u0443\u044e\u0442\u0441\u044f \u0432 \u043d\u0435\u0441\u044a\u0435\u043c\u043d\u044b\u0445 \u043f\u0440\u043e\u0442\u0435\u0437\u0430\u0445?<\/a><\/li><\/ul><\/li><\/ul><\/nav><\/div>\n<h3><span class=\"ez-toc-section\" id=\"Hareketli_Protezler\"><\/span>\u0421\u044a\u0435\u043c\u043d\u044b\u0435 \u043f\u0440\u043e\u0442\u0435\u0437\u044b<span class=\"ez-toc-section-end\"><\/span><\/h3>\n<p><img decoding=\"async\" class=\"alignnone wp-image-6348\" src=\"https:\/\/ercagdis.com\/wp-content\/uploads\/2019\/07\/hareketli-protezler-300x200.jpg\" alt=\"\" width=\"392\" height=\"261\" title=\"\" srcset=\"https:\/\/ercagdis.com\/wp-content\/uploads\/2019\/07\/hareketli-protezler-300x200.jpg 300w, https:\/\/ercagdis.com\/wp-content\/uploads\/2019\/07\/hareketli-protezler-150x100.jpg 150w, https:\/\/ercagdis.com\/wp-content\/uploads\/2019\/07\/hareketli-protezler.jpg 509w\" sizes=\"(max-width: 392px) 100vw, 392px\" \/><\/p>\n<p>\u042d\u0442\u043e \u043f\u0440\u043e\u0442\u0435\u0437\u044b, \u043a\u043e\u0442\u043e\u0440\u044b\u0435 \u043f\u0430\u0446\u0438\u0435\u043d\u0442 \u043c\u043e\u0436\u0435\u0442 \u0441\u043d\u044f\u0442\u044c \u043f\u0440\u0438 \u0436\u0435\u043b\u0430\u043d\u0438\u0438 \u0438 \u043f\u043e\u043b\u043e\u0436\u0438\u0442\u044c \u043e\u0431\u0440\u0430\u0442\u043d\u043e \u0432 \u0440\u043e\u0442 \u043f\u043e\u0441\u043b\u0435 \u043e\u0447\u0438\u0441\u0442\u043a\u0438. \u0418\u0445 \u0447\u0430\u0441\u0442\u043e \u0438\u0441\u043f\u043e\u043b\u044c\u0437\u0443\u044e\u0442, \u043a\u043e\u0433\u0434\u0430 \u043e\u0442\u0441\u0443\u0442\u0441\u0442\u0432\u0443\u044e\u0442 \u043c\u043d\u043e\u0433\u0438\u0435 \u0438\u043b\u0438 \u0432\u0441\u0435 \u0437\u0443\u0431\u044b. \u041e\u0431\u044b\u0447\u043d\u043e \u043f\u043e\u0441\u043b\u0435 \u0443\u0434\u0430\u043b\u0435\u043d\u0438\u044f \u0437\u0443\u0431\u0430 \u043d\u0443\u0436\u043d\u043e \u043f\u043e\u0434\u043e\u0436\u0434\u0430\u0442\u044c \u043d\u0435\u0441\u043a\u043e\u043b\u044c\u043a\u043e \u043d\u0435\u0434\u0435\u043b\u044c. \u042d\u0442\u043e \u0434\u0430\u0435\u0442 \u0432\u043e\u0437\u043c\u043e\u0436\u043d\u043e\u0441\u0442\u044c \u043a\u043e\u0441\u0442\u0438 \u0438 \u0434\u0435\u0441\u043d\u0435 \u0437\u0430\u0436\u0438\u0442\u044c \u0432 \u0442\u043e\u043c \u043c\u0435\u0441\u0442\u0435, \u0433\u0434\u0435 \u0431\u0443\u0434\u0435\u0442 \u0438\u0437\u0433\u043e\u0442\u043e\u0432\u043b\u0435\u043d \u043f\u0440\u043e\u0442\u0435\u0437. \u041e\u0434\u043d\u0430\u043a\u043e \u0432 \u043d\u0435\u043a\u043e\u0442\u043e\u0440\u044b\u0445 \u0441\u043b\u0443\u0447\u0430\u044f\u0445 \u0440\u0430\u0437\u0440\u044b\u0432 \u043c\u043e\u0436\u0435\u0442 \u043f\u043e\u0442\u0440\u0435\u0431\u043e\u0432\u0430\u0442\u044c\u0441\u044f \u0437\u0430\u043f\u043e\u043b\u043d\u0438\u0442\u044c \u0441\u0440\u0430\u0437\u0443 \u043f\u043e\u0441\u043b\u0435 \u0443\u0434\u0430\u043b\u0435\u043d\u0438\u044f \u0437\u0443\u0431\u0430. \u0418\u0437\u0433\u043e\u0442\u043e\u0432\u043b\u0435\u043d\u043d\u044b\u0435 \u0442\u0430\u043a\u0438\u043c \u043e\u0431\u0440\u0430\u0437\u043e\u043c \u043f\u0440\u043e\u0442\u0435\u0437\u044b \u044f\u0432\u043b\u044f\u044e\u0442\u0441\u044f \u0432\u0440\u0435\u043c\u0435\u043d\u043d\u044b\u043c\u0438 \u0438 \u043f\u043e\u0434\u043b\u0435\u0436\u0430\u0442 \u0437\u0430\u043c\u0435\u043d\u0435 \u0432 \u0442\u0435\u0447\u0435\u043d\u0438\u0435 6 \u043c\u0435\u0441\u044f\u0446\u0435\u0432. \u0421\u043e \u0432\u0440\u0435\u043c\u0435\u043d\u0435\u043c \u043f\u0440\u043e\u0442\u0435\u0437 \u043c\u043e\u0436\u0435\u0442 \u0438\u0437\u043d\u0430\u0448\u0438\u0432\u0430\u0442\u044c\u0441\u044f, \u043b\u043e\u043c\u0430\u0442\u044c\u0441\u044f \u0438\u043b\u0438 \u0442\u0435\u0440\u044f\u0442\u044c \u043f\u0440\u0438\u043b\u0435\u0433\u0430\u043d\u0438\u0435 \u043a \u0447\u0435\u043b\u044e\u0441\u0442\u0438. \u042d\u0442\u043e \u043c\u043e\u0436\u0435\u0442 \u043f\u0440\u0438\u0432\u0435\u0441\u0442\u0438 \u043a \u043f\u043e\u0432\u0440\u0435\u0436\u0434\u0435\u043d\u0438\u044e \u0447\u0435\u043b\u044e\u0441\u0442\u043d\u043e\u0439 \u043a\u043e\u0441\u0442\u0438. \u041f\u0435\u0440\u0432\u044b\u0439 \u043c\u0435\u0441\u044f\u0446 \u043d\u043e\u0448\u0435\u043d\u0438\u044f \u0441\u044a\u0435\u043c\u043d\u044b\u0445 \u043f\u0440\u043e\u0442\u0435\u0437\u043e\u0432 \u2013 \u043f\u0435\u0440\u0438\u043e\u0434 \u0430\u0434\u0430\u043f\u0442\u0430\u0446\u0438\u0438 \u0432 \u043f\u043b\u0430\u043d\u0435 \u0432\u044b\u043f\u043e\u043b\u043d\u0435\u043d\u0438\u044f \u0436\u0435\u0432\u0430\u0442\u0435\u043b\u044c\u043d\u044b\u0445 \u0438 \u0440\u0435\u0447\u0435\u0432\u044b\u0445 \u0444\u0443\u043d\u043a\u0446\u0438\u0439. \u041b\u044e\u0431\u044b\u0435 \u043d\u0435\u0441\u043e\u0432\u043c\u0435\u0441\u0442\u0438\u043c\u043e\u0441\u0442\u0438 (\u0432\u043e\u0437\u0434\u0435\u0439\u0441\u0442\u0432\u0438\u044f), \u043a\u043e\u0442\u043e\u0440\u044b\u0435 \u043c\u043e\u0433\u0443\u0442 \u0432\u043e\u0437\u043d\u0438\u043a\u043d\u0443\u0442\u044c \u0441 \u043f\u0440\u043e\u0442\u0435\u0437\u043e\u043c, \u0441\u043b\u0435\u0434\u0443\u0435\u0442 \u0443\u0441\u0442\u0440\u0430\u043d\u044f\u0442\u044c \u043f\u0443\u0442\u0435\u043c \u043f\u0440\u043e\u0432\u0435\u0440\u043e\u043a.<\/p>\n<p>&nbsp;<\/p>\n<h4><span class=\"ez-toc-section\" id=\"Hareketli_protezler_dise_nasil_tutunur\"><\/span>\u041a\u0430\u043a \u0441\u044a\u0435\u043c\u043d\u044b\u0435 \u043f\u0440\u043e\u0442\u0435\u0437\u044b \u043a\u0440\u0435\u043f\u044f\u0442\u0441\u044f \u043a \u0437\u0443\u0431\u0430\u043c?<span class=\"ez-toc-section-end\"><\/span><\/h4>\n<p>\u041a\u0440\u0435\u043f\u043b\u0435\u043d\u0438\u0435 \u043f\u0440\u043e\u0442\u0435\u0437\u0430 \u043a \u0437\u0443\u0431\u0443 \u043e\u0431\u0435\u0441\u043f\u0435\u0447\u0438\u0432\u0430\u0435\u0442\u0441\u044f \u043a\u0440\u044e\u0447\u043a\u0430\u043c\u0438, \u043d\u0430\u0437\u044b\u0432\u0430\u0435\u043c\u044b\u043c\u0438 \u043a\u043b\u0430\u043c\u043c\u0435\u0440\u0430\u043c\u0438. \u041e\u0434\u043d\u0430\u043a\u043e \u0441\u0435\u0433\u043e\u0434\u043d\u044f \u0431\u043e\u043b\u0435\u0435 \u044d\u0441\u0442\u0435\u0442\u0438\u0447\u043d\u044b\u0435 \u0440\u0435\u0448\u0435\u043d\u0438\u044f \u043c\u043e\u0436\u043d\u043e \u043f\u043e\u043b\u0443\u0447\u0438\u0442\u044c \u0441 \u043f\u043e\u043c\u043e\u0449\u044c\u044e \u043f\u0440\u0435\u0446\u0438\u0437\u0438\u043e\u043d\u043d\u044b\u0445 \u0441\u043e\u0435\u0434\u0438\u043d\u0435\u043d\u0438\u0439 \u0438\u043b\u0438 \u0442\u0435\u043b\u0435\u0441\u043a\u043e\u043f\u0438\u0447\u0435\u0441\u043a\u0438\u0445 \u043a\u043e\u0440\u043e\u043d\u043e\u043a.<\/p>\n<p>&nbsp;<\/p>\n<h4><span class=\"ez-toc-section\" id=\"Hareketli_protezler_hangi_maddeden_yapilir\"><\/span>\u0418\u0437 \u043a\u0430\u043a\u043e\u0433\u043e \u043c\u0430\u0442\u0435\u0440\u0438\u0430\u043b\u0430 \u0438\u0437\u0433\u043e\u0442\u0430\u0432\u043b\u0438\u0432\u0430\u044e\u0442 \u0441\u044a\u0435\u043c\u043d\u044b\u0435 \u043f\u0440\u043e\u0442\u0435\u0437\u044b?<span class=\"ez-toc-section-end\"><\/span><\/h4>\n<p>\u0421\u044a\u0435\u043c\u043d\u044b\u0435 \u043f\u0440\u043e\u0442\u0435\u0437\u044b \u0438\u0437\u0433\u043e\u0442\u0430\u0432\u043b\u0438\u0432\u0430\u044e\u0442\u0441\u044f \u0438\u0437 \u043a\u043e\u043c\u0431\u0438\u043d\u0430\u0446\u0438\u0438 \u0441\u043f\u0435\u0446\u0438\u0430\u043b\u044c\u043d\u044b\u0445 \u043f\u043b\u0430\u0441\u0442\u043c\u0430\u0441\u0441 \u0438 \u043c\u0435\u0442\u0430\u043b\u043b\u043e\u0432 \u0438\u043b\u0438, \u0432 \u0437\u0430\u0432\u0438\u0441\u0438\u043c\u043e\u0441\u0442\u0438 \u043e\u0442 \u0441\u043b\u0443\u0447\u0430\u044f, \u0442\u043e\u043b\u044c\u043a\u043e \u0441\u043f\u0435\u0446\u0438\u0430\u043b\u044c\u043d\u044b\u0445 \u043f\u043b\u0430\u0441\u0442\u043c\u0430\u0441\u0441. \u0417\u0443\u0431\u044b, \u0438\u0441\u043f\u043e\u043b\u044c\u0437\u0443\u0435\u043c\u044b\u0435 \u0432 \u0441\u044a\u0435\u043c\u043d\u044b\u0445 \u043f\u0440\u043e\u0442\u0435\u0437\u0430\u0445, \u043e\u0431\u044b\u0447\u043d\u043e \u0432\u044b\u0431\u0438\u0440\u0430\u044e\u0442\u0441\u044f \u0438\u0437 \u043f\u043b\u0430\u0441\u0442\u0438\u043a\u043e\u0432\u044b\u0445 \u0437\u0443\u0431\u043e\u0432. \u041d\u0435 \u0440\u0435\u043a\u043e\u043c\u0435\u043d\u0434\u0443\u0435\u0442\u0441\u044f \u0438\u0441\u043f\u043e\u043b\u044c\u0437\u043e\u0432\u0430\u0442\u044c \u0444\u0430\u0440\u0444\u043e\u0440\u043e\u0432\u044b\u0435 \u0437\u0443\u0431\u044b, \u043f\u043e\u0441\u043a\u043e\u043b\u044c\u043a\u0443 \u043e\u043d\u0438 \u043d\u0435\u043f\u0440\u0430\u0432\u0438\u043b\u044c\u043d\u043e \u043f\u0435\u0440\u0435\u0434\u0430\u044e\u0442 \u0432\u0435\u0441 \u0438 \u0441\u0438\u043b\u0443 \u043c\u044f\u0433\u043a\u0438\u043c \u0442\u043a\u0430\u043d\u044f\u043c.<\/p>\n<p>&nbsp;<\/p>\n<h4><span class=\"ez-toc-section\" id=\"Hareketli_protezlerin_bakimi_nasil_yapilir\"><\/span>\u041a\u0430\u043a \u0443\u0445\u0430\u0436\u0438\u0432\u0430\u0442\u044c \u0437\u0430 \u0441\u044a\u0435\u043c\u043d\u044b\u043c\u0438 \u043f\u0440\u043e\u0442\u0435\u0437\u0430\u043c\u0438?<span class=\"ez-toc-section-end\"><\/span><\/h4>\n<p>\u0421\u044a\u0435\u043c\u043d\u044b\u0435 \u043f\u0440\u043e\u0442\u0435\u0437\u044b \u0441\u043b\u0435\u0434\u0443\u0435\u0442 \u0441\u043d\u0438\u043c\u0430\u0442\u044c \u0438 \u0447\u0438\u0441\u0442\u0438\u0442\u044c \u0449\u0435\u0442\u043a\u043e\u0439 \u043f\u043e\u0441\u043b\u0435 \u043a\u0430\u0436\u0434\u043e\u0433\u043e \u043f\u0440\u0438\u0435\u043c\u0430 \u043f\u0438\u0449\u0438. \u0415\u0433\u043e \u0441\u043b\u0435\u0434\u0443\u0435\u0442 \u0447\u0438\u0441\u0442\u0438\u0442\u044c \u043e\u0434\u0438\u043d \u0440\u0430\u0437 \u0432 \u0434\u0435\u043d\u044c \u0441\u043f\u0435\u0446\u0438\u0430\u043b\u044c\u043d\u044b\u043c\u0438 \u0447\u0438\u0441\u0442\u044f\u0449\u0438\u043c\u0438 \u0441\u0440\u0435\u0434\u0441\u0442\u0432\u0430\u043c\u0438. \u0412\u044b \u043c\u043e\u0436\u0435\u0442\u0435 \u043f\u0440\u0435\u0434\u043e\u0442\u0432\u0440\u0430\u0442\u0438\u0442\u044c \u043f\u043e\u0442\u0435\u0440\u044e \u0432\u043e\u0434\u044b \u0438 \u0443\u0445\u0443\u0434\u0448\u0435\u043d\u0438\u0435 \u0441\u043e\u0441\u0442\u043e\u044f\u043d\u0438\u044f \u043f\u0440\u043e\u0442\u0435\u0437\u0430, \u0435\u0441\u043b\u0438 \u0431\u0443\u0434\u0435\u0442\u0435 \u0434\u0435\u0440\u0436\u0430\u0442\u044c \u0435\u0433\u043e \u0432 \u0447\u0438\u0441\u0442\u043e\u0439 \u0432\u043e\u0434\u0435, \u043a\u043e\u0433\u0434\u0430 \u0432\u044b \u0438\u043c \u043d\u0435 \u043f\u043e\u043b\u044c\u0437\u0443\u0435\u0442\u0435\u0441\u044c.<\/p>\n<p>&nbsp;<\/p>\n<h4><span class=\"ez-toc-section\" id=\"Sabit_Protezler\"><\/span>\u0424\u0438\u043a\u0441\u0438\u0440\u043e\u0432\u0430\u043d\u043d\u044b\u0435 \u043f\u0440\u043e\u0442\u0435\u0437\u044b<span class=\"ez-toc-section-end\"><\/span><\/h4>\n<p>&nbsp;<\/p>\n<p><img decoding=\"async\" class=\"alignnone wp-image-6385\" src=\"https:\/\/ercagdis.com\/wp-content\/uploads\/2019\/07\/zirkonyum-protez-300x150.jpg\" alt=\"\" width=\"398\" height=\"199\" title=\"\" srcset=\"https:\/\/ercagdis.com\/wp-content\/uploads\/2019\/07\/zirkonyum-protez-300x150.jpg 300w, https:\/\/ercagdis.com\/wp-content\/uploads\/2019\/07\/zirkonyum-protez-150x75.jpg 150w, https:\/\/ercagdis.com\/wp-content\/uploads\/2019\/07\/zirkonyum-protez-768x384.jpg 768w, https:\/\/ercagdis.com\/wp-content\/uploads\/2019\/07\/zirkonyum-protez-1024x512.jpg 1024w, https:\/\/ercagdis.com\/wp-content\/uploads\/2019\/07\/zirkonyum-protez-1000x500.jpg 1000w, https:\/\/ercagdis.com\/wp-content\/uploads\/2019\/07\/zirkonyum-protez-700x350.jpg 700w, https:\/\/ercagdis.com\/wp-content\/uploads\/2019\/07\/zirkonyum-protez.jpg 2000w\" sizes=\"(max-width: 398px) 100vw, 398px\" \/><\/p>\n<p>\u041c\u043e\u0441\u0442\u044b \u2013 \u044d\u0442\u043e \u043d\u0435\u0441\u044a\u0435\u043c\u043d\u044b\u0435 \u0438\u0441\u043a\u0443\u0441\u0441\u0442\u0432\u0435\u043d\u043d\u044b\u0435 \u0437\u0443\u0431\u044b. \u041e\u043d\u0438 \u043d\u0435 \u043c\u043e\u0433\u0443\u0442 \u0431\u044b\u0442\u044c \u0443\u0434\u0430\u043b\u0435\u043d\u044b \u043f\u0430\u0446\u0438\u0435\u043d\u0442\u043e\u043c. \u041c\u043e\u0441\u0442\u044b \u043c\u043e\u0436\u043d\u043e \u0443\u0441\u0442\u0430\u043d\u0430\u0432\u043b\u0438\u0432\u0430\u0442\u044c \u0442\u043e\u043b\u044c\u043a\u043e \u0432 \u0442\u043e\u043c \u0441\u043b\u0443\u0447\u0430\u0435, \u0435\u0441\u043b\u0438 \u043e\u0442\u0441\u0443\u0442\u0441\u0442\u0432\u0443\u0435\u0442 \u043d\u0435\u0441\u043a\u043e\u043b\u044c\u043a\u043e \u0437\u0443\u0431\u043e\u0432 \u0438 \u043f\u043e \u043e\u0431\u0435 \u0441\u0442\u043e\u0440\u043e\u043d\u044b \u043e\u0442 \u0449\u0435\u043b\u0438 \u0438\u043c\u0435\u044e\u0442\u0441\u044f \u0437\u0434\u043e\u0440\u043e\u0432\u044b\u0435 \u0435\u0441\u0442\u0435\u0441\u0442\u0432\u0435\u043d\u043d\u044b\u0435 \u0437\u0443\u0431\u044b, \u043f\u043e\u0434\u0434\u0435\u0440\u0436\u0438\u0432\u0430\u044e\u0449\u0438\u0435 \u0438\u0441\u043a\u0443\u0441\u0441\u0442\u0432\u0435\u043d\u043d\u044b\u0435 \u0437\u0443\u0431\u044b.<\/p>\n<p>&nbsp;<\/p>\n<h4><span class=\"ez-toc-section\" id=\"Kopruler_ne_icin_yapilir\"><\/span>\u0414\u043b\u044f \u0447\u0435\u0433\u043e \u043d\u0443\u0436\u043d\u044b \u043c\u043e\u0441\u0442\u044b?<span class=\"ez-toc-section-end\"><\/span><\/h4>\n<p>\u041f\u043e\u0442\u0435\u0440\u044f \u0437\u0443\u0431\u0430 \u043c\u043e\u0436\u0435\u0442 \u043d\u0430\u043d\u0435\u0441\u0442\u0438 \u0432\u0440\u0435\u0434 \u0432\u0430\u0448\u0435\u043c\u0443 \u0437\u0434\u043e\u0440\u043e\u0432\u044c\u044e \u0432\u043e \u043c\u043d\u043e\u0433\u0438\u0445 \u043e\u0442\u043d\u043e\u0448\u0435\u043d\u0438\u044f\u0445. \u0417\u0443\u0431\u044b \u0432\u043f\u0435\u0440\u0435\u0434\u0438 \u0438 \u043f\u043e\u0437\u0430\u0434\u0438 \u0443\u0442\u0440\u0430\u0447\u0435\u043d\u043d\u043e\u0433\u043e \u0437\u0443\u0431\u0430 \u043d\u0430\u043a\u043b\u043e\u043d\u044f\u044e\u0442\u0441\u044f \u0432 \u0441\u0442\u043e\u0440\u043e\u043d\u0443 \u044d\u0442\u043e\u0439 \u0449\u0435\u043b\u0438. \u041f\u0440\u043e\u0442\u0438\u0432\u043e\u043f\u043e\u043b\u043e\u0436\u043d\u044b\u0439 \u0437\u0443\u0431 \u0442\u0430\u043a\u0436\u0435 \u0440\u0430\u0441\u043f\u0440\u043e\u0441\u0442\u0440\u0430\u043d\u044f\u0435\u0442\u0441\u044f \u0432 \u043f\u0440\u043e\u0441\u0442\u0440\u0430\u043d\u0441\u0442\u0432\u043e \u0443\u0434\u0430\u043b\u0435\u043d\u0438\u044f. \u041f\u043e\u0442\u043e\u043c\u0443 \u0447\u0442\u043e \u0437\u0443\u0431\u044b \u0438\u043c\u0435\u044e\u0442 \u0442\u0435\u043d\u0434\u0435\u043d\u0446\u0438\u044e \u0441\u043e\u043f\u0440\u0438\u043a\u0430\u0441\u0430\u0442\u044c\u0441\u044f. \u0412 \u0440\u0435\u0437\u0443\u043b\u044c\u0442\u0430\u0442\u0435 \u0442\u0430\u043a\u043e\u0433\u043e \u0443\u0434\u043b\u0438\u043d\u0435\u043d\u0438\u044f \u0438 \u0438\u0437\u0433\u0438\u0431\u0430 \u043d\u0430\u0440\u0443\u0448\u0430\u0435\u0442\u0441\u044f \u0440\u0430\u0441\u043f\u043e\u043b\u043e\u0436\u0435\u043d\u0438\u0435 \u0437\u0443\u0431\u043e\u0432 \u0438 \u0438\u0445 \u043a\u043e\u043d\u0442\u0430\u043a\u0442 \u0434\u0440\u0443\u0433 \u0441 \u0434\u0440\u0443\u0433\u043e\u043c. \u042d\u0442\u043e \u0443\u0432\u0435\u043b\u0438\u0447\u0438\u0432\u0430\u0435\u0442 \u043d\u0430\u043a\u043e\u043f\u043b\u0435\u043d\u0438\u0435 \u043e\u0441\u0442\u0430\u0442\u043a\u043e\u0432 \u043f\u0438\u0449\u0438 \u0438 \u0431\u0430\u043a\u0442\u0435\u0440\u0438\u0430\u043b\u044c\u043d\u043e\u0433\u043e \u043d\u0430\u043b\u0435\u0442\u0430 \u043c\u0435\u0436\u0434\u0443 \u0437\u0443\u0431\u0430\u043c\u0438. \u042d\u0442\u0438 \u0443\u0447\u0430\u0441\u0442\u043a\u0438 \u0442\u0440\u0443\u0434\u043d\u043e \u0447\u0438\u0441\u0442\u0438\u0442\u044c, \u043f\u043e\u044d\u0442\u043e\u043c\u0443 \u0443\u0432\u0435\u043b\u0438\u0447\u0438\u0432\u0430\u0435\u0442\u0441\u044f \u0440\u0438\u0441\u043a \u0432\u043e\u0437\u043d\u0438\u043a\u043d\u043e\u0432\u0435\u043d\u0438\u044f \u043a\u0430\u0440\u0438\u0435\u0441\u0430 \u0438 \u0437\u0430\u0431\u043e\u043b\u0435\u0432\u0430\u043d\u0438\u0439 \u0434\u0435\u0441\u0435\u043d. \u0412\u0441\u0435 \u044d\u0442\u0438 \u043f\u0440\u043e\u0431\u043b\u0435\u043c\u044b \u043c\u043e\u0436\u043d\u043e \u043f\u0440\u0435\u0434\u043e\u0442\u0432\u0440\u0430\u0442\u0438\u0442\u044c, \u0437\u0430\u043c\u0435\u043d\u0438\u0432 \u0443\u0442\u0440\u0430\u0447\u0435\u043d\u043d\u044b\u0439 \u0437\u0443\u0431.<\/p>\n<p>&nbsp;<\/p>\n<h4><span class=\"ez-toc-section\" id=\"Sabit_protezlerde_kullanilan_materyaller_nelerdir\"><\/span>\u041a\u0430\u043a\u0438\u0435 \u043c\u0430\u0442\u0435\u0440\u0438\u0430\u043b\u044b \u0438\u0441\u043f\u043e\u043b\u044c\u0437\u0443\u044e\u0442\u0441\u044f \u0432 \u043d\u0435\u0441\u044a\u0435\u043c\u043d\u044b\u0445 \u043f\u0440\u043e\u0442\u0435\u0437\u0430\u0445?<span class=\"ez-toc-section-end\"><\/span><\/h4>\n<p>\u0412 \u043a\u043e\u0440\u043e\u043d\u043a\u0430\u0445 \u0438 \u043c\u043e\u0441\u0442\u0430\u0445 \u0438\u0441\u043f\u043e\u043b\u044c\u0437\u0443\u044e\u0442\u0441\u044f \u043c\u0435\u0442\u0430\u043b\u043b\u043e\u043a\u0435\u0440\u0430\u043c\u0438\u0447\u0435\u0441\u043a\u0438\u0435, \u0446\u0435\u043b\u044c\u043d\u043e\u043a\u0435\u0440\u0430\u043c\u0438\u0447\u0435\u0441\u043a\u0438\u0435 \u0438\u043b\u0438 \u0446\u0438\u0440\u043a\u043e\u043d\u0438\u0435\u0432\u044b\u0435 \u043c\u0430\u0442\u0435\u0440\u0438\u0430\u043b\u044b. \u041a\u0430\u043a\u043e\u0439 \u043c\u0430\u0442\u0435\u0440\u0438\u0430\u043b \u0438\u0441\u043f\u043e\u043b\u044c\u0437\u043e\u0432\u0430\u0442\u044c, \u0432\u044b\u0431\u0438\u0440\u0430\u0435\u0442\u0441\u044f \u0432 \u0437\u0430\u0432\u0438\u0441\u0438\u043c\u043e\u0441\u0442\u0438 \u043e\u0442 \u0441\u043b\u0443\u0447\u0430\u044f \u0438 \u044d\u0441\u0442\u0435\u0442\u0438\u0447\u0435\u0441\u043a\u0438\u0445 \u043e\u0436\u0438\u0434\u0430\u043d\u0438\u0439.<\/p>","protected":false},"excerpt":{"rendered":"<p>\u0421\u044a\u0435\u043c\u043d\u044b\u0435 \u043f\u0440\u043e\u0442\u0435\u0437\u044b. \u042d\u0442\u043e \u043f\u0440\u043e\u0442\u0435\u0437\u044b, \u043a\u043e\u0442\u043e\u0440\u044b\u0435 \u043f\u0430\u0446\u0438\u0435\u043d\u0442 \u043c\u043e\u0436\u0435\u0442 \u043f\u0440\u0438 \u0436\u0435\u043b\u0430\u043d\u0438\u0438 \u0441\u043d\u044f\u0442\u044c \u0438 \u043f\u043e\u043b\u043e\u0436\u0438\u0442\u044c \u043e\u0431\u0440\u0430\u0442\u043d\u043e \u0432 \u0440\u043e\u0442 \u043f\u043e\u0441\u043b\u0435 \u0447\u0438\u0441\u0442\u043a\u0438. \u041e\u0431\u044b\u0447\u043d\u043e \u043c\u043d\u043e\u0433\u043e \u0437\u0443\u0431\u043e\u0432 \u0438\u043b\u0438 \u0432\u0441\u0435 \u0437\u0443\u0431\u044b\u2026<\/p>","protected":false},"author":1,"featured_media":0,"parent":0,"menu_order":0,"comment_status":"closed","ping_status":"closed","template":"","meta":{"footnotes":""},"class_list":["post-446","page","type-page","status-publish","hentry"],"_links":{"self":[{"href":"https:\/\/ercagdis.com\/ru\/wp-json\/wp\/v2\/pages\/446","targetHints":{"allow":["GET"]}}],"collection":[{"href":"https:\/\/ercagdis.com\/ru\/wp-json\/wp\/v2\/pages"}],"about":[{"href":"https:\/\/ercagdis.com\/ru\/wp-json\/wp\/v2\/types\/page"}],"author":[{"embeddable":true,"href":"https:\/\/ercagdis.com\/ru\/wp-json\/wp\/v2\/users\/1"}],"replies":[{"embeddable":true,"href":"https:\/\/ercagdis.com\/ru\/wp-json\/wp\/v2\/comments?post=446"}],"version-history":[{"count":0,"href":"https:\/\/ercagdis.com\/ru\/wp-json\/wp\/v2\/pages\/446\/revisions"}],"wp:attachment":[{"href":"https:\/\/ercagdis.com\/ru\/wp-json\/wp\/v2\/media?parent=446"}],"curies":[{"name":"wp","href":"https:\/\/api.w.org\/{rel}","templated":true}]}}