{"id":254,"date":"2018-02-23T09:07:04","date_gmt":"2018-02-23T09:07:04","guid":{"rendered":"http:\/\/bridge167.qodeinteractive.com\/?page_id=254"},"modified":"2025-09-05T17:39:30","modified_gmt":"2025-09-05T14:39:30","slug":"%d0%ba%d0%be%d0%bc%d0%bc%d1%83%d0%bd%d0%b8%d0%ba%d0%b0%d1%86%d0%b8%d1%8f","status":"publish","type":"page","link":"https:\/\/ercagdis.com\/ru\/%d0%ba%d0%be%d0%bc%d0%bc%d1%83%d0%bd%d0%b8%d0%ba%d0%b0%d1%86%d0%b8%d1%8f\/","title":{"rendered":"\u041a\u043e\u043c\u043c\u0443\u043d\u0438\u043a\u0430\u0446\u0438\u044f"},"content":{"rendered":"<section class=\"wpb-content-wrapper\"><div      class=\"vc_row wpb_row section vc_row-fluid\" style=' text-align:left;'><div class=\"full_section_inner clearfix\"><div class=\"wpb_column vc_column_container vc_col-sm-12\"><div class=\"vc_column-inner\"><div class=\"wpb_wrapper\"><div class=\"wpb_gmaps_widget wpb_content_element\"><div class=\"wpb_wrapper\"><div class=\"wpb_map_wraper\"><iframe src=\"https:\/\/www.google.com\/maps\/embed?pb=!1m18!1m12!1m3!1d3007.7625071095717!2d29.016541815416094!3d41.074183679294144!2m3!1f0!2f0!3f0!3m2!1i1024!2i768!4f13.1!3m3!1m2!1s0x0%3A0x116ff15ae1de299!2zRVLDh0HEniBBxJ_EsXogdmUgRGnFnyBTYcSfbMSxxJ_EsSBLbGluacSfaSB8IEVzdGV0aWsgRGnFnyAtIEFkZXppdiBTaXN0ZW1sZXIgLSBQZXJpb2RvbnRvbG9qaQ!5e0!3m2!1str!2str!4v1547467136490\" width=\"600\" height=\"450\" frameborder=\"0\" style=\"border:0\" allowfullscreen><\/iframe><\/div><\/div><\/div><\/div><\/div><\/div><\/div><\/div><div      class=\"vc_row wpb_row section vc_row-fluid  grid_section\" style=' text-align:left;'><div class=\"section_inner clearfix\"><div class='section_inner_margin clearfix'><div class=\"wpb_column vc_column_container vc_col-sm-12 vc_hidden-sm vc_hidden-xs\"><div class=\"vc_column-inner\"><div class=\"wpb_wrapper\"><div      class=\"vc_row wpb_row section vc_row-fluid vc_inner\" style=' text-align:left;'><div class=\"full_section_inner clearfix\"><div class=\"infoContact wpb_column vc_column_container vc_col-sm-8\"><div class=\"vc_column-inner\"><div class=\"wpb_wrapper\">\n\t<div class=\"wpb_text_column wpb_content_element\">\n\t\t<div class=\"wpb_wrapper\">\n\t\t\t<div id=\"ez-toc-container\" class=\"ez-toc-v2_0_75 counter-hierarchy ez-toc-counter ez-toc-grey ez-toc-container-direction\">\n<p class=\"ez-toc-title\" style=\"cursor:inherit\">Yaz\u0131 \u0130\u00e7eri\u011fi<\/p>\n<label for=\"ez-toc-cssicon-toggle-item-69e2a5d191946\" class=\"ez-toc-cssicon-toggle-label\"><span class=\"\"><span class=\"eztoc-hide\" style=\"display:none;\">\u043f\u0435\u0440\u0435\u043a\u043b\u044e\u0447\u0430\u0442\u044c<\/span><span class=\"ez-toc-icon-toggle-span\"><svg style=\"fill: #999;color:#999\" xmlns=\"http:\/\/www.w3.org\/2000\/svg\" class=\"list-377408\" width=\"20px\" height=\"20px\" viewbox=\"0 0 24 24\" fill=\"none\"><path d=\"M6 6H4v2h2V6zm14 0H8v2h12V6zM4 11h2v2H4v-2zm16 0H8v2h12v-2zM4 16h2v2H4v-2zm16 0H8v2h12v-2z\" fill=\"currentColor\"><\/path><\/svg><svg style=\"fill: #999;color:#999\" class=\"arrow-unsorted-368013\" xmlns=\"http:\/\/www.w3.org\/2000\/svg\" width=\"10px\" height=\"10px\" viewbox=\"0 0 24 24\" version=\"1.2\" baseprofile=\"tiny\"><path d=\"M18.2 9.3l-6.2-6.3-6.2 6.3c-.2.2-.3.4-.3.7s.1.5.3.7c.2.2.4.3.7.3h11c.3 0 .5-.1.7-.3.2-.2.3-.5.3-.7s-.1-.5-.3-.7zM5.8 14.7l6.2 6.3 6.2-6.3c.2-.2.3-.5.3-.7s-.1-.5-.3-.7c-.2-.2-.4-.3-.7-.3h-11c-.3 0-.5.1-.7.3-.2.2-.3.5-.3.7s.1.5.3.7z\"\/><\/svg><\/span><\/span><\/label><input type=\"checkbox\"  id=\"ez-toc-cssicon-toggle-item-69e2a5d191946\"  aria-label=\"\u043f\u0435\u0440\u0435\u043a\u043b\u044e\u0447\u0430\u0442\u044c\" \/><nav><ul class='ez-toc-list ez-toc-list-level-1' ><li class='ez-toc-page-1 ez-toc-heading-level-3'><a class=\"ez-toc-link ez-toc-heading-1\" href=\"https:\/\/ercagdis.com\/ru\/%d0%ba%d0%be%d0%bc%d0%bc%d1%83%d0%bd%d0%b8%d0%ba%d0%b0%d1%86%d0%b8%d1%8f\/#Iletisim_Bilgileri\" >\u041a\u043e\u043d\u0442\u0430\u043a\u0442\u043d\u0430\u044f \u0438\u043d\u0444\u043e\u0440\u043c\u0430\u0446\u0438\u044f<\/a><\/li><li class='ez-toc-page-1 ez-toc-heading-level-3'><a class=\"ez-toc-link ez-toc-heading-2\" href=\"https:\/\/ercagdis.com\/ru\/%d0%ba%d0%be%d0%bc%d0%bc%d1%83%d0%bd%d0%b8%d0%ba%d0%b0%d1%86%d0%b8%d1%8f\/#Iletisim_Bilgileri-2\" >\u041a\u043e\u043d\u0442\u0430\u043a\u0442\u043d\u0430\u044f \u0438\u043d\u0444\u043e\u0440\u043c\u0430\u0446\u0438\u044f<\/a><\/li><li class='ez-toc-page-1 ez-toc-heading-level-3'><a class=\"ez-toc-link ez-toc-heading-3\" href=\"https:\/\/ercagdis.com\/ru\/%d0%ba%d0%be%d0%bc%d0%bc%d1%83%d0%bd%d0%b8%d0%ba%d0%b0%d1%86%d0%b8%d1%8f\/#Iletisim_Formu\" >\u0424\u043e\u0440\u043c\u0430 \u043e\u0431\u0440\u0430\u0442\u043d\u043e\u0439 \u0441\u0432\u044f\u0437\u0438<\/a><\/li><li class='ez-toc-page-1 ez-toc-heading-level-3'><a class=\"ez-toc-link ez-toc-heading-4\" href=\"https:\/\/ercagdis.com\/ru\/%d0%ba%d0%be%d0%bc%d0%bc%d1%83%d0%bd%d0%b8%d0%ba%d0%b0%d1%86%d0%b8%d1%8f\/#Diger_Tedaviler\" >\u0414\u0440\u0443\u0433\u0438\u0435 \u043c\u0435\u0442\u043e\u0434\u044b \u043b\u0435\u0447\u0435\u043d\u0438\u044f<\/a><\/li><\/ul><\/nav><\/div>\n<h3><span class=\"ez-toc-section\" id=\"Iletisim_Bilgileri\"><\/span>\u041a\u043e\u043d\u0442\u0430\u043a\u0442\u043d\u0430\u044f \u0438\u043d\u0444\u043e\u0440\u043c\u0430\u0446\u0438\u044f<span class=\"ez-toc-section-end\"><\/span><\/h3>\n\n\t\t<\/div> \n\t<\/div> \t<div class=\"vc_empty_space\"  style=\"height: 20px\" ><span\n\t\t\tclass=\"vc_empty_space_inner\">\n\t\t\t<span class=\"empty_space_image\"  ><\/span>\n\t\t<\/span><\/div>\n\n\n\t<div class=\"wpb_text_column wpb_content_element\">\n\t\t<div class=\"wpb_wrapper\">\n\t\t\t<p>\u0410\u0434\u0440\u0435\u0441: \u0424\u0435\u043a\u0440\u0438 \u042d\u0431\u0447\u0438\u043e\u0433\u043b\u0443 \u0421\u043e\u043a. \u2116: 6\/8 34330 1. \u041b\u0435\u0432\u0435\u043d\u0442 \/ \u0421\u0442\u0430\u043c\u0431\u0443\u043b<\/p>\n\n\t\t<\/div> \n\t<\/div> \n\t<div class=\"wpb_text_column wpb_content_element\">\n\t\t<div class=\"wpb_wrapper\">\n\t\t\t<p>\u041f\u043e\u0447\u0442\u0430: info@ercagdis.com<\/p>\n\n\t\t<\/div> \n\t<\/div> \n\t<div class=\"wpb_text_column wpb_content_element\">\n\t\t<div class=\"wpb_wrapper\">\n\t\t\t<p>\u0422\u0435\u043b: +90 551 702 62 85<\/p>\n\n\t\t<\/div> \n\t<\/div> \t<div class=\"vc_empty_space\"  style=\"height: 40px\" ><span\n\t\t\tclass=\"vc_empty_space_inner\">\n\t\t\t<span class=\"empty_space_image\"  ><\/span>\n\t\t<\/span><\/div>\n\n\n\t<div class=\"wpb_single_image wpb_content_element vc_align_left\">\n\t\t<div class=\"wpb_wrapper\">\n\t\t\t\n\t\t\t<div class=\"vc_single_image-wrapper   vc_box_border_grey\"><img decoding=\"async\" width=\"719\" height=\"565\" src=\"https:\/\/ercagdis.com\/wp-content\/uploads\/2019\/01\/ercag-dis.jpg\" class=\"vc_single_image-img attachment-full\" alt=\"\" title=\"\u044d\u0440\u0446\u0430\u0433-\u0434\u0438\u0441\" srcset=\"https:\/\/ercagdis.com\/wp-content\/uploads\/2019\/01\/ercag-dis.jpg 719w, https:\/\/ercagdis.com\/wp-content\/uploads\/2019\/01\/ercag-dis-150x118.jpg 150w, https:\/\/ercagdis.com\/wp-content\/uploads\/2019\/01\/ercag-dis-300x236.jpg 300w, https:\/\/ercagdis.com\/wp-content\/uploads\/2019\/01\/ercag-dis-700x550.jpg 700w\" sizes=\"(max-width: 719px) 100vw, 719px\"><\/div>\n\t\t<\/div>\n\t<\/div>\n<\/div><\/div><\/div><div class=\"wpb_column vc_column_container vc_col-sm-4\"><div class=\"vc_column-inner\"><div class=\"wpb_wrapper\"><\/div><\/div><\/div><\/div><\/div><\/div><\/div><\/div><\/div><\/div><\/div><div      class=\"vc_row wpb_row section vc_row-fluid\" style=' text-align:center;'><div class=\"full_section_inner clearfix\"><div class=\"wpb_column vc_column_container vc_col-sm-12 vc_hidden-lg vc_hidden-md\"><div class=\"vc_column-inner\"><div class=\"wpb_wrapper\"><div      class=\"vc_row wpb_row section vc_row-fluid vc_inner\" style=' text-align:left;'><div class=\"full_section_inner clearfix\"><div class=\"infoContactmob wpb_column vc_column_container vc_col-sm-12 vc_hidden-lg vc_hidden-md\"><div class=\"vc_column-inner\"><div class=\"wpb_wrapper\">\n\t<div class=\"wpb_single_image wpb_content_element vc_align_left\">\n\t\t<div class=\"wpb_wrapper\">\n\t\t\t\n\t\t\t<div class=\"vc_single_image-wrapper   vc_box_border_grey\"><img decoding=\"async\" width=\"719\" height=\"565\" src=\"https:\/\/ercagdis.com\/wp-content\/uploads\/2019\/01\/ercag-dis.jpg\" class=\"vc_single_image-img attachment-full\" alt=\"\" title=\"\u044d\u0440\u0446\u0430\u0433-\u0434\u0438\u0441\" srcset=\"https:\/\/ercagdis.com\/wp-content\/uploads\/2019\/01\/ercag-dis.jpg 719w, https:\/\/ercagdis.com\/wp-content\/uploads\/2019\/01\/ercag-dis-150x118.jpg 150w, https:\/\/ercagdis.com\/wp-content\/uploads\/2019\/01\/ercag-dis-300x236.jpg 300w, https:\/\/ercagdis.com\/wp-content\/uploads\/2019\/01\/ercag-dis-700x550.jpg 700w\" sizes=\"(max-width: 719px) 100vw, 719px\"><\/div>\n\t\t<\/div>\n\t<\/div>\n\t<div class=\"vc_empty_space\"  style=\"height: 40px\" ><span\n\t\t\tclass=\"vc_empty_space_inner\">\n\t\t\t<span class=\"empty_space_image\"  ><\/span>\n\t\t<\/span><\/div>\n\n\n\t<div class=\"wpb_text_column wpb_content_element\">\n\t\t<div class=\"wpb_wrapper\">\n\t\t\t<h3><span class=\"ez-toc-section\" id=\"Iletisim_Bilgileri-2\"><\/span>\u041a\u043e\u043d\u0442\u0430\u043a\u0442\u043d\u0430\u044f \u0438\u043d\u0444\u043e\u0440\u043c\u0430\u0446\u0438\u044f<span class=\"ez-toc-section-end\"><\/span><\/h3>\n\n\t\t<\/div> \n\t<\/div> \t<div class=\"vc_empty_space\"  style=\"height: 20px\" ><span\n\t\t\tclass=\"vc_empty_space_inner\">\n\t\t\t<span class=\"empty_space_image\"  ><\/span>\n\t\t<\/span><\/div>\n\n\n\t<div class=\"wpb_text_column wpb_content_element\">\n\t\t<div class=\"wpb_wrapper\">\n\t\t\t<p>\u0410\u0434\u0440\u0435\u0441: \u0424\u0435\u043a\u0440\u0438 \u042d\u0431\u0447\u0438\u043e\u0433\u043b\u0443 \u0421\u043e\u043a. \u2116: 6\/8 34330 1. \u041b\u0435\u0432\u0435\u043d\u0442 \/ \u0421\u0442\u0430\u043c\u0431\u0443\u043b<\/p>\n\n\t\t<\/div> \n\t<\/div> \n\t<div class=\"wpb_text_column wpb_content_element\">\n\t\t<div class=\"wpb_wrapper\">\n\t\t\t<p>\u041f\u043e\u0447\u0442\u0430: info@ercagdis.com<\/p>\n\n\t\t<\/div> \n\t<\/div> \n\t<div class=\"wpb_text_column wpb_content_element\">\n\t\t<div class=\"wpb_wrapper\">\n\t\t\t<p>\u0422\u0435\u043b: 0212 282 84 82-83<\/p>\n\n\t\t<\/div> \n\t<\/div> \n\t<div class=\"wpb_text_column wpb_content_element\">\n\t\t<div class=\"wpb_wrapper\">\n\t\t\t<h3><span class=\"ez-toc-section\" id=\"Iletisim_Formu\"><\/span>\u0424\u043e\u0440\u043c\u0430 \u043e\u0431\u0440\u0430\u0442\u043d\u043e\u0439 \u0441\u0432\u044f\u0437\u0438<span class=\"ez-toc-section-end\"><\/span><\/h3>\n\n\t\t<\/div> \n\t<\/div> \t<div class=\"vc_empty_space\"  style=\"height: 30px\" ><span\n\t\t\tclass=\"vc_empty_space_inner\">\n\t\t\t<span class=\"empty_space_image\"  ><\/span>\n\t\t<\/span><\/div>\n\n\n<div class=\"wpcf7 no-js\" id=\"wpcf7-f333-o1\" lang=\"tr-TR\" dir=\"ltr\" data-wpcf7-id=\"333\">\n<div class=\"screen-reader-response\"><p role=\"status\" aria-live=\"polite\" aria-atomic=\"true\"><\/p> <ul><\/ul><\/div>\n<form action=\"\/ru\/wp-json\/wp\/v2\/pages\/254#wpcf7-f333-o1\" method=\"post\" class=\"wpcf7-form init default\" aria-label=\"\u0424\u043e\u0440\u043c\u0430 \u043e\u0431\u0440\u0430\u0442\u043d\u043e\u0439 \u0441\u0432\u044f\u0437\u0438\" novalidate=\"novalidate\" data-status=\"init\" data-trp-original-action=\"\/ru\/wp-json\/wp\/v2\/pages\/254#wpcf7-f333-o1\">\n<fieldset class=\"hidden-fields-container\"><input type=\"hidden\" name=\"_wpcf7\" value=\"333\" \/><input type=\"hidden\" name=\"_wpcf7_version\" value=\"6.1.5\" \/><input type=\"hidden\" name=\"_wpcf7_locale\" value=\"tr_TR\" \/><input type=\"hidden\" name=\"_wpcf7_unit_tag\" value=\"wpcf7-f333-o1\" \/><input type=\"hidden\" name=\"_wpcf7_container_post\" value=\"0\" \/><input type=\"hidden\" name=\"_wpcf7_posted_data_hash\" value=\"\" \/>\n<\/fieldset>\n<p><span class=\"wpcf7-form-control-wrap\" data-name=\"your-name\"><input size=\"40\" maxlength=\"400\" class=\"wpcf7-form-control wpcf7-text wpcf7-validates-as-required\" aria-required=\"true\" aria-invalid=\"false\" placeholder=\"\u0412\u0430\u0448\u0435 \u0438\u043c\u044f*\" value=\"\" type=\"text\" name=\"your-name\" \/><\/span><br \/>\n<span class=\"wpcf7-form-control-wrap\" data-name=\"your-email\"><input size=\"40\" maxlength=\"400\" class=\"wpcf7-form-control wpcf7-email wpcf7-validates-as-required wpcf7-text wpcf7-validates-as-email\" aria-required=\"true\" aria-invalid=\"false\" placeholder=\"\u0410\u0434\u0440\u0435\u0441 \u044d\u043b\u0435\u043a\u0442\u0440\u043e\u043d\u043d\u043e\u0439 \u043f\u043e\u0447\u0442\u044b*\" value=\"\" type=\"email\" name=\"your-email\" \/><\/span><br \/>\n<span class=\"wpcf7-form-control-wrap\" data-name=\"your-tel\"><input size=\"40\" maxlength=\"400\" class=\"wpcf7-form-control wpcf7-tel wpcf7-validates-as-required wpcf7-text wpcf7-validates-as-tel\" aria-required=\"true\" aria-invalid=\"false\" placeholder=\"\u0412\u0430\u0448 \u043d\u043e\u043c\u0435\u0440 \u0442\u0435\u043b\u0435\u0444\u043e\u043d\u0430*\" value=\"\" type=\"tel\" name=\"your-tel\" \/><\/span><br \/>\n<span class=\"wpcf7-form-control-wrap\" data-name=\"your-subject\"><input size=\"40\" maxlength=\"400\" class=\"wpcf7-form-control wpcf7-text\" aria-invalid=\"false\" placeholder=\"\u041f\u0440\u0435\u0434\u043c\u0435\u0442\" value=\"\" type=\"text\" name=\"your-subject\" \/><\/span><br \/>\n<span class=\"wpcf7-form-control-wrap\" data-name=\"your-message\"><textarea cols=\"40\" rows=\"10\" maxlength=\"2000\" class=\"wpcf7-form-control wpcf7-textarea\" aria-invalid=\"false\" placeholder=\"\u0412\u0430\u0448\u0435 \u0441\u043e\u043e\u0431\u0449\u0435\u043d\u0438\u0435\" name=\"your-message\"><\/textarea><\/span><br \/>\n<span class=\"wpcf7-form-control-wrap\" data-name=\"hcap-cf7\">\t\t<input\n\t\t\t\ttype=\"hidden\"\n\t\t\t\tclass=\"hcaptcha-widget-id\"\n\t\t\t\tname=\"hcaptcha-widget-id\"\n\t\t\t\tvalue=\"eyJzb3VyY2UiOlsiY29udGFjdC1mb3JtLTdcL3dwLWNvbnRhY3QtZm9ybS03LnBocCJdLCJmb3JtX2lkIjozMzN9-7f5bb813b66dc3672a98d3cbc6cb843d\">\n\t\t\t\t<span id=\"hcap_cf7-69e2a5d1877cb6.07807193\" class=\"wpcf7-form-control h-captcha\"\n\t\t\tdata-sitekey=\"cc8e72ba-c037-4569-a50a-ece9477fce5d\"\n\t\t\tdata-theme=\"light\"\n\t\t\tdata-size=\"normal\"\n\t\t\tdata-auto=\"false\"\n\t\t\tdata-ajax=\"false\"\n\t\t\tdata-force=\"false\">\n\t\t<\/span>\n\t\t<input type=\"hidden\" id=\"_wpnonce\" name=\"_wpnonce\" value=\"abcde6cc71\" \/><input type=\"hidden\" name=\"_wp_http_referer\" value=\"\/ru\/wp-json\/wp\/v2\/pages\/254\" \/><\/span><input class=\"wpcf7-form-control wpcf7-submit has-spinner\" type=\"submit\" value=\"\u041e\u0442\u043f\u0440\u0430\u0432\u043b\u044f\u0442\u044c\" \/>\n<\/p><input type='hidden' class='wpcf7-pum' value='{\"closepopup\":false,\"closedelay\":0,\"openpopup\":false,\"openpopup_id\":0}' \/><div class=\"wpcf7-response-output\" aria-hidden=\"true\"><\/div>\n<input type=\"hidden\" name=\"trp-form-language\" value=\"ru\"\/><\/form>\n<\/div>\n\n\t<div class=\"wpb_raw_code wpb_content_element wpb_raw_html\" >\n\t\t<div class=\"wpb_wrapper\">\n\t\t\t<h3><span class=\"ez-toc-section\" id=\"Diger_Tedaviler\"><\/span>\u0414\u0440\u0443\u0433\u0438\u0435 \u043c\u0435\u0442\u043e\u0434\u044b \u043b\u0435\u0447\u0435\u043d\u0438\u044f<span class=\"ez-toc-section-end\"><\/span><\/h3>\n<a href=\"https:\/\/dryavuzbesogul.com\/iletisim\/\" target=\"_blank\" rel=\"noopener\"> \u041a\u043e\u043d\u0442\u0430\u043a\u0442\u044b \u0441\u0435\u0440\u0434\u0435\u0447\u043d\u043e-\u0441\u043e\u0441\u0443\u0434\u0438\u0441\u0442\u043e\u0439 \u0445\u0438\u0440\u0443\u0440\u0433\u0438\u0438 <\/a><br\/>\n<a href=\"https:\/\/tahirogut.com\/iletisim\/\" target=\"_blank\" rel=\"noopener\"> \u041a\u043e\u043d\u0442\u0430\u043a\u0442\u044b \u043f\u043e \u0437\u0430\u0431\u043e\u043b\u0435\u0432\u0430\u043d\u0438\u044f\u043c \u0441\u0442\u043e\u043f\u044b \u0438 \u043b\u043e\u0434\u044b\u0436\u043a\u0438 <\/a><br\/>\n<a href=\"https:\/\/drayseerdogan.com\/iletisim\/\" target=\"_blank\" rel=\"noopener\"> \u041f\u0440\u0438\u0435\u043c \u0436\u0435\u043d\u0449\u0438\u043d\u044b-\u043e\u0440\u0442\u043e\u043f\u0435\u0434\u0430  <\/a><br\/>\n<a href=\"https:\/\/kocdiyaliz.com.tr\/iletisim\/\" target=\"_blank\" rel=\"noopener\"> \u0414\u0438\u0430\u043b\u0438\u0437\u043d\u044b\u0439 \u0446\u0435\u043d\u0442\u0440 \u0410\u043d\u043a\u0430\u0440\u044b \u041a\u043e\u043d\u0442\u0430\u043a\u0442<\/a><br\/>\n<a href=\"https:\/\/dremrahkovalak.com\/iletisim\/\" target=\"_blank\" rel=\"noopener\"> \u041a\u043e\u043d\u0442\u0430\u043a\u0442 \u0432\u0440\u0430\u0447\u0430-\u043e\u0440\u0442\u043e\u043f\u0435\u0434\u0430 <\/a><br\/>\n<a href=\"https:\/\/drtolgatuzuner.com\/iletisim\/\" target=\"_blank\" rel=\"noopener\"> \u041d\u0430\u0437\u043d\u0430\u0447\u0435\u043d\u0438\u0435 \u043f\u0440\u043e\u0444\u0435\u0441\u0441\u043e\u0440\u0430 \u043e\u0440\u0442\u043e\u043f\u0435\u0434\u0438\u0438 <\/a><br\/>\n<a href=\"https:\/\/drhandanyavuzkoksal.com\/iletisim\/\" target=\"_blank\" rel=\"noopener\"> \u0417\u0430\u043f\u0438\u0441\u044c \u043a \u0432\u0440\u0430\u0447\u0443 \u043f\u043e \u043f\u0435\u0440\u0435\u0441\u0430\u0434\u043a\u0435 \u0432\u043e\u043b\u043e\u0441 <\/a><br\/>\n\t\t<\/div>\n\t<\/div>\n<\/div><\/div><\/div><\/div><\/div><\/div><\/div><\/div><\/div><\/div>\n<\/section>","protected":false},"excerpt":{"rendered":"\u041a\u043e\u043d\u0442\u0430\u043a\u0442\u043d\u0430\u044f \u0438\u043d\u0444\u043e\u0440\u043c\u0430\u0446\u0438\u044f \u0410\u0434\u0440\u0435\u0441: Fecri Ebcio\u011flu Sok. \u2116: 6\/8 34330 1. \u041b\u0435\u0432\u0435\u043d\u0442\/\u0421\u0442\u0430\u043c\u0431\u0443\u043b \u041f\u043e\u0447\u0442\u0430: info@ercagdis.com \u0422\u0435\u043b.: +90 551 702 62...","protected":false},"author":1,"featured_media":0,"parent":0,"menu_order":0,"comment_status":"closed","ping_status":"closed","template":"full_width.php","meta":{"footnotes":""},"class_list":["post-254","page","type-page","status-publish","hentry"],"_links":{"self":[{"href":"https:\/\/ercagdis.com\/ru\/wp-json\/wp\/v2\/pages\/254","targetHints":{"allow":["GET"]}}],"collection":[{"href":"https:\/\/ercagdis.com\/ru\/wp-json\/wp\/v2\/pages"}],"about":[{"href":"https:\/\/ercagdis.com\/ru\/wp-json\/wp\/v2\/types\/page"}],"author":[{"embeddable":true,"href":"https:\/\/ercagdis.com\/ru\/wp-json\/wp\/v2\/users\/1"}],"replies":[{"embeddable":true,"href":"https:\/\/ercagdis.com\/ru\/wp-json\/wp\/v2\/comments?post=254"}],"version-history":[{"count":1,"href":"https:\/\/ercagdis.com\/ru\/wp-json\/wp\/v2\/pages\/254\/revisions"}],"predecessor-version":[{"id":8585,"href":"https:\/\/ercagdis.com\/ru\/wp-json\/wp\/v2\/pages\/254\/revisions\/8585"}],"wp:attachment":[{"href":"https:\/\/ercagdis.com\/ru\/wp-json\/wp\/v2\/media?parent=254"}],"curies":[{"name":"wp","href":"https:\/\/api.w.org\/{rel}","templated":true}]}}