{"id":214,"date":"2018-02-22T15:39:57","date_gmt":"2018-02-22T15:39:57","guid":{"rendered":"http:\/\/bridge167.qodeinteractive.com\/?page_id=214"},"modified":"2025-09-08T15:00:51","modified_gmt":"2025-09-08T12:00:51","slug":"%d0%be","status":"publish","type":"page","link":"https:\/\/ercagdis.com\/ru\/%d0%be\/","title":{"rendered":"\u041e"},"content":{"rendered":"<section class=\"wpb-content-wrapper\"><div      class=\"vc_row wpb_row section vc_row-fluid  vc_custom_1519301154262 grid_section\" style=' text-align:left;'><div class=\"section_inner clearfix\"><div class='section_inner_margin clearfix'><div class=\"wpb_column vc_column_container vc_col-sm-6 vc_col-lg-7 vc_col-md-12\"><div class=\"vc_column-inner\"><div class=\"wpb_wrapper\"><div      class=\"vc_row wpb_row section vc_row-fluid vc_inner\" style=' text-align:left;'><div class=\"full_section_inner clearfix\"><div class=\"wpb_column vc_column_container vc_col-sm-4 vc_col-has-fill\"><div class=\"vc_column-inner vc_custom_1519297537509\"><div class=\"wpb_wrapper\">\n\t<div class=\"wpb_single_image wpb_content_element vc_align_left  vc_custom_1547284868057\">\n\t\t<div class=\"wpb_wrapper\">\n\t\t\t\n\t\t\t<div class=\"vc_single_image-wrapper   vc_box_border_grey\"><img decoding=\"async\" width=\"200\" height=\"300\" src=\"https:\/\/ercagdis.com\/wp-content\/uploads\/2019\/01\/dr-serpil-ercag.jpg\" class=\"vc_single_image-img attachment-full\" alt=\"\" title=\"\u0434\u043e\u043a\u0442\u043e\u0440-\u0441\u0435\u0440\u043f\u0438\u043b-\u044d\u0440\u0446\u0430\u0433\"><\/div>\n\t\t<\/div>\n\t<\/div>\n<\/div><\/div><\/div><div class=\"wpb_column vc_column_container vc_col-sm-8 vc_col-has-fill\"><div class=\"vc_column-inner vc_custom_1519298976477\"><div class=\"wpb_wrapper\"><div class='q_elements_holder one_column responsive_mode_from_768' ><div class='q_elements_item' data-1024-1280='0 0px 0 37px' data-768-1024='0 0 0 0' data-600-768='0 0 0 37px' data-480='0 0 0 35px' data-animation='no' data-item-class='q_elements_holder_custom_357820'><div class='q_elements_item_inner'><div class='q_elements_item_content q_elements_holder_custom_357820' style='padding:0 0 0 0'>\t<div class=\"vc_empty_space\"  style=\"height: 34px\" ><span\n\t\t\tclass=\"vc_empty_space_inner\">\n\t\t\t<span class=\"empty_space_image\"  ><\/span>\n\t\t<\/span><\/div>\n\n\n\t<div class=\"wpb_text_column wpb_content_element\">\n\t\t<div class=\"wpb_wrapper\">\n\t\t\t<div id=\"ez-toc-container\" class=\"ez-toc-v2_0_75 counter-hierarchy ez-toc-counter ez-toc-grey ez-toc-container-direction\">\n<p class=\"ez-toc-title\" style=\"cursor:inherit\">Yaz\u0131 \u0130\u00e7eri\u011fi<\/p>\n<label for=\"ez-toc-cssicon-toggle-item-69ddf7dc426ad\" class=\"ez-toc-cssicon-toggle-label\"><span class=\"\"><span class=\"eztoc-hide\" style=\"display:none;\">\u043f\u0435\u0440\u0435\u043a\u043b\u044e\u0447\u0430\u0442\u044c<\/span><span class=\"ez-toc-icon-toggle-span\"><svg style=\"fill: #999;color:#999\" xmlns=\"http:\/\/www.w3.org\/2000\/svg\" class=\"list-377408\" width=\"20px\" height=\"20px\" viewbox=\"0 0 24 24\" fill=\"none\"><path d=\"M6 6H4v2h2V6zm14 0H8v2h12V6zM4 11h2v2H4v-2zm16 0H8v2h12v-2zM4 16h2v2H4v-2zm16 0H8v2h12v-2z\" fill=\"currentColor\"><\/path><\/svg><svg style=\"fill: #999;color:#999\" class=\"arrow-unsorted-368013\" xmlns=\"http:\/\/www.w3.org\/2000\/svg\" width=\"10px\" height=\"10px\" viewbox=\"0 0 24 24\" version=\"1.2\" baseprofile=\"tiny\"><path d=\"M18.2 9.3l-6.2-6.3-6.2 6.3c-.2.2-.3.4-.3.7s.1.5.3.7c.2.2.4.3.7.3h11c.3 0 .5-.1.7-.3.2-.2.3-.5.3-.7s-.1-.5-.3-.7zM5.8 14.7l6.2 6.3 6.2-6.3c.2-.2.3-.5.3-.7s-.1-.5-.3-.7c-.2-.2-.4-.3-.7-.3h-11c-.3 0-.5.1-.7.3-.2.2-.3.5-.3.7s.1.5.3.7z\"\/><\/svg><\/span><\/span><\/label><input type=\"checkbox\"  id=\"ez-toc-cssicon-toggle-item-69ddf7dc426ad\"  aria-label=\"\u043f\u0435\u0440\u0435\u043a\u043b\u044e\u0447\u0430\u0442\u044c\" \/><nav><ul class='ez-toc-list ez-toc-list-level-1' ><li class='ez-toc-page-1 ez-toc-heading-level-2'><a class=\"ez-toc-link ez-toc-heading-1\" href=\"https:\/\/ercagdis.com\/ru\/%d0%be\/#Dt_Serpil_Ercag\" >Dt. Serpil Er\u00e7a\u011f<\/a><ul class='ez-toc-list-level-5' ><li class='ez-toc-heading-level-5'><ul class='ez-toc-list-level-5' ><li class='ez-toc-heading-level-5'><ul class='ez-toc-list-level-5' ><li class='ez-toc-heading-level-5'><a class=\"ez-toc-link ez-toc-heading-2\" href=\"https:\/\/ercagdis.com\/ru\/%d0%be\/#Dis_Hekimi\" >\u0414\u0430\u043d\u0442\u0438\u0441\u0442<\/a><\/li><\/ul><\/li><\/ul><\/li><\/ul><\/li><li class='ez-toc-page-1 ez-toc-heading-level-2'><a class=\"ez-toc-link ez-toc-heading-3\" href=\"https:\/\/ercagdis.com\/ru\/%d0%be\/#Dr_Halil_Ercag\" >\u0414\u043e\u043a\u0442\u043e\u0440 \u0425\u0430\u043b\u0438\u043b \u042d\u0440\u0447\u0430\u0433<\/a><ul class='ez-toc-list-level-5' ><li class='ez-toc-heading-level-5'><ul class='ez-toc-list-level-5' ><li class='ez-toc-heading-level-5'><ul class='ez-toc-list-level-5' ><li class='ez-toc-heading-level-5'><a class=\"ez-toc-link ez-toc-heading-4\" href=\"https:\/\/ercagdis.com\/ru\/%d0%be\/#Dis_Hekimi-2\" >\u0414\u0430\u043d\u0442\u0438\u0441\u0442<\/a><\/li><\/ul><\/li><\/ul><\/li><\/ul><\/li><li class='ez-toc-page-1 ez-toc-heading-level-2'><a class=\"ez-toc-link ez-toc-heading-5\" href=\"https:\/\/ercagdis.com\/ru\/%d0%be\/#Calisma_Saatleri\" >\u0420\u0430\u0431\u043e\u0447\u0435\u0435 \u0432\u0440\u0435\u043c\u044f<\/a><\/li><\/ul><\/nav><\/div>\n<h2><span class=\"ez-toc-section\" id=\"Dt_Serpil_Ercag\"><\/span>Dt. Serpil Er\u00e7a\u011f<span class=\"ez-toc-section-end\"><\/span><\/h2>\n\n\t\t<\/div> \n\t<\/div> \t<div class=\"vc_empty_space\"  style=\"height: 5px\" ><span\n\t\t\tclass=\"vc_empty_space_inner\">\n\t\t\t<span class=\"empty_space_image\"  ><\/span>\n\t\t<\/span><\/div>\n\n\n\t<div class=\"wpb_text_column wpb_content_element\">\n\t\t<div class=\"wpb_wrapper\">\n\t\t\t<h5><span class=\"ez-toc-section\" id=\"Dis_Hekimi\"><\/span>\u0414\u0430\u043d\u0442\u0438\u0441\u0442<span class=\"ez-toc-section-end\"><\/span><\/h5>\n\n\t\t<\/div> \n\t<\/div> \t<div class=\"vc_empty_space\"  style=\"height: 22px\" ><span\n\t\t\tclass=\"vc_empty_space_inner\">\n\t\t\t<span class=\"empty_space_image\"  ><\/span>\n\t\t<\/span><\/div>\n\n\n\t<div class=\"wpb_text_column wpb_content_element\">\n\t\t<div class=\"wpb_wrapper\">\n\t\t\t<p>\u041e\u043d \u0440\u043e\u0434\u0438\u043b\u0441\u044f \u0432 \u0421\u0442\u0430\u043c\u0431\u0443\u043b\u0435 \u0432 1966 \u0433\u043e\u0434\u0443. \u0412 1988 \u0433\u043e\u0434\u0443 \u043e\u043a\u043e\u043d\u0447\u0438\u043b \u0441\u0442\u043e\u043c\u0430\u0442\u043e\u043b\u043e\u0433\u0438\u0447\u0435\u0441\u043a\u0438\u0439 \u0444\u0430\u043a\u0443\u043b\u044c\u0442\u0435\u0442 \u0421\u0442\u0430\u043c\u0431\u0443\u043b\u044c\u0441\u043a\u043e\u0433\u043e \u0443\u043d\u0438\u0432\u0435\u0440\u0441\u0438\u0442\u0435\u0442\u0430. \u0412 \u0442\u043e\u043c \u0436\u0435 \u0433\u043e\u0434\u0443 \u043e\u043d \u043d\u0430\u0447\u0430\u043b \u0440\u0430\u0431\u043e\u0442\u0430\u0442\u044c \u0432 \u0426\u0435\u043d\u0442\u0440\u0435 \u0434\u0435\u0442\u0441\u043a\u043e\u0439 \u0441\u0442\u043e\u043c\u0430\u0442\u043e\u043b\u043e\u0433\u0438\u0438 \u0438 \u043e\u0440\u0442\u043e\u0434\u043e\u043d\u0442\u0438\u0438 \u0424\u0440\u0430\u043d\u0446\u0443\u0437\u0441\u043a\u043e\u0439 \u0431\u043e\u043b\u044c\u043d\u0438\u0446\u044b \u041f\u0430\u0441\u0442\u0435\u0440\u0430. \u0412 \u044d\u0442\u043e\u043c \u0446\u0435\u043d\u0442\u0440\u0435 \u043e\u043d \u0440\u0430\u0431\u043e\u0442\u0430\u043b \u0432 \u0434\u0435\u0442\u0441\u043a\u043e\u0439, \u043e\u0431\u0449\u0435\u0439 \u0430\u043d\u0435\u0441\u0442\u0435\u0437\u0438\u0438 \u0438 \u0441\u0442\u043e\u043c\u0430\u0442\u043e\u043b\u043e\u0433\u0438\u0438. \u0421\u0442\u043e\u043c\u0430\u0442\u043e\u043b\u043e\u0433\u0438\u0447\u0435\u0441\u043a\u043e\u0439 \u043f\u0440\u0430\u043a\u0442\u0438\u043a\u043e\u0439 \u0437\u0430\u043d\u0438\u043c\u0430\u0435\u0442\u0441\u044f \u0441 1992 \u0433\u043e\u0434\u0430.<\/p>\n\n\t\t<\/div> \n\t<\/div> <\/div><\/div><\/div><\/div><\/div><\/div><\/div><\/div><\/div><div      class=\"vc_row wpb_row section vc_row-fluid vc_inner\" style=' text-align:left;'><div class=\"full_section_inner clearfix\"><div class=\"wpb_column vc_column_container vc_col-sm-4 vc_col-has-fill\"><div class=\"vc_column-inner vc_custom_1519297537509\"><div class=\"wpb_wrapper\">\n\t<div class=\"wpb_single_image wpb_content_element vc_align_left  vc_custom_1547284857167\">\n\t\t<div class=\"wpb_wrapper\">\n\t\t\t\n\t\t\t<div class=\"vc_single_image-wrapper   vc_box_border_grey\"><img decoding=\"async\" width=\"200\" height=\"300\" src=\"https:\/\/ercagdis.com\/wp-content\/uploads\/2019\/01\/dr-halil-ercag.jpg\" class=\"vc_single_image-img attachment-full\" alt=\"\" title=\"\u0414\u043e\u043a\u0442\u043e\u0440 \u0425\u0430\u043b\u0438\u043b-\u042d\u0440\u043a\u0430\u0433\"><\/div>\n\t\t<\/div>\n\t<\/div>\n<\/div><\/div><\/div><div class=\"wpb_column vc_column_container vc_col-sm-8 vc_col-has-fill\"><div class=\"vc_column-inner vc_custom_1519298976477\"><div class=\"wpb_wrapper\"><div class='q_elements_holder one_column responsive_mode_from_768' ><div class='q_elements_item' data-1024-1280='0 0px 0 37px' data-768-1024='0 0 0 0' data-600-768='0 0 0 37px' data-480='0 0 0 35px' data-animation='no' data-item-class='q_elements_holder_custom_304280'><div class='q_elements_item_inner'><div class='q_elements_item_content q_elements_holder_custom_304280' style='padding:0 0 0 0'>\t<div class=\"vc_empty_space\"  style=\"height: 34px\" ><span\n\t\t\tclass=\"vc_empty_space_inner\">\n\t\t\t<span class=\"empty_space_image\"  ><\/span>\n\t\t<\/span><\/div>\n\n\n\t<div class=\"wpb_text_column wpb_content_element\">\n\t\t<div class=\"wpb_wrapper\">\n\t\t\t<h2><span class=\"ez-toc-section\" id=\"Dr_Halil_Ercag\"><\/span>\u0414\u043e\u043a\u0442\u043e\u0440 \u0425\u0430\u043b\u0438\u043b \u042d\u0440\u0447\u0430\u0433<span class=\"ez-toc-section-end\"><\/span><\/h2>\n\n\t\t<\/div> \n\t<\/div> \t<div class=\"vc_empty_space\"  style=\"height: 5px\" ><span\n\t\t\tclass=\"vc_empty_space_inner\">\n\t\t\t<span class=\"empty_space_image\"  ><\/span>\n\t\t<\/span><\/div>\n\n\n\t<div class=\"wpb_text_column wpb_content_element\">\n\t\t<div class=\"wpb_wrapper\">\n\t\t\t<h5><span class=\"ez-toc-section\" id=\"Dis_Hekimi-2\"><\/span>\u0414\u0430\u043d\u0442\u0438\u0441\u0442<span class=\"ez-toc-section-end\"><\/span><\/h5>\n\n\t\t<\/div> \n\t<\/div> \t<div class=\"vc_empty_space\"  style=\"height: 22px\" ><span\n\t\t\tclass=\"vc_empty_space_inner\">\n\t\t\t<span class=\"empty_space_image\"  ><\/span>\n\t\t<\/span><\/div>\n\n\n\t<div class=\"wpb_text_column wpb_content_element\">\n\t\t<div class=\"wpb_wrapper\">\n\t\t\t<p>\u041e\u043d \u0440\u043e\u0434\u0438\u043b\u0441\u044f \u0432 \u0410\u043d\u043a\u0430\u0440\u0435 \u0432 1965 \u0433\u043e\u0434\u0443. \u0412 1988 \u0433\u043e\u0434\u0443 \u043e\u043a\u043e\u043d\u0447\u0438\u043b \u0441\u0442\u043e\u043c\u0430\u0442\u043e\u043b\u043e\u0433\u0438\u0447\u0435\u0441\u043a\u0438\u0439 \u0444\u0430\u043a\u0443\u043b\u044c\u0442\u0435\u0442 \u0421\u0442\u0430\u043c\u0431\u0443\u043b\u044c\u0441\u043a\u043e\u0433\u043e \u0443\u043d\u0438\u0432\u0435\u0440\u0441\u0438\u0442\u0435\u0442\u0430. \u0412 \u0442\u043e\u043c \u0436\u0435 \u0433\u043e\u0434\u0443 \u043f\u043e\u0441\u0442\u0443\u043f\u0438\u043b \u043d\u0430 \u043a\u0430\u0444\u0435\u0434\u0440\u0443 \u044d\u043d\u0434\u043e\u0434\u043e\u043d\u0442\u0438\u0438 \u0432 \u0434\u043e\u043a\u0442\u043e\u0440\u0430\u043d\u0442\u0443\u0440\u0443. \u0421\u0432\u043e\u044e \u043f\u0435\u0440\u0432\u0443\u044e \u043f\u0440\u0430\u043a\u0442\u0438\u043a\u0443 \u043e\u043d \u043e\u0442\u043a\u0440\u044b\u043b \u0432 1989 \u0433\u043e\u0434\u0443. \u0412 1995 \u0433\u043e\u0434\u0443 \u043e\u043d \u043f\u043e\u043b\u0443\u0447\u0438\u043b \u0434\u043e\u043a\u0442\u043e\u0440\u0441\u043a\u0443\u044e \u0441\u0442\u0435\u043f\u0435\u043d\u044c. \u0412 \u043f\u0435\u0440\u0438\u043e\u0434 \u0441 2003 \u043f\u043e 2004 \u0433\u043e\u0434 \u043e\u043d \u0440\u0443\u043a\u043e\u0432\u043e\u0434\u0438\u043b \u0441\u0442\u043e\u043c\u0430\u0442\u043e\u043b\u043e\u0433\u0438\u0447\u0435\u0441\u043a\u043e\u0439 \u043a\u043b\u0438\u043d\u0438\u043a\u043e\u0439 \u0432 \u041c\u0435\u0436\u0434\u0443\u043d\u0430\u0440\u043e\u0434\u043d\u043e\u0439 \u0431\u043e\u043b\u044c\u043d\u0438\u0446\u0435.<\/p>\n\n\t\t<\/div> \n\t<\/div> <\/div><\/div><\/div><\/div><\/div><\/div><\/div><\/div><\/div><\/div><\/div><\/div><div class=\"text-column wpb_column vc_column_container vc_col-sm-6 vc_col-lg-5 vc_col-md-12\"><div class=\"vc_column-inner vc_custom_1547285370093\"><div class=\"wpb_wrapper\"><div class='q_elements_holder one_column responsive_mode_from_768' ><div class='q_elements_item' data-animation='no' data-item-class='q_elements_holder_custom_535774' style='background-color:#44d2c6;'><div class='q_elements_item_inner'><div class='q_elements_item_content q_elements_holder_custom_535774' style='padding:65px 65px 65px 65px'>\n\t<div class=\"wpb_text_column wpb_content_element\">\n\t\t<div class=\"wpb_wrapper\">\n\t\t\t<h2><span class=\"ez-toc-section\" id=\"Calisma_Saatleri\"><\/span><span style=\"color: #ffffff;\">\u0420\u0430\u0431\u043e\u0447\u0435\u0435 \u0432\u0440\u0435\u043c\u044f<\/span><span class=\"ez-toc-section-end\"><\/span><\/h2>\n\n\t\t<\/div> \n\t<\/div> \t<div class=\"vc_empty_space\"  style=\"height: 13px\" ><span\n\t\t\tclass=\"vc_empty_space_inner\">\n\t\t\t<span class=\"empty_space_image\"  ><\/span>\n\t\t<\/span><\/div>\n\n<div class=\"qode-advanced-pricing-list\">\n\t<div class=\"qode-apl-header\">\n\t\t<div class=\"qode-apl-title-holder\">\n\t\t\t<h3 class=\"qode-apl-title\" >\n\t\t\t\t\t\t\t<\/h3>\n\t\t<\/div>\n\t<\/div>\n\t<div class=\"qode-apl-items\">\n\t\t\t\t\t<div class=\"qode-apl-item\">\n\t\t\t\t<div class=\"qode-apl-item-top\">\n\t\t\t\t\t<p class=\"qode-apl-item-title\" style=\"color:#ffffff\">\n\t\t\t\t\t\t\u041f\u043e\u043d\u0435\u0434\u0435\u043b\u044c\u043d\u0438\u043a\t\t\t\t\t<\/p>\n\t\t\t\t\t<div class=\"qode-apl-line\" style=\"border-style:dotted;border-color:#ffffff\"><\/div>\n\t\t\t\t\t<p class=\"qode-apl-item-price\" style=\"color:#ffffff\">\n\t\t\t\t\t\t10:00\u201319:00\t\t\t\t\t<\/p>\n\t\t\t\t<\/div>\n\t\t\t\t\t\t\t<\/div>\n\t\t\t\t\t<div class=\"qode-apl-item\">\n\t\t\t\t<div class=\"qode-apl-item-top\">\n\t\t\t\t\t<p class=\"qode-apl-item-title\" style=\"color:#ffffff\">\n\t\t\t\t\t\t\u0412\u0442\u043e\u0440\u043d\u0438\u043a\t\t\t\t\t<\/p>\n\t\t\t\t\t<div class=\"qode-apl-line\" style=\"border-style:dotted;border-color:#ffffff\"><\/div>\n\t\t\t\t\t<p class=\"qode-apl-item-price\" style=\"color:#ffffff\">\n\t\t\t\t\t\t10:00\u201319:00\t\t\t\t\t<\/p>\n\t\t\t\t<\/div>\n\t\t\t\t\t\t\t<\/div>\n\t\t\t\t\t<div class=\"qode-apl-item\">\n\t\t\t\t<div class=\"qode-apl-item-top\">\n\t\t\t\t\t<p class=\"qode-apl-item-title\" style=\"color:#ffffff\">\n\t\t\t\t\t\t\u0421\u0440\u0435\u0434\u0430\t\t\t\t\t<\/p>\n\t\t\t\t\t<div class=\"qode-apl-line\" style=\"border-style:dotted;border-color:#ffffff\"><\/div>\n\t\t\t\t\t<p class=\"qode-apl-item-price\" style=\"color:#ffffff\">\n\t\t\t\t\t\t10:00\u201319:00\t\t\t\t\t<\/p>\n\t\t\t\t<\/div>\n\t\t\t\t\t\t\t<\/div>\n\t\t\t\t\t<div class=\"qode-apl-item\">\n\t\t\t\t<div class=\"qode-apl-item-top\">\n\t\t\t\t\t<p class=\"qode-apl-item-title\" style=\"color:#ffffff\">\n\t\t\t\t\t\t\u0427\u0435\u0442\u0432\u0435\u0440\u0433\t\t\t\t\t<\/p>\n\t\t\t\t\t<div class=\"qode-apl-line\" style=\"border-style:dotted;border-color:#ffffff\"><\/div>\n\t\t\t\t\t<p class=\"qode-apl-item-price\" style=\"color:#ffffff\">\n\t\t\t\t\t\t10:00\u201319:00\t\t\t\t\t<\/p>\n\t\t\t\t<\/div>\n\t\t\t\t\t\t\t<\/div>\n\t\t\t\t\t<div class=\"qode-apl-item\">\n\t\t\t\t<div class=\"qode-apl-item-top\">\n\t\t\t\t\t<p class=\"qode-apl-item-title\" style=\"color:#ffffff\">\n\t\t\t\t\t\t\u041f\u044f\u0442\u043d\u0438\u0446\u0430\t\t\t\t\t<\/p>\n\t\t\t\t\t<div class=\"qode-apl-line\" style=\"border-style:dotted;border-color:#ffffff\"><\/div>\n\t\t\t\t\t<p class=\"qode-apl-item-price\" style=\"color:#ffffff\">\n\t\t\t\t\t\t10:00\u201319:00\t\t\t\t\t<\/p>\n\t\t\t\t<\/div>\n\t\t\t\t\t\t\t<\/div>\n\t\t\t\t\t<div class=\"qode-apl-item\">\n\t\t\t\t<div class=\"qode-apl-item-top\">\n\t\t\t\t\t<p class=\"qode-apl-item-title\" style=\"color:#ffffff\">\n\t\t\t\t\t\t\u0421\u0443\u0431\u0431\u043e\u0442\u0430\t\t\t\t\t<\/p>\n\t\t\t\t\t<div class=\"qode-apl-line\" style=\"border-style:dotted;border-color:#ffffff\"><\/div>\n\t\t\t\t\t<p class=\"qode-apl-item-price\" style=\"color:#ffffff\">\n\t\t\t\t\t\t10:00\u201314:00\t\t\t\t\t<\/p>\n\t\t\t\t<\/div>\n\t\t\t\t\t\t\t<\/div>\n\t\t\t\t\t<div class=\"qode-apl-item\">\n\t\t\t\t<div class=\"qode-apl-item-top\">\n\t\t\t\t\t<p class=\"qode-apl-item-title\" style=\"color:#ffffff\">\n\t\t\t\t\t\t\u0412\u043e\u0441\u043a\u0440\u0435\u0441\u0435\u043d\u044c\u0435\t\t\t\t\t<\/p>\n\t\t\t\t\t<div class=\"qode-apl-line\" style=\"border-style:dotted;border-color:#ffffff\"><\/div>\n\t\t\t\t\t<p class=\"qode-apl-item-price\" style=\"color:#ffffff\">\n\t\t\t\t\t\t\u0417\u0430\u043a\u0440\u044b\u0442\u043e\t\t\t\t\t<\/p>\n\t\t\t\t<\/div>\n\t\t\t\t\t\t\t<\/div>\n\t\t\t<\/div>\n<\/div><\/div><\/div><\/div><\/div><\/div><\/div><\/div><\/div><\/div><\/div>\n<\/section>","protected":false},"excerpt":{"rendered":"Dt. Serpil Er\u00e7a\u011f Di\u015f Hekimi 1966 \u0130stanbul do\u011fumlu. 1988 y\u0131l\u0131nda \u0130stanbul \u00dcniversitesi Di\u015f Hekimli\u011fi Fak\u00fcltesinden mezun oldu. Ayn\u0131 y\u0131l Frans\u0131z...","protected":false},"author":1,"featured_media":0,"parent":0,"menu_order":0,"comment_status":"closed","ping_status":"closed","template":"full_width.php","meta":{"footnotes":""},"class_list":["post-214","page","type-page","status-publish","hentry"],"_links":{"self":[{"href":"https:\/\/ercagdis.com\/ru\/wp-json\/wp\/v2\/pages\/214","targetHints":{"allow":["GET"]}}],"collection":[{"href":"https:\/\/ercagdis.com\/ru\/wp-json\/wp\/v2\/pages"}],"about":[{"href":"https:\/\/ercagdis.com\/ru\/wp-json\/wp\/v2\/types\/page"}],"author":[{"embeddable":true,"href":"https:\/\/ercagdis.com\/ru\/wp-json\/wp\/v2\/users\/1"}],"replies":[{"embeddable":true,"href":"https:\/\/ercagdis.com\/ru\/wp-json\/wp\/v2\/comments?post=214"}],"version-history":[{"count":2,"href":"https:\/\/ercagdis.com\/ru\/wp-json\/wp\/v2\/pages\/214\/revisions"}],"predecessor-version":[{"id":8588,"href":"https:\/\/ercagdis.com\/ru\/wp-json\/wp\/v2\/pages\/214\/revisions\/8588"}],"wp:attachment":[{"href":"https:\/\/ercagdis.com\/ru\/wp-json\/wp\/v2\/media?parent=214"}],"curies":[{"name":"wp","href":"https:\/\/api.w.org\/{rel}","templated":true}]}}